{"id":12709,"date":"2026-04-14T07:33:20","date_gmt":"2026-04-14T05:33:20","guid":{"rendered":"https:\/\/ofertacular.com\/index.php\/producto\/napapijri-t-shirt\/"},"modified":"2026-04-14T07:33:20","modified_gmt":"2026-04-14T05:33:20","slug":"napapijri-t-shirt","status":"publish","type":"product","link":"https:\/\/ofertacular.com\/index.php\/producto\/napapijri-t-shirt\/","title":{"rendered":"Napapijri T-shirt"},"content":{"rendered":"<div class=\"oferta-container\">\n<p>\ud83d\udfe5 <b>SUPER OFERTA<\/b> \ud83d\udfe5 #Publicidad #Amazon #16<\/p>\n<p>\ud83d\udd34 <b>Camiseta Napapijri <\/b><\/p>\n<p>\u2705 <b>AHORA 11.71 \u20ac<\/b> \u2714\ufe0f\ud83d\udfe1<\/p>\n<p>\u274c Antes 37.00 \u20ac<\/p>\n<p>\ud83d\uded2: <a href=\"https:\/\/btz.es\/5qJY8w3\" target=\"_blank\" rel=\"nofollow noopener\">https:\/\/btz.es\/5qJY8w3<\/a><\/p>\n<p>Descubre la camiseta Napapijri, dise\u00f1ada para aquellos que buscan estilo y comodidad en una sola prenda. Confeccionada con materiales de alta calidad, esta camiseta ofrece un ajuste perfecto y duradero. Ideal para cualquier ocasi\u00f3n casual, refleja la autenticidad y el esp\u00edritu aventurero caracter\u00edsticos de la marca Napapijri. Optimizada para quienes valoran moda y funcionalidad, esta camiseta es una pieza imprescindible en tu guardarropa.<\/p>\n<\/p><\/div>\n","protected":false},"excerpt":{"rendered":"<p>\ud83d\udfe5 SUPER OFERTA \ud83d\udfe5 #Publicidad #Amazon #16 \ud83d\udd34 Camiseta Napapijri \u2705 AHORA 11.71 \u20ac \u2714\ufe0f\ud83d\udfe1 \u274c Antes 37.00 \u20ac \ud83d\uded2: https:\/\/btz.es\/5qJY8w3 Descubre la camiseta Napapijri, dise\u00f1ada para aquellos que buscan estilo y comodidad en una sola prenda. Confeccionada con materiales de alta calidad, esta camiseta ofrece un ajuste perfecto y duradero. Ideal para cualquier ocasi\u00f3n [&hellip;]<\/p>\n","protected":false},"featured_media":12708,"template":"","meta":{"_gspb_post_css":""},"store":[],"product_brand":[],"product_cat":[16],"product_tag":[],"class_list":{"0":"post-12709","1":"product","2":"type-product","3":"status-publish","4":"has-post-thumbnail","6":"product_cat-sin-categorizar","8":"first","9":"instock","10":"sale","11":"shipping-taxable","12":"product-type-external"},"jetpack_sharing_enabled":true,"_links":{"self":[{"href":"https:\/\/ofertacular.com\/index.php\/wp-json\/wp\/v2\/product\/12709","targetHints":{"allow":["GET"]}}],"collection":[{"href":"https:\/\/ofertacular.com\/index.php\/wp-json\/wp\/v2\/product"}],"about":[{"href":"https:\/\/ofertacular.com\/index.php\/wp-json\/wp\/v2\/types\/product"}],"wp:featuredmedia":[{"embeddable":true,"href":"https:\/\/ofertacular.com\/index.php\/wp-json\/wp\/v2\/media\/12708"}],"wp:attachment":[{"href":"https:\/\/ofertacular.com\/index.php\/wp-json\/wp\/v2\/media?parent=12709"}],"wp:term":[{"taxonomy":"store","embeddable":true,"href":"https:\/\/ofertacular.com\/index.php\/wp-json\/wp\/v2\/store?post=12709"},{"taxonomy":"product_brand","embeddable":true,"href":"https:\/\/ofertacular.com\/index.php\/wp-json\/wp\/v2\/product_brand?post=12709"},{"taxonomy":"product_cat","embeddable":true,"href":"https:\/\/ofertacular.com\/index.php\/wp-json\/wp\/v2\/product_cat?post=12709"},{"taxonomy":"product_tag","embeddable":true,"href":"https:\/\/ofertacular.com\/index.php\/wp-json\/wp\/v2\/product_tag?post=12709"}],"curies":[{"name":"wp","href":"https:\/\/api.w.org\/{rel}","templated":true}]}}