{"id":12723,"date":"2026-04-14T08:14:22","date_gmt":"2026-04-14T06:14:22","guid":{"rendered":"https:\/\/ofertacular.com\/index.php\/producto\/camisetas-hombre-2\/"},"modified":"2026-04-14T08:14:22","modified_gmt":"2026-04-14T06:14:22","slug":"camisetas-hombre-2","status":"publish","type":"product","link":"https:\/\/ofertacular.com\/index.php\/producto\/camisetas-hombre-2\/","title":{"rendered":"Camisetas Hombre"},"content":{"rendered":"<div class=\"oferta-container\">\n<p>\ud83d\udfe5 <b>\u00a1OFERTA ESPECIAL!<\/b> \ud83d\udfe5 #Publicidad #Amazon #16<\/p>\n<p>\ud83d\udd34 <b>Camisetas Hombre <\/b><\/p>\n<p>\u2705 <b>AHORA 0.87 \u20ac<\/b> \u2714\ufe0f\ud83d\udfe1<\/p>\n<p>\u274c Antes <\/p>\n<p>\ud83d\uded2: <a href=\"https:\/\/btz.es\/5qKiSIM\" target=\"_blank\" rel=\"nofollow noopener\">https:\/\/btz.es\/5qKiSIM<\/a><\/p>\n<p>Descubre nuestra exclusiva colecci\u00f3n de camisetas para hombre, dise\u00f1adas para ofrecer la m\u00e1xima comodidad y estilo en cualquier ocasi\u00f3n. Confeccionadas con materiales de alta calidad, nuestras camisetas combinan a la perfecci\u00f3n moda y durabilidad, siendo ideales para el d\u00eda a d\u00eda o eventos casuales. Encuentra la camiseta perfecta que realce tu outfit y te haga sentir seguro y a la moda.<\/p>\n<\/p><\/div>\n","protected":false},"excerpt":{"rendered":"<p>\ud83d\udfe5 \u00a1OFERTA ESPECIAL! \ud83d\udfe5 #Publicidad #Amazon #16 \ud83d\udd34 Camisetas Hombre \u2705 AHORA 0.87 \u20ac \u2714\ufe0f\ud83d\udfe1 \u274c Antes \ud83d\uded2: https:\/\/btz.es\/5qKiSIM Descubre nuestra exclusiva colecci\u00f3n de camisetas para hombre, dise\u00f1adas para ofrecer la m\u00e1xima comodidad y estilo en cualquier ocasi\u00f3n. Confeccionadas con materiales de alta calidad, nuestras camisetas combinan a la perfecci\u00f3n moda y durabilidad, siendo ideales [&hellip;]<\/p>\n","protected":false},"featured_media":12722,"template":"","meta":{"_gspb_post_css":""},"store":[],"product_brand":[],"product_cat":[16],"product_tag":[],"class_list":{"0":"post-12723","1":"product","2":"type-product","3":"status-publish","4":"has-post-thumbnail","6":"product_cat-sin-categorizar","8":"first","9":"instock","10":"shipping-taxable","11":"product-type-external"},"jetpack_sharing_enabled":true,"_links":{"self":[{"href":"https:\/\/ofertacular.com\/index.php\/wp-json\/wp\/v2\/product\/12723","targetHints":{"allow":["GET"]}}],"collection":[{"href":"https:\/\/ofertacular.com\/index.php\/wp-json\/wp\/v2\/product"}],"about":[{"href":"https:\/\/ofertacular.com\/index.php\/wp-json\/wp\/v2\/types\/product"}],"wp:featuredmedia":[{"embeddable":true,"href":"https:\/\/ofertacular.com\/index.php\/wp-json\/wp\/v2\/media\/12722"}],"wp:attachment":[{"href":"https:\/\/ofertacular.com\/index.php\/wp-json\/wp\/v2\/media?parent=12723"}],"wp:term":[{"taxonomy":"store","embeddable":true,"href":"https:\/\/ofertacular.com\/index.php\/wp-json\/wp\/v2\/store?post=12723"},{"taxonomy":"product_brand","embeddable":true,"href":"https:\/\/ofertacular.com\/index.php\/wp-json\/wp\/v2\/product_brand?post=12723"},{"taxonomy":"product_cat","embeddable":true,"href":"https:\/\/ofertacular.com\/index.php\/wp-json\/wp\/v2\/product_cat?post=12723"},{"taxonomy":"product_tag","embeddable":true,"href":"https:\/\/ofertacular.com\/index.php\/wp-json\/wp\/v2\/product_tag?post=12723"}],"curies":[{"name":"wp","href":"https:\/\/api.w.org\/{rel}","templated":true}]}}