{"id":12759,"date":"2026-04-15T07:48:25","date_gmt":"2026-04-15T05:48:25","guid":{"rendered":"https:\/\/ofertacular.com\/index.php\/producto\/speedo-swimwear\/"},"modified":"2026-04-15T07:48:25","modified_gmt":"2026-04-15T05:48:25","slug":"speedo-swimwear","status":"publish","type":"product","link":"https:\/\/ofertacular.com\/index.php\/producto\/speedo-swimwear\/","title":{"rendered":"Speedo Swimwear"},"content":{"rendered":"<div class=\"oferta-container\">\n<p>\ud83d\udfe5 <b>\u00a1OFERTA ESPECIAL!<\/b> \ud83d\udfe5 #Publicidad #Amazon #16<\/p>\n<p>\ud83d\udd34 <b>Traje nataci\u00f3n <\/b><\/p>\n<p>\u2705 <b>AHORA 12.44 \u20ac<\/b> \u2714\ufe0f\ud83d\udfe1<\/p>\n<p>\u274c Antes 30.00 \u20ac<\/p>\n<p>\ud83d\uded2: <a href=\"https:\/\/btz.es\/5qPSRAs\" target=\"_blank\" rel=\"nofollow noopener\">https:\/\/btz.es\/5qPSRAs<\/a><\/p>\n<p>Descubre la m\u00e1xima comodidad y rendimiento con el traje de nataci\u00f3n Speedo, dise\u00f1ado para ofrecer durabilidad y un ajuste perfecto en cada brazada. Ideal para nadadores profesionales y aficionados, este swimwear combina tecnolog\u00eda avanzada y estilo moderno para mejorar tu experiencia en el agua. Optimizado para resistencia al cloro y secado r\u00e1pido, es la elecci\u00f3n perfecta para entrenamientos y competiciones. Compra ahora el traje de nataci\u00f3n Speedo y lleva tu entrenamiento al siguiente nivel.<\/p>\n<\/p><\/div>\n","protected":false},"excerpt":{"rendered":"<p>\ud83d\udfe5 \u00a1OFERTA ESPECIAL! \ud83d\udfe5 #Publicidad #Amazon #16 \ud83d\udd34 Traje nataci\u00f3n \u2705 AHORA 12.44 \u20ac \u2714\ufe0f\ud83d\udfe1 \u274c Antes 30.00 \u20ac \ud83d\uded2: https:\/\/btz.es\/5qPSRAs Descubre la m\u00e1xima comodidad y rendimiento con el traje de nataci\u00f3n Speedo, dise\u00f1ado para ofrecer durabilidad y un ajuste perfecto en cada brazada. Ideal para nadadores profesionales y aficionados, este swimwear combina tecnolog\u00eda avanzada [&hellip;]<\/p>\n","protected":false},"featured_media":12758,"template":"","meta":{"_gspb_post_css":""},"store":[],"product_brand":[],"product_cat":[16],"product_tag":[],"class_list":{"0":"post-12759","1":"product","2":"type-product","3":"status-publish","4":"has-post-thumbnail","6":"product_cat-sin-categorizar","8":"first","9":"instock","10":"sale","11":"shipping-taxable","12":"product-type-external"},"jetpack_sharing_enabled":true,"_links":{"self":[{"href":"https:\/\/ofertacular.com\/index.php\/wp-json\/wp\/v2\/product\/12759","targetHints":{"allow":["GET"]}}],"collection":[{"href":"https:\/\/ofertacular.com\/index.php\/wp-json\/wp\/v2\/product"}],"about":[{"href":"https:\/\/ofertacular.com\/index.php\/wp-json\/wp\/v2\/types\/product"}],"wp:featuredmedia":[{"embeddable":true,"href":"https:\/\/ofertacular.com\/index.php\/wp-json\/wp\/v2\/media\/12758"}],"wp:attachment":[{"href":"https:\/\/ofertacular.com\/index.php\/wp-json\/wp\/v2\/media?parent=12759"}],"wp:term":[{"taxonomy":"store","embeddable":true,"href":"https:\/\/ofertacular.com\/index.php\/wp-json\/wp\/v2\/store?post=12759"},{"taxonomy":"product_brand","embeddable":true,"href":"https:\/\/ofertacular.com\/index.php\/wp-json\/wp\/v2\/product_brand?post=12759"},{"taxonomy":"product_cat","embeddable":true,"href":"https:\/\/ofertacular.com\/index.php\/wp-json\/wp\/v2\/product_cat?post=12759"},{"taxonomy":"product_tag","embeddable":true,"href":"https:\/\/ofertacular.com\/index.php\/wp-json\/wp\/v2\/product_tag?post=12759"}],"curies":[{"name":"wp","href":"https:\/\/api.w.org\/{rel}","templated":true}]}}