{"id":12801,"date":"2026-04-16T08:09:11","date_gmt":"2026-04-16T06:09:11","guid":{"rendered":"https:\/\/ofertacular.com\/index.php\/producto\/gominolas-multivitaminas\/"},"modified":"2026-04-16T08:09:11","modified_gmt":"2026-04-16T06:09:11","slug":"gominolas-multivitaminas","status":"publish","type":"product","link":"https:\/\/ofertacular.com\/index.php\/producto\/gominolas-multivitaminas\/","title":{"rendered":"Gominolas multivitaminas"},"content":{"rendered":"<div class=\"oferta-container\">\n<p>\ud83d\udfe5 <b>\u00a1APROVECHA!<\/b> \ud83d\udfe5 #Publicidad #Amazon #16<\/p>\n<p>\ud83d\udd34 <b>Gominolas Multivitam\u00ednicas <\/b><\/p>\n<p>\u2705 <b>AHORA 9.49 \u20ac<\/b> \u2714\ufe0f\ud83d\udfe1<\/p>\n<p>\u274c Antes 15.90 \u20ac<\/p>\n<p>\ud83d\uded2: <a href=\"https:\/\/btz.es\/5qVODmK\" target=\"_blank\" rel=\"nofollow noopener\">https:\/\/btz.es\/5qVODmK<\/a><\/p>\n<p>Disfruta de las Gominolas Multivitam\u00ednicas, una deliciosa forma de complementar tu dieta diaria con vitaminas esenciales para tu bienestar. Estas gominolas est\u00e1n formuladas para apoyar tu sistema inmunol\u00f3gico, aumentar tu energ\u00eda y mejorar tu salud general. Perfectas para toda la familia, combinan sabor y nutrici\u00f3n en cada bocado. Incorpora estas gominolas multivitam\u00ednicas en tu rutina diaria y siente la diferencia en tu vitalidad y salud.<\/p>\n<\/p><\/div>\n","protected":false},"excerpt":{"rendered":"<p>\ud83d\udfe5 \u00a1APROVECHA! \ud83d\udfe5 #Publicidad #Amazon #16 \ud83d\udd34 Gominolas Multivitam\u00ednicas \u2705 AHORA 9.49 \u20ac \u2714\ufe0f\ud83d\udfe1 \u274c Antes 15.90 \u20ac \ud83d\uded2: https:\/\/btz.es\/5qVODmK Disfruta de las Gominolas Multivitam\u00ednicas, una deliciosa forma de complementar tu dieta diaria con vitaminas esenciales para tu bienestar. Estas gominolas est\u00e1n formuladas para apoyar tu sistema inmunol\u00f3gico, aumentar tu energ\u00eda y mejorar tu salud [&hellip;]<\/p>\n","protected":false},"featured_media":12800,"template":"","meta":{"_gspb_post_css":""},"store":[],"product_brand":[],"product_cat":[16],"product_tag":[],"class_list":{"0":"post-12801","1":"product","2":"type-product","3":"status-publish","4":"has-post-thumbnail","6":"product_cat-sin-categorizar","8":"first","9":"instock","10":"sale","11":"shipping-taxable","12":"product-type-external"},"jetpack_sharing_enabled":true,"_links":{"self":[{"href":"https:\/\/ofertacular.com\/index.php\/wp-json\/wp\/v2\/product\/12801","targetHints":{"allow":["GET"]}}],"collection":[{"href":"https:\/\/ofertacular.com\/index.php\/wp-json\/wp\/v2\/product"}],"about":[{"href":"https:\/\/ofertacular.com\/index.php\/wp-json\/wp\/v2\/types\/product"}],"wp:featuredmedia":[{"embeddable":true,"href":"https:\/\/ofertacular.com\/index.php\/wp-json\/wp\/v2\/media\/12800"}],"wp:attachment":[{"href":"https:\/\/ofertacular.com\/index.php\/wp-json\/wp\/v2\/media?parent=12801"}],"wp:term":[{"taxonomy":"store","embeddable":true,"href":"https:\/\/ofertacular.com\/index.php\/wp-json\/wp\/v2\/store?post=12801"},{"taxonomy":"product_brand","embeddable":true,"href":"https:\/\/ofertacular.com\/index.php\/wp-json\/wp\/v2\/product_brand?post=12801"},{"taxonomy":"product_cat","embeddable":true,"href":"https:\/\/ofertacular.com\/index.php\/wp-json\/wp\/v2\/product_cat?post=12801"},{"taxonomy":"product_tag","embeddable":true,"href":"https:\/\/ofertacular.com\/index.php\/wp-json\/wp\/v2\/product_tag?post=12801"}],"curies":[{"name":"wp","href":"https:\/\/api.w.org\/{rel}","templated":true}]}}