{"id":12813,"date":"2026-04-16T10:00:28","date_gmt":"2026-04-16T08:00:28","guid":{"rendered":"https:\/\/ofertacular.com\/index.php\/producto\/puma-tenis\/"},"modified":"2026-04-16T10:00:28","modified_gmt":"2026-04-16T08:00:28","slug":"puma-tenis","status":"publish","type":"product","link":"https:\/\/ofertacular.com\/index.php\/producto\/puma-tenis\/","title":{"rendered":"Puma Tenis"},"content":{"rendered":"<div class=\"oferta-container\">\n<p>\ud83d\udfe5 <b>\u00a1NO TE LA PIERDAS!<\/b> \ud83d\udfe5 #Publicidad #Amazon #16<\/p>\n<p>\ud83d\udd34 <b>Tenis Puma <\/b><\/p>\n<p>\u2705 <b>AHORA 39 \u20ac<\/b> \u2714\ufe0f\ud83d\udfe1<\/p>\n<p>\u274c Antes 64.95 \u20ac<\/p>\n<p>\ud83d\uded2: <a href=\"https:\/\/btz.es\/5qWqEhP\" target=\"_blank\" rel=\"nofollow noopener\">https:\/\/btz.es\/5qWqEhP<\/a><\/p>\n<p>Explora la excelencia en calzado deportivo con los Tenis Puma, dise\u00f1ados para brindar comodidad, estilo y durabilidad. Perfectos para deportistas y amantes del estilo urbano, estos tenis combinan tecnolog\u00eda avanzada y dise\u00f1o innovador para potenciar tu rendimiento y complementar cualquier outfit. Descubre por qu\u00e9 Puma es l\u00edder mundial en moda y deporte, y eleva tu experiencia con nuestros exclusivos tenis Puma.<\/p>\n<\/p><\/div>\n","protected":false},"excerpt":{"rendered":"<p>\ud83d\udfe5 \u00a1NO TE LA PIERDAS! \ud83d\udfe5 #Publicidad #Amazon #16 \ud83d\udd34 Tenis Puma \u2705 AHORA 39 \u20ac \u2714\ufe0f\ud83d\udfe1 \u274c Antes 64.95 \u20ac \ud83d\uded2: https:\/\/btz.es\/5qWqEhP Explora la excelencia en calzado deportivo con los Tenis Puma, dise\u00f1ados para brindar comodidad, estilo y durabilidad. Perfectos para deportistas y amantes del estilo urbano, estos tenis combinan tecnolog\u00eda avanzada y dise\u00f1o [&hellip;]<\/p>\n","protected":false},"featured_media":12812,"template":"","meta":{"_gspb_post_css":""},"store":[],"product_brand":[],"product_cat":[16],"product_tag":[],"class_list":{"0":"post-12813","1":"product","2":"type-product","3":"status-publish","4":"has-post-thumbnail","6":"product_cat-sin-categorizar","8":"first","9":"instock","10":"sale","11":"shipping-taxable","12":"product-type-external"},"jetpack_sharing_enabled":true,"_links":{"self":[{"href":"https:\/\/ofertacular.com\/index.php\/wp-json\/wp\/v2\/product\/12813","targetHints":{"allow":["GET"]}}],"collection":[{"href":"https:\/\/ofertacular.com\/index.php\/wp-json\/wp\/v2\/product"}],"about":[{"href":"https:\/\/ofertacular.com\/index.php\/wp-json\/wp\/v2\/types\/product"}],"wp:featuredmedia":[{"embeddable":true,"href":"https:\/\/ofertacular.com\/index.php\/wp-json\/wp\/v2\/media\/12812"}],"wp:attachment":[{"href":"https:\/\/ofertacular.com\/index.php\/wp-json\/wp\/v2\/media?parent=12813"}],"wp:term":[{"taxonomy":"store","embeddable":true,"href":"https:\/\/ofertacular.com\/index.php\/wp-json\/wp\/v2\/store?post=12813"},{"taxonomy":"product_brand","embeddable":true,"href":"https:\/\/ofertacular.com\/index.php\/wp-json\/wp\/v2\/product_brand?post=12813"},{"taxonomy":"product_cat","embeddable":true,"href":"https:\/\/ofertacular.com\/index.php\/wp-json\/wp\/v2\/product_cat?post=12813"},{"taxonomy":"product_tag","embeddable":true,"href":"https:\/\/ofertacular.com\/index.php\/wp-json\/wp\/v2\/product_tag?post=12813"}],"curies":[{"name":"wp","href":"https:\/\/api.w.org\/{rel}","templated":true}]}}