{"id":12837,"date":"2026-04-17T08:31:37","date_gmt":"2026-04-17T06:31:37","guid":{"rendered":"https:\/\/ofertacular.com\/index.php\/producto\/tcl-qled-tv-4\/"},"modified":"2026-04-17T08:31:37","modified_gmt":"2026-04-17T06:31:37","slug":"tcl-qled-tv-4","status":"publish","type":"product","link":"https:\/\/ofertacular.com\/index.php\/producto\/tcl-qled-tv-4\/","title":{"rendered":"TCL QLED TV"},"content":{"rendered":"<div class=\"oferta-container\">\n<p>\ud83d\udfe5 <b>SUPER OFERTA<\/b> \ud83d\udfe5 #Publicidad #Amazon #16<\/p>\n<p>\ud83d\udd34 <b>TV QLED <\/b><\/p>\n<p>\u2705 <b>AHORA 446.84 \u20ac<\/b> \u2714\ufe0f\ud83d\udfe1<\/p>\n<p>\u274c Antes 499.00 \u20ac<\/p>\n<p>\ud83d\uded2: <a href=\"https:\/\/btz.es\/5rbKOjy\" target=\"_blank\" rel=\"nofollow noopener\">https:\/\/btz.es\/5rbKOjy<\/a><\/p>\n<p>Descubre la impresionante calidad visual y el vibrante color de la TV QLED de TCL. Dise\u00f1ada para ofrecer una experiencia inmersiva, esta televisi\u00f3n combina tecnolog\u00eda avanzada y dise\u00f1o elegante, perfecta para tu entretenimiento en casa. No pierdas la oportunidad de disfrutar contenido en alta definici\u00f3n con un rendimiento excepcional y durabilidad garantizada.<\/p>\n<\/p><\/div>\n","protected":false},"excerpt":{"rendered":"<p>\ud83d\udfe5 SUPER OFERTA \ud83d\udfe5 #Publicidad #Amazon #16 \ud83d\udd34 TV QLED \u2705 AHORA 446.84 \u20ac \u2714\ufe0f\ud83d\udfe1 \u274c Antes 499.00 \u20ac \ud83d\uded2: https:\/\/btz.es\/5rbKOjy Descubre la impresionante calidad visual y el vibrante color de la TV QLED de TCL. Dise\u00f1ada para ofrecer una experiencia inmersiva, esta televisi\u00f3n combina tecnolog\u00eda avanzada y dise\u00f1o elegante, perfecta para tu entretenimiento en [&hellip;]<\/p>\n","protected":false},"featured_media":12836,"template":"","meta":{"_gspb_post_css":""},"store":[],"product_brand":[],"product_cat":[16],"product_tag":[],"class_list":{"0":"post-12837","1":"product","2":"type-product","3":"status-publish","4":"has-post-thumbnail","6":"product_cat-sin-categorizar","8":"first","9":"instock","10":"sale","11":"shipping-taxable","12":"product-type-external"},"jetpack_sharing_enabled":true,"_links":{"self":[{"href":"https:\/\/ofertacular.com\/index.php\/wp-json\/wp\/v2\/product\/12837","targetHints":{"allow":["GET"]}}],"collection":[{"href":"https:\/\/ofertacular.com\/index.php\/wp-json\/wp\/v2\/product"}],"about":[{"href":"https:\/\/ofertacular.com\/index.php\/wp-json\/wp\/v2\/types\/product"}],"wp:featuredmedia":[{"embeddable":true,"href":"https:\/\/ofertacular.com\/index.php\/wp-json\/wp\/v2\/media\/12836"}],"wp:attachment":[{"href":"https:\/\/ofertacular.com\/index.php\/wp-json\/wp\/v2\/media?parent=12837"}],"wp:term":[{"taxonomy":"store","embeddable":true,"href":"https:\/\/ofertacular.com\/index.php\/wp-json\/wp\/v2\/store?post=12837"},{"taxonomy":"product_brand","embeddable":true,"href":"https:\/\/ofertacular.com\/index.php\/wp-json\/wp\/v2\/product_brand?post=12837"},{"taxonomy":"product_cat","embeddable":true,"href":"https:\/\/ofertacular.com\/index.php\/wp-json\/wp\/v2\/product_cat?post=12837"},{"taxonomy":"product_tag","embeddable":true,"href":"https:\/\/ofertacular.com\/index.php\/wp-json\/wp\/v2\/product_tag?post=12837"}],"curies":[{"name":"wp","href":"https:\/\/api.w.org\/{rel}","templated":true}]}}