{"id":12839,"date":"2026-04-17T08:33:27","date_gmt":"2026-04-17T06:33:27","guid":{"rendered":"https:\/\/ofertacular.com\/index.php\/producto\/arwen-coronation\/"},"modified":"2026-04-17T08:33:27","modified_gmt":"2026-04-17T06:33:27","slug":"arwen-coronation","status":"publish","type":"product","link":"https:\/\/ofertacular.com\/index.php\/producto\/arwen-coronation\/","title":{"rendered":"Arwen Coronation"},"content":{"rendered":"<div class=\"oferta-container\">\ud83d\udfea <b>FUNKO CHOLLO<\/b> \ud83d\udfea #Publicidad #Amazon\ud83d\udfe3 <b> Funko POP! Lord of the Rings Arwen Coronation<\/b> \u2705 <b>AHORA 12.74 \u20ac<\/b> \u2714\ufe0f\ud83d\udfe1\u274c Antes 16.00 \u20ac \u20ac \ud83d\uded2: https:\/\/btz.es\/5rbLq3E\ud83d\udfe2 Ofertacular.com<\/p>\n<p>Descubre el Funko POP! de Arwen Coronation, una pieza imprescindible para los fan\u00e1ticos de El Se\u00f1or de los Anillos. Esta figura de vinilo captura el momento ic\u00f3nico de la coronaci\u00f3n de Arwen, perfecta para coleccionistas y amantes de la fantas\u00eda. A\u00f1ade a tu colecci\u00f3n esta emblem\u00e1tica representaci\u00f3n que combina dise\u00f1o detallado y calidad superior. Aprovecha esta oportunidad para que tu vitrina brille con la magia de la Tierra Media. Ideal para regalar a seguidores de la saga y para exhibir con orgullo en tu espacio.<\/p>\n<\/div>\n","protected":false},"excerpt":{"rendered":"<p>\ud83d\udfea FUNKO CHOLLO \ud83d\udfea #Publicidad #Amazon\ud83d\udfe3 Funko POP! Lord of the Rings Arwen Coronation \u2705 AHORA 12.74 \u20ac \u2714\ufe0f\ud83d\udfe1\u274c Antes 16.00 \u20ac \u20ac \ud83d\uded2: https:\/\/btz.es\/5rbLq3E\ud83d\udfe2 Ofertacular.com Descubre el Funko POP! de Arwen Coronation, una pieza imprescindible para los fan\u00e1ticos de El Se\u00f1or de los Anillos. Esta figura de vinilo captura el momento ic\u00f3nico de la [&hellip;]<\/p>\n","protected":false},"featured_media":12838,"template":"","meta":{"_gspb_post_css":""},"store":[],"product_brand":[],"product_cat":[16],"product_tag":[],"class_list":{"0":"post-12839","1":"product","2":"type-product","3":"status-publish","4":"has-post-thumbnail","6":"product_cat-sin-categorizar","8":"first","9":"instock","10":"sale","11":"shipping-taxable","12":"product-type-external"},"jetpack_sharing_enabled":true,"_links":{"self":[{"href":"https:\/\/ofertacular.com\/index.php\/wp-json\/wp\/v2\/product\/12839","targetHints":{"allow":["GET"]}}],"collection":[{"href":"https:\/\/ofertacular.com\/index.php\/wp-json\/wp\/v2\/product"}],"about":[{"href":"https:\/\/ofertacular.com\/index.php\/wp-json\/wp\/v2\/types\/product"}],"wp:featuredmedia":[{"embeddable":true,"href":"https:\/\/ofertacular.com\/index.php\/wp-json\/wp\/v2\/media\/12838"}],"wp:attachment":[{"href":"https:\/\/ofertacular.com\/index.php\/wp-json\/wp\/v2\/media?parent=12839"}],"wp:term":[{"taxonomy":"store","embeddable":true,"href":"https:\/\/ofertacular.com\/index.php\/wp-json\/wp\/v2\/store?post=12839"},{"taxonomy":"product_brand","embeddable":true,"href":"https:\/\/ofertacular.com\/index.php\/wp-json\/wp\/v2\/product_brand?post=12839"},{"taxonomy":"product_cat","embeddable":true,"href":"https:\/\/ofertacular.com\/index.php\/wp-json\/wp\/v2\/product_cat?post=12839"},{"taxonomy":"product_tag","embeddable":true,"href":"https:\/\/ofertacular.com\/index.php\/wp-json\/wp\/v2\/product_tag?post=12839"}],"curies":[{"name":"wp","href":"https:\/\/api.w.org\/{rel}","templated":true}]}}