{"id":12877,"date":"2026-04-20T11:31:43","date_gmt":"2026-04-20T09:31:43","guid":{"rendered":"https:\/\/ofertacular.com\/index.php\/producto\/banador-moderno-3\/"},"modified":"2026-04-20T11:31:43","modified_gmt":"2026-04-20T09:31:43","slug":"banador-moderno-3","status":"publish","type":"product","link":"https:\/\/ofertacular.com\/index.php\/producto\/banador-moderno-3\/","title":{"rendered":"Ba\u00f1ador Moderno"},"content":{"rendered":"<div class=\"oferta-container\">\n<p>\ud83d\udfe5 <b>CHOLLAZO<\/b> \ud83d\udfe5 #Publicidad #Amazon #16<\/p>\n<p>\ud83d\udd34 <b>Ba\u00f1ador Moderno <\/b><\/p>\n<p>\u2705 <b>AHORA 11.37 \u20ac<\/b> \u2714\ufe0f\ud83d\udfe1<\/p>\n<p>\u274c Antes 22.90 \u20ac<\/p>\n<p>\ud83d\uded2: <a href=\"https:\/\/btz.es\/5rubIPa\" target=\"_blank\" rel=\"nofollow noopener\">https:\/\/btz.es\/5rubIPa<\/a><\/p>\n<p>Descubre la nueva colecci\u00f3n de ba\u00f1adores modernos, dise\u00f1ados para combinar estilo y comodidad en cada instante de tus d\u00edas de playa o piscina. Fabricados con materiales de alta calidad que garantizan durabilidad y un ajuste perfecto, nuestros ba\u00f1adores son la elecci\u00f3n ideal para quienes buscan destacar con elegancia y funcionalidad. Aprovecha esta oferta exclusiva y renueva tu vestuario acu\u00e1tico con tendencias que marcan la diferencia.<\/p>\n<\/p><\/div>\n","protected":false},"excerpt":{"rendered":"<p>\ud83d\udfe5 CHOLLAZO \ud83d\udfe5 #Publicidad #Amazon #16 \ud83d\udd34 Ba\u00f1ador Moderno \u2705 AHORA 11.37 \u20ac \u2714\ufe0f\ud83d\udfe1 \u274c Antes 22.90 \u20ac \ud83d\uded2: https:\/\/btz.es\/5rubIPa Descubre la nueva colecci\u00f3n de ba\u00f1adores modernos, dise\u00f1ados para combinar estilo y comodidad en cada instante de tus d\u00edas de playa o piscina. Fabricados con materiales de alta calidad que garantizan durabilidad y un ajuste [&hellip;]<\/p>\n","protected":false},"featured_media":12876,"template":"","meta":{"_gspb_post_css":""},"store":[],"product_brand":[],"product_cat":[16],"product_tag":[],"class_list":{"0":"post-12877","1":"product","2":"type-product","3":"status-publish","4":"has-post-thumbnail","6":"product_cat-sin-categorizar","8":"first","9":"instock","10":"sale","11":"shipping-taxable","12":"product-type-external"},"jetpack_sharing_enabled":true,"_links":{"self":[{"href":"https:\/\/ofertacular.com\/index.php\/wp-json\/wp\/v2\/product\/12877","targetHints":{"allow":["GET"]}}],"collection":[{"href":"https:\/\/ofertacular.com\/index.php\/wp-json\/wp\/v2\/product"}],"about":[{"href":"https:\/\/ofertacular.com\/index.php\/wp-json\/wp\/v2\/types\/product"}],"wp:featuredmedia":[{"embeddable":true,"href":"https:\/\/ofertacular.com\/index.php\/wp-json\/wp\/v2\/media\/12876"}],"wp:attachment":[{"href":"https:\/\/ofertacular.com\/index.php\/wp-json\/wp\/v2\/media?parent=12877"}],"wp:term":[{"taxonomy":"store","embeddable":true,"href":"https:\/\/ofertacular.com\/index.php\/wp-json\/wp\/v2\/store?post=12877"},{"taxonomy":"product_brand","embeddable":true,"href":"https:\/\/ofertacular.com\/index.php\/wp-json\/wp\/v2\/product_brand?post=12877"},{"taxonomy":"product_cat","embeddable":true,"href":"https:\/\/ofertacular.com\/index.php\/wp-json\/wp\/v2\/product_cat?post=12877"},{"taxonomy":"product_tag","embeddable":true,"href":"https:\/\/ofertacular.com\/index.php\/wp-json\/wp\/v2\/product_tag?post=12877"}],"curies":[{"name":"wp","href":"https:\/\/api.w.org\/{rel}","templated":true}]}}