{"id":12879,"date":"2026-04-20T11:52:51","date_gmt":"2026-04-20T09:52:51","guid":{"rendered":"https:\/\/ofertacular.com\/index.php\/producto\/cybex-solution-2\/"},"modified":"2026-04-20T11:52:51","modified_gmt":"2026-04-20T09:52:51","slug":"cybex-solution-2","status":"publish","type":"product","link":"https:\/\/ofertacular.com\/index.php\/producto\/cybex-solution-2\/","title":{"rendered":"Cybex Solution"},"content":{"rendered":"<div class=\"oferta-container\">\n<p>\ud83d\udfe5 <b>ES UN CHOLL\u00d3N<\/b> \ud83d\udfe5 #Publicidad #Amazon #16<\/p>\n<p>\ud83d\udd34 <b>Silla auto <\/b><\/p>\n<p>\u2705 <b>AHORA 89.09 \u20ac<\/b> \u2714\ufe0f\ud83d\udfe1<\/p>\n<p>\u274c Antes <\/p>\n<p>\ud83d\uded2: <a href=\"https:\/\/btz.es\/5ruhc9g\" target=\"_blank\" rel=\"nofollow noopener\">https:\/\/btz.es\/5ruhc9g<\/a><\/p>\n<p>La Cybex Solution es una silla de auto infantil dise\u00f1ada para ofrecer m\u00e1xima seguridad y confort en cada viaje. Cuenta con caracter\u00edsticas avanzadas como protecci\u00f3n lateral optimizada y ajuste ergon\u00f3mico para adaptarse al crecimiento del ni\u00f1o. Fabricada con materiales de alta calidad y tecnolog\u00eda innovadora, garantiza la mejor sujeci\u00f3n y comodidad, siendo la opci\u00f3n ideal para padres que buscan seguridad y estilo en un solo producto.<\/p>\n<\/p><\/div>\n","protected":false},"excerpt":{"rendered":"<p>\ud83d\udfe5 ES UN CHOLL\u00d3N \ud83d\udfe5 #Publicidad #Amazon #16 \ud83d\udd34 Silla auto \u2705 AHORA 89.09 \u20ac \u2714\ufe0f\ud83d\udfe1 \u274c Antes \ud83d\uded2: https:\/\/btz.es\/5ruhc9g La Cybex Solution es una silla de auto infantil dise\u00f1ada para ofrecer m\u00e1xima seguridad y confort en cada viaje. Cuenta con caracter\u00edsticas avanzadas como protecci\u00f3n lateral optimizada y ajuste ergon\u00f3mico para adaptarse al crecimiento del [&hellip;]<\/p>\n","protected":false},"featured_media":12878,"template":"","meta":{"_gspb_post_css":""},"store":[],"product_brand":[],"product_cat":[16],"product_tag":[],"class_list":{"0":"post-12879","1":"product","2":"type-product","3":"status-publish","4":"has-post-thumbnail","6":"product_cat-sin-categorizar","8":"first","9":"instock","10":"shipping-taxable","11":"product-type-external"},"jetpack_sharing_enabled":true,"_links":{"self":[{"href":"https:\/\/ofertacular.com\/index.php\/wp-json\/wp\/v2\/product\/12879","targetHints":{"allow":["GET"]}}],"collection":[{"href":"https:\/\/ofertacular.com\/index.php\/wp-json\/wp\/v2\/product"}],"about":[{"href":"https:\/\/ofertacular.com\/index.php\/wp-json\/wp\/v2\/types\/product"}],"wp:featuredmedia":[{"embeddable":true,"href":"https:\/\/ofertacular.com\/index.php\/wp-json\/wp\/v2\/media\/12878"}],"wp:attachment":[{"href":"https:\/\/ofertacular.com\/index.php\/wp-json\/wp\/v2\/media?parent=12879"}],"wp:term":[{"taxonomy":"store","embeddable":true,"href":"https:\/\/ofertacular.com\/index.php\/wp-json\/wp\/v2\/store?post=12879"},{"taxonomy":"product_brand","embeddable":true,"href":"https:\/\/ofertacular.com\/index.php\/wp-json\/wp\/v2\/product_brand?post=12879"},{"taxonomy":"product_cat","embeddable":true,"href":"https:\/\/ofertacular.com\/index.php\/wp-json\/wp\/v2\/product_cat?post=12879"},{"taxonomy":"product_tag","embeddable":true,"href":"https:\/\/ofertacular.com\/index.php\/wp-json\/wp\/v2\/product_tag?post=12879"}],"curies":[{"name":"wp","href":"https:\/\/api.w.org\/{rel}","templated":true}]}}