{"id":12887,"date":"2026-04-21T07:33:45","date_gmt":"2026-04-21T05:33:45","guid":{"rendered":"https:\/\/ofertacular.com\/index.php\/producto\/huawei-watch-6\/"},"modified":"2026-04-21T07:33:45","modified_gmt":"2026-04-21T05:33:45","slug":"huawei-watch-6","status":"publish","type":"product","link":"https:\/\/ofertacular.com\/index.php\/producto\/huawei-watch-6\/","title":{"rendered":"HUAWEI Watch"},"content":{"rendered":"<div class=\"oferta-container\">\n<p>\ud83d\udfe5 <b>EXCLUSIVO<\/b> \ud83d\udfe5 #Publicidad #Amazon #16<\/p>\n<p>\ud83d\udd34 <b>Reloj Huawei <\/b><\/p>\n<p>\u2705 <b>AHORA 139 \u20ac<\/b> \u2714\ufe0f\ud83d\udfe1<\/p>\n<p>\u274c Antes 159.00 \u20ac<\/p>\n<p>\ud83d\uded2: <a href=\"https:\/\/btz.es\/5ryUvhb\" target=\"_blank\" rel=\"nofollow noopener\">https:\/\/btz.es\/5ryUvhb<\/a><\/p>\n<p>Descubre el Huawei Watch, un reloj inteligente que combina tecnolog\u00eda avanzada con un dise\u00f1o elegante. Ideal para monitorear tu actividad f\u00edsica, recibir notificaciones y mantenerte conectado todo el d\u00eda. Optimizado para ofrecer un rendimiento excepcional y una experiencia de usuario intuitiva, el Huawei Watch es el complemento perfecto para tu estilo de vida moderno. Aprovecha su bater\u00eda de larga duraci\u00f3n y funciones de salud integradas para llevar tu bienestar al siguiente nivel.<\/p>\n<\/p><\/div>\n","protected":false},"excerpt":{"rendered":"<p>\ud83d\udfe5 EXCLUSIVO \ud83d\udfe5 #Publicidad #Amazon #16 \ud83d\udd34 Reloj Huawei \u2705 AHORA 139 \u20ac \u2714\ufe0f\ud83d\udfe1 \u274c Antes 159.00 \u20ac \ud83d\uded2: https:\/\/btz.es\/5ryUvhb Descubre el Huawei Watch, un reloj inteligente que combina tecnolog\u00eda avanzada con un dise\u00f1o elegante. Ideal para monitorear tu actividad f\u00edsica, recibir notificaciones y mantenerte conectado todo el d\u00eda. Optimizado para ofrecer un rendimiento excepcional [&hellip;]<\/p>\n","protected":false},"featured_media":12886,"template":"","meta":{"_gspb_post_css":""},"store":[],"product_brand":[],"product_cat":[16],"product_tag":[],"class_list":{"0":"post-12887","1":"product","2":"type-product","3":"status-publish","4":"has-post-thumbnail","6":"product_cat-sin-categorizar","8":"first","9":"instock","10":"sale","11":"shipping-taxable","12":"product-type-external"},"jetpack_sharing_enabled":true,"_links":{"self":[{"href":"https:\/\/ofertacular.com\/index.php\/wp-json\/wp\/v2\/product\/12887","targetHints":{"allow":["GET"]}}],"collection":[{"href":"https:\/\/ofertacular.com\/index.php\/wp-json\/wp\/v2\/product"}],"about":[{"href":"https:\/\/ofertacular.com\/index.php\/wp-json\/wp\/v2\/types\/product"}],"wp:featuredmedia":[{"embeddable":true,"href":"https:\/\/ofertacular.com\/index.php\/wp-json\/wp\/v2\/media\/12886"}],"wp:attachment":[{"href":"https:\/\/ofertacular.com\/index.php\/wp-json\/wp\/v2\/media?parent=12887"}],"wp:term":[{"taxonomy":"store","embeddable":true,"href":"https:\/\/ofertacular.com\/index.php\/wp-json\/wp\/v2\/store?post=12887"},{"taxonomy":"product_brand","embeddable":true,"href":"https:\/\/ofertacular.com\/index.php\/wp-json\/wp\/v2\/product_brand?post=12887"},{"taxonomy":"product_cat","embeddable":true,"href":"https:\/\/ofertacular.com\/index.php\/wp-json\/wp\/v2\/product_cat?post=12887"},{"taxonomy":"product_tag","embeddable":true,"href":"https:\/\/ofertacular.com\/index.php\/wp-json\/wp\/v2\/product_tag?post=12887"}],"curies":[{"name":"wp","href":"https:\/\/api.w.org\/{rel}","templated":true}]}}