{"id":12891,"date":"2026-04-21T08:08:06","date_gmt":"2026-04-21T06:08:06","guid":{"rendered":"https:\/\/ofertacular.com\/index.php\/producto\/joma-pantalon-2\/"},"modified":"2026-04-21T08:08:06","modified_gmt":"2026-04-21T06:08:06","slug":"joma-pantalon-2","status":"publish","type":"product","link":"https:\/\/ofertacular.com\/index.php\/producto\/joma-pantalon-2\/","title":{"rendered":"Joma Pantal\u00f3n"},"content":{"rendered":"<div class=\"oferta-container\">\n<p>\ud83d\udfe5 <b>\u00a1APROVECHA!<\/b> \ud83d\udfe5 #Publicidad #Amazon #16<\/p>\n<p>\ud83d\udd34 <b>Pantal\u00f3n Joma <\/b><\/p>\n<p>\u2705 <b>AHORA 5.99 \u20ac<\/b> \u2714\ufe0f\ud83d\udfe1<\/p>\n<p>\u274c Antes 10.50 \u20ac<\/p>\n<p>\ud83d\uded2: <a href=\"https:\/\/btz.es\/5rzcYx2\" target=\"_blank\" rel=\"nofollow noopener\">https:\/\/btz.es\/5rzcYx2<\/a><\/p>\n<p>Descubre la comodidad y estilo con el Pantal\u00f3n Joma, dise\u00f1ado para ofrecer un ajuste perfecto y resistencia duradera. Ideal para actividades deportivas o uso diario, este pantal\u00f3n combina funcionalidad y moda para que te sientas siempre listo y c\u00f3modo. Fabricado con materiales de alta calidad, garantiza transpirabilidad y libertad de movimiento, convirti\u00e9ndolo en la prenda esencial para cualquier guardarropa activo. Aprovecha la oportunidad de destacarte con un producto l\u00edder en el mercado deportivo.<\/p>\n<\/p><\/div>\n","protected":false},"excerpt":{"rendered":"<p>\ud83d\udfe5 \u00a1APROVECHA! \ud83d\udfe5 #Publicidad #Amazon #16 \ud83d\udd34 Pantal\u00f3n Joma \u2705 AHORA 5.99 \u20ac \u2714\ufe0f\ud83d\udfe1 \u274c Antes 10.50 \u20ac \ud83d\uded2: https:\/\/btz.es\/5rzcYx2 Descubre la comodidad y estilo con el Pantal\u00f3n Joma, dise\u00f1ado para ofrecer un ajuste perfecto y resistencia duradera. Ideal para actividades deportivas o uso diario, este pantal\u00f3n combina funcionalidad y moda para que te sientas [&hellip;]<\/p>\n","protected":false},"featured_media":12890,"template":"","meta":{"_gspb_post_css":""},"store":[],"product_brand":[],"product_cat":[16],"product_tag":[],"class_list":{"0":"post-12891","1":"product","2":"type-product","3":"status-publish","4":"has-post-thumbnail","6":"product_cat-sin-categorizar","8":"first","9":"instock","10":"sale","11":"shipping-taxable","12":"product-type-external"},"jetpack_sharing_enabled":true,"_links":{"self":[{"href":"https:\/\/ofertacular.com\/index.php\/wp-json\/wp\/v2\/product\/12891","targetHints":{"allow":["GET"]}}],"collection":[{"href":"https:\/\/ofertacular.com\/index.php\/wp-json\/wp\/v2\/product"}],"about":[{"href":"https:\/\/ofertacular.com\/index.php\/wp-json\/wp\/v2\/types\/product"}],"wp:featuredmedia":[{"embeddable":true,"href":"https:\/\/ofertacular.com\/index.php\/wp-json\/wp\/v2\/media\/12890"}],"wp:attachment":[{"href":"https:\/\/ofertacular.com\/index.php\/wp-json\/wp\/v2\/media?parent=12891"}],"wp:term":[{"taxonomy":"store","embeddable":true,"href":"https:\/\/ofertacular.com\/index.php\/wp-json\/wp\/v2\/store?post=12891"},{"taxonomy":"product_brand","embeddable":true,"href":"https:\/\/ofertacular.com\/index.php\/wp-json\/wp\/v2\/product_brand?post=12891"},{"taxonomy":"product_cat","embeddable":true,"href":"https:\/\/ofertacular.com\/index.php\/wp-json\/wp\/v2\/product_cat?post=12891"},{"taxonomy":"product_tag","embeddable":true,"href":"https:\/\/ofertacular.com\/index.php\/wp-json\/wp\/v2\/product_tag?post=12891"}],"curies":[{"name":"wp","href":"https:\/\/api.w.org\/{rel}","templated":true}]}}