{"id":12895,"date":"2026-04-21T09:52:52","date_gmt":"2026-04-21T07:52:52","guid":{"rendered":"https:\/\/ofertacular.com\/index.php\/producto\/chaquetas-softshell\/"},"modified":"2026-04-21T09:52:52","modified_gmt":"2026-04-21T07:52:52","slug":"chaquetas-softshell","status":"publish","type":"product","link":"https:\/\/ofertacular.com\/index.php\/producto\/chaquetas-softshell\/","title":{"rendered":"Chaquetas Softshell"},"content":{"rendered":"<div class=\"oferta-container\">\n<p>\ud83d\udfe5 <b>\u00a1NO TE LA PIERDAS!<\/b> \ud83d\udfe5 #Publicidad #Amazon #16<\/p>\n<p>\ud83d\udd34 <b>Chaqueta Softshell <\/b><\/p>\n<p>\u2705 <b>AHORA 0.99 \u20ac<\/b> \u2714\ufe0f\ud83d\udfe1<\/p>\n<p>\u274c Antes <\/p>\n<p>\ud83d\uded2: <a href=\"https:\/\/btz.es\/5rz3wxD\" target=\"_blank\" rel=\"nofollow noopener\">https:\/\/btz.es\/5rz3wxD<\/a><\/p>\n<p>Descubre la m\u00e1xima comodidad y protecci\u00f3n con nuestras chaquetas Softshell. Dise\u00f1adas para ofrecer resistencia al viento y al agua, son ideales para actividades al aire libre y uso diario. Fabricadas con materiales de alta calidad, estas chaquetas combinan estilo y funcionalidad para mantenerte abrigado y seco en cualquier clima. Encuentra la chaqueta Softshell perfecta que se adapta a tu estilo y necesidades, garantizando confort y durabilidad. \u00a1Equ\u00edpate hoy y mejora tu experiencia outdoor con la mejor tecnolog\u00eda en chaquetas Softshell!<\/p>\n<\/p><\/div>\n","protected":false},"excerpt":{"rendered":"<p>\ud83d\udfe5 \u00a1NO TE LA PIERDAS! \ud83d\udfe5 #Publicidad #Amazon #16 \ud83d\udd34 Chaqueta Softshell \u2705 AHORA 0.99 \u20ac \u2714\ufe0f\ud83d\udfe1 \u274c Antes \ud83d\uded2: https:\/\/btz.es\/5rz3wxD Descubre la m\u00e1xima comodidad y protecci\u00f3n con nuestras chaquetas Softshell. Dise\u00f1adas para ofrecer resistencia al viento y al agua, son ideales para actividades al aire libre y uso diario. Fabricadas con materiales de alta [&hellip;]<\/p>\n","protected":false},"featured_media":12894,"template":"","meta":{"_gspb_post_css":""},"store":[],"product_brand":[],"product_cat":[16],"product_tag":[],"class_list":{"0":"post-12895","1":"product","2":"type-product","3":"status-publish","4":"has-post-thumbnail","6":"product_cat-sin-categorizar","8":"first","9":"instock","10":"shipping-taxable","11":"product-type-external"},"jetpack_sharing_enabled":true,"_links":{"self":[{"href":"https:\/\/ofertacular.com\/index.php\/wp-json\/wp\/v2\/product\/12895","targetHints":{"allow":["GET"]}}],"collection":[{"href":"https:\/\/ofertacular.com\/index.php\/wp-json\/wp\/v2\/product"}],"about":[{"href":"https:\/\/ofertacular.com\/index.php\/wp-json\/wp\/v2\/types\/product"}],"wp:featuredmedia":[{"embeddable":true,"href":"https:\/\/ofertacular.com\/index.php\/wp-json\/wp\/v2\/media\/12894"}],"wp:attachment":[{"href":"https:\/\/ofertacular.com\/index.php\/wp-json\/wp\/v2\/media?parent=12895"}],"wp:term":[{"taxonomy":"store","embeddable":true,"href":"https:\/\/ofertacular.com\/index.php\/wp-json\/wp\/v2\/store?post=12895"},{"taxonomy":"product_brand","embeddable":true,"href":"https:\/\/ofertacular.com\/index.php\/wp-json\/wp\/v2\/product_brand?post=12895"},{"taxonomy":"product_cat","embeddable":true,"href":"https:\/\/ofertacular.com\/index.php\/wp-json\/wp\/v2\/product_cat?post=12895"},{"taxonomy":"product_tag","embeddable":true,"href":"https:\/\/ofertacular.com\/index.php\/wp-json\/wp\/v2\/product_tag?post=12895"}],"curies":[{"name":"wp","href":"https:\/\/api.w.org\/{rel}","templated":true}]}}