{"id":12901,"date":"2026-04-21T10:59:58","date_gmt":"2026-04-21T08:59:58","guid":{"rendered":"https:\/\/ofertacular.com\/index.php\/producto\/joma-t-shirt-10\/"},"modified":"2026-04-21T10:59:58","modified_gmt":"2026-04-21T08:59:58","slug":"joma-t-shirt-10","status":"publish","type":"product","link":"https:\/\/ofertacular.com\/index.php\/producto\/joma-t-shirt-10\/","title":{"rendered":"Joma T-Shirt"},"content":{"rendered":"<div class=\"oferta-container\">\n<p>\ud83d\udfe5 <b>\u00a1DESCUENTO \u00daNICO!<\/b> \ud83d\udfe5 #Publicidad #Amazon #16<\/p>\n<p>\ud83d\udd34 <b>Camiseta Joma <\/b><\/p>\n<p>\u2705 <b>AHORA 7.99 \u20ac<\/b> \u2714\ufe0f\ud83d\udfe1<\/p>\n<p>\u274c Antes 11.60 \u20ac<\/p>\n<p>\ud83d\uded2: <a href=\"https:\/\/btz.es\/5rzKp9y\" target=\"_blank\" rel=\"nofollow noopener\">https:\/\/btz.es\/5rzKp9y<\/a><\/p>\n<p>Consigue la m\u00e1xima comodidad y estilo con la Camiseta Joma, dise\u00f1ada para ofrecer un ajuste perfecto y una tela transpirable que te mantendr\u00e1 fresco durante todo el d\u00eda. Ideal para actividades deportivas y uso diario, esta camiseta combina calidad y durabilidad, posicion\u00e1ndose como una opci\u00f3n imprescindible para tu guardarropa. Mejora tu rendimiento con Joma, una marca reconocida mundialmente por su excelencia en ropa deportiva.<\/p>\n<\/p><\/div>\n","protected":false},"excerpt":{"rendered":"<p>\ud83d\udfe5 \u00a1DESCUENTO \u00daNICO! \ud83d\udfe5 #Publicidad #Amazon #16 \ud83d\udd34 Camiseta Joma \u2705 AHORA 7.99 \u20ac \u2714\ufe0f\ud83d\udfe1 \u274c Antes 11.60 \u20ac \ud83d\uded2: https:\/\/btz.es\/5rzKp9y Consigue la m\u00e1xima comodidad y estilo con la Camiseta Joma, dise\u00f1ada para ofrecer un ajuste perfecto y una tela transpirable que te mantendr\u00e1 fresco durante todo el d\u00eda. Ideal para actividades deportivas y uso [&hellip;]<\/p>\n","protected":false},"featured_media":12900,"template":"","meta":{"_gspb_post_css":""},"store":[],"product_brand":[],"product_cat":[16],"product_tag":[],"class_list":{"0":"post-12901","1":"product","2":"type-product","3":"status-publish","4":"has-post-thumbnail","6":"product_cat-sin-categorizar","8":"first","9":"instock","10":"sale","11":"shipping-taxable","12":"product-type-external"},"jetpack_sharing_enabled":true,"_links":{"self":[{"href":"https:\/\/ofertacular.com\/index.php\/wp-json\/wp\/v2\/product\/12901","targetHints":{"allow":["GET"]}}],"collection":[{"href":"https:\/\/ofertacular.com\/index.php\/wp-json\/wp\/v2\/product"}],"about":[{"href":"https:\/\/ofertacular.com\/index.php\/wp-json\/wp\/v2\/types\/product"}],"wp:featuredmedia":[{"embeddable":true,"href":"https:\/\/ofertacular.com\/index.php\/wp-json\/wp\/v2\/media\/12900"}],"wp:attachment":[{"href":"https:\/\/ofertacular.com\/index.php\/wp-json\/wp\/v2\/media?parent=12901"}],"wp:term":[{"taxonomy":"store","embeddable":true,"href":"https:\/\/ofertacular.com\/index.php\/wp-json\/wp\/v2\/store?post=12901"},{"taxonomy":"product_brand","embeddable":true,"href":"https:\/\/ofertacular.com\/index.php\/wp-json\/wp\/v2\/product_brand?post=12901"},{"taxonomy":"product_cat","embeddable":true,"href":"https:\/\/ofertacular.com\/index.php\/wp-json\/wp\/v2\/product_cat?post=12901"},{"taxonomy":"product_tag","embeddable":true,"href":"https:\/\/ofertacular.com\/index.php\/wp-json\/wp\/v2\/product_tag?post=12901"}],"curies":[{"name":"wp","href":"https:\/\/api.w.org\/{rel}","templated":true}]}}