{"id":12919,"date":"2026-04-21T14:35:37","date_gmt":"2026-04-21T12:35:37","guid":{"rendered":"https:\/\/ofertacular.com\/index.php\/producto\/bascula-digital-6\/"},"modified":"2026-04-21T14:35:37","modified_gmt":"2026-04-21T12:35:37","slug":"bascula-digital-6","status":"publish","type":"product","link":"https:\/\/ofertacular.com\/index.php\/producto\/bascula-digital-6\/","title":{"rendered":"B\u00e1scula Digital"},"content":{"rendered":"<div class=\"oferta-container\">\n<p>\ud83d\udfe5 <b>\u00a1NO TE LA PIERDAS!<\/b> \ud83d\udfe5 #Publicidad #Amazon #16<\/p>\n<p>\ud83d\udd34 <b>B\u00e1scula Digital <\/b><\/p>\n<p>\u2705 <b>AHORA 9.99 \u20ac<\/b> \u2714\ufe0f\ud83d\udfe1<\/p>\n<p>\u274c Antes 12.99 \u20ac<\/p>\n<p>\ud83d\uded2: <a href=\"https:\/\/btz.es\/5r0C7Ym\" target=\"_blank\" rel=\"nofollow noopener\">https:\/\/btz.es\/5r0C7Ym<\/a><\/p>\n<p>Descubre nuestra b\u00e1scula digital de alta precisi\u00f3n, dise\u00f1ada para ofrecer mediciones r\u00e1pidas y confiables para tus necesidades diarias de peso. Ideal para uso dom\u00e9stico y profesional, su pantalla clara y funci\u00f3n f\u00e1cil de usar garantizan comodidad y exactitud en cada pesaje. Fabricada con materiales duraderos y tecnolog\u00eda avanzada, esta b\u00e1scula es un imprescindible para el control de peso eficiente y saludable.<\/p>\n<\/p><\/div>\n","protected":false},"excerpt":{"rendered":"<p>\ud83d\udfe5 \u00a1NO TE LA PIERDAS! \ud83d\udfe5 #Publicidad #Amazon #16 \ud83d\udd34 B\u00e1scula Digital \u2705 AHORA 9.99 \u20ac \u2714\ufe0f\ud83d\udfe1 \u274c Antes 12.99 \u20ac \ud83d\uded2: https:\/\/btz.es\/5r0C7Ym Descubre nuestra b\u00e1scula digital de alta precisi\u00f3n, dise\u00f1ada para ofrecer mediciones r\u00e1pidas y confiables para tus necesidades diarias de peso. Ideal para uso dom\u00e9stico y profesional, su pantalla clara y funci\u00f3n f\u00e1cil [&hellip;]<\/p>\n","protected":false},"featured_media":12918,"template":"","meta":{"_gspb_post_css":""},"store":[],"product_brand":[],"product_cat":[16],"product_tag":[],"class_list":{"0":"post-12919","1":"product","2":"type-product","3":"status-publish","4":"has-post-thumbnail","6":"product_cat-sin-categorizar","8":"first","9":"instock","10":"sale","11":"shipping-taxable","12":"product-type-external"},"jetpack_sharing_enabled":true,"_links":{"self":[{"href":"https:\/\/ofertacular.com\/index.php\/wp-json\/wp\/v2\/product\/12919","targetHints":{"allow":["GET"]}}],"collection":[{"href":"https:\/\/ofertacular.com\/index.php\/wp-json\/wp\/v2\/product"}],"about":[{"href":"https:\/\/ofertacular.com\/index.php\/wp-json\/wp\/v2\/types\/product"}],"wp:featuredmedia":[{"embeddable":true,"href":"https:\/\/ofertacular.com\/index.php\/wp-json\/wp\/v2\/media\/12918"}],"wp:attachment":[{"href":"https:\/\/ofertacular.com\/index.php\/wp-json\/wp\/v2\/media?parent=12919"}],"wp:term":[{"taxonomy":"store","embeddable":true,"href":"https:\/\/ofertacular.com\/index.php\/wp-json\/wp\/v2\/store?post=12919"},{"taxonomy":"product_brand","embeddable":true,"href":"https:\/\/ofertacular.com\/index.php\/wp-json\/wp\/v2\/product_brand?post=12919"},{"taxonomy":"product_cat","embeddable":true,"href":"https:\/\/ofertacular.com\/index.php\/wp-json\/wp\/v2\/product_cat?post=12919"},{"taxonomy":"product_tag","embeddable":true,"href":"https:\/\/ofertacular.com\/index.php\/wp-json\/wp\/v2\/product_tag?post=12919"}],"curies":[{"name":"wp","href":"https:\/\/api.w.org\/{rel}","templated":true}]}}