{"id":12929,"date":"2026-04-22T08:23:44","date_gmt":"2026-04-22T06:23:44","guid":{"rendered":"https:\/\/ofertacular.com\/index.php\/producto\/conjuntos-mujer\/"},"modified":"2026-04-22T08:23:44","modified_gmt":"2026-04-22T06:23:44","slug":"conjuntos-mujer","status":"publish","type":"product","link":"https:\/\/ofertacular.com\/index.php\/producto\/conjuntos-mujer\/","title":{"rendered":"Conjuntos Mujer"},"content":{"rendered":"<div class=\"oferta-container\">\n<p>\ud83d\udfe5 <b>\u00a1APROVECHA!<\/b> \ud83d\udfe5 #Publicidad #Amazon #16<\/p>\n<p>\ud83d\udd34 <b>Conjuntos Mujer <\/b><\/p>\n<p>\u2705 <b>AHORA 0.99 \u20ac<\/b> \u2714\ufe0f\ud83d\udfe1<\/p>\n<p>\u274c Antes <\/p>\n<p>\ud83d\uded2: <a href=\"https:\/\/btz.es\/5r4X18l\" target=\"_blank\" rel=\"nofollow noopener\">https:\/\/btz.es\/5r4X18l<\/a><\/p>\n<p>Descubre nuestra exclusiva colecci\u00f3n de conjuntos para mujer, dise\u00f1ados para ofrecer comodidad y estilo en cualquier ocasi\u00f3n. Cada conjunto est\u00e1 confeccionado con materiales de alta calidad que garantizan durabilidad y un ajuste perfecto. Perfectos para realzar tu imagen con elegancia y confianza, estos conjuntos son ideales tanto para eventos formales como para el d\u00eda a d\u00eda. Renueva tu guardarropa con prendas vers\u00e1tiles que combinan tendencia y funcionalidad, y consigue un look impecable que destaque en cualquier lugar.<\/p>\n<\/p><\/div>\n","protected":false},"excerpt":{"rendered":"<p>\ud83d\udfe5 \u00a1APROVECHA! \ud83d\udfe5 #Publicidad #Amazon #16 \ud83d\udd34 Conjuntos Mujer \u2705 AHORA 0.99 \u20ac \u2714\ufe0f\ud83d\udfe1 \u274c Antes \ud83d\uded2: https:\/\/btz.es\/5r4X18l Descubre nuestra exclusiva colecci\u00f3n de conjuntos para mujer, dise\u00f1ados para ofrecer comodidad y estilo en cualquier ocasi\u00f3n. Cada conjunto est\u00e1 confeccionado con materiales de alta calidad que garantizan durabilidad y un ajuste perfecto. Perfectos para realzar tu [&hellip;]<\/p>\n","protected":false},"featured_media":12928,"template":"","meta":{"_gspb_post_css":""},"store":[],"product_brand":[],"product_cat":[16],"product_tag":[],"class_list":{"0":"post-12929","1":"product","2":"type-product","3":"status-publish","4":"has-post-thumbnail","6":"product_cat-sin-categorizar","8":"first","9":"instock","10":"shipping-taxable","11":"product-type-external"},"jetpack_sharing_enabled":true,"_links":{"self":[{"href":"https:\/\/ofertacular.com\/index.php\/wp-json\/wp\/v2\/product\/12929","targetHints":{"allow":["GET"]}}],"collection":[{"href":"https:\/\/ofertacular.com\/index.php\/wp-json\/wp\/v2\/product"}],"about":[{"href":"https:\/\/ofertacular.com\/index.php\/wp-json\/wp\/v2\/types\/product"}],"wp:featuredmedia":[{"embeddable":true,"href":"https:\/\/ofertacular.com\/index.php\/wp-json\/wp\/v2\/media\/12928"}],"wp:attachment":[{"href":"https:\/\/ofertacular.com\/index.php\/wp-json\/wp\/v2\/media?parent=12929"}],"wp:term":[{"taxonomy":"store","embeddable":true,"href":"https:\/\/ofertacular.com\/index.php\/wp-json\/wp\/v2\/store?post=12929"},{"taxonomy":"product_brand","embeddable":true,"href":"https:\/\/ofertacular.com\/index.php\/wp-json\/wp\/v2\/product_brand?post=12929"},{"taxonomy":"product_cat","embeddable":true,"href":"https:\/\/ofertacular.com\/index.php\/wp-json\/wp\/v2\/product_cat?post=12929"},{"taxonomy":"product_tag","embeddable":true,"href":"https:\/\/ofertacular.com\/index.php\/wp-json\/wp\/v2\/product_tag?post=12929"}],"curies":[{"name":"wp","href":"https:\/\/api.w.org\/{rel}","templated":true}]}}