{"id":12937,"date":"2026-04-22T10:09:32","date_gmt":"2026-04-22T08:09:32","guid":{"rendered":"https:\/\/ofertacular.com\/index.php\/producto\/dyc-whisky-2\/"},"modified":"2026-04-22T10:09:32","modified_gmt":"2026-04-22T08:09:32","slug":"dyc-whisky-2","status":"publish","type":"product","link":"https:\/\/ofertacular.com\/index.php\/producto\/dyc-whisky-2\/","title":{"rendered":"DYC Whisky"},"content":{"rendered":"<div class=\"oferta-container\">\n<p>\ud83d\udfe5 <b>REBAJA<\/b> \ud83d\udfe5 #Publicidad #Amazon #16<\/p>\n<p>\ud83d\udd34 <b>Whisky DYC <\/b><\/p>\n<p>\u2705 <b>AHORA 11.99 \u20ac<\/b> \u2714\ufe0f\ud83d\udfe1<\/p>\n<p>\u274c Antes 14.50 \u20ac<\/p>\n<p>\ud83d\uded2: <a href=\"https:\/\/btz.es\/5r5yeIL\" target=\"_blank\" rel=\"nofollow noopener\">https:\/\/btz.es\/5r5yeIL<\/a><\/p>\n<p>Descubre la excelencia del Whisky DYC, una bebida que combina tradici\u00f3n y calidad en cada sorbo. Perfecto para los amantes del buen whisky que buscan un sabor aut\u00e9ntico y suave. Ideal para disfrutar solo o en c\u00f3cteles, DYC destaca por su equilibrio y car\u00e1cter \u00fanico. Compra ahora y experimenta el placer de un whisky espa\u00f1ol reconocido internacionalmente.<\/p>\n<\/p><\/div>\n","protected":false},"excerpt":{"rendered":"<p>\ud83d\udfe5 REBAJA \ud83d\udfe5 #Publicidad #Amazon #16 \ud83d\udd34 Whisky DYC \u2705 AHORA 11.99 \u20ac \u2714\ufe0f\ud83d\udfe1 \u274c Antes 14.50 \u20ac \ud83d\uded2: https:\/\/btz.es\/5r5yeIL Descubre la excelencia del Whisky DYC, una bebida que combina tradici\u00f3n y calidad en cada sorbo. Perfecto para los amantes del buen whisky que buscan un sabor aut\u00e9ntico y suave. Ideal para disfrutar solo o [&hellip;]<\/p>\n","protected":false},"featured_media":12936,"template":"","meta":{"_gspb_post_css":""},"store":[],"product_brand":[],"product_cat":[16],"product_tag":[],"class_list":{"0":"post-12937","1":"product","2":"type-product","3":"status-publish","4":"has-post-thumbnail","6":"product_cat-sin-categorizar","8":"first","9":"instock","10":"sale","11":"shipping-taxable","12":"product-type-external"},"jetpack_sharing_enabled":true,"_links":{"self":[{"href":"https:\/\/ofertacular.com\/index.php\/wp-json\/wp\/v2\/product\/12937","targetHints":{"allow":["GET"]}}],"collection":[{"href":"https:\/\/ofertacular.com\/index.php\/wp-json\/wp\/v2\/product"}],"about":[{"href":"https:\/\/ofertacular.com\/index.php\/wp-json\/wp\/v2\/types\/product"}],"wp:featuredmedia":[{"embeddable":true,"href":"https:\/\/ofertacular.com\/index.php\/wp-json\/wp\/v2\/media\/12936"}],"wp:attachment":[{"href":"https:\/\/ofertacular.com\/index.php\/wp-json\/wp\/v2\/media?parent=12937"}],"wp:term":[{"taxonomy":"store","embeddable":true,"href":"https:\/\/ofertacular.com\/index.php\/wp-json\/wp\/v2\/store?post=12937"},{"taxonomy":"product_brand","embeddable":true,"href":"https:\/\/ofertacular.com\/index.php\/wp-json\/wp\/v2\/product_brand?post=12937"},{"taxonomy":"product_cat","embeddable":true,"href":"https:\/\/ofertacular.com\/index.php\/wp-json\/wp\/v2\/product_cat?post=12937"},{"taxonomy":"product_tag","embeddable":true,"href":"https:\/\/ofertacular.com\/index.php\/wp-json\/wp\/v2\/product_tag?post=12937"}],"curies":[{"name":"wp","href":"https:\/\/api.w.org\/{rel}","templated":true}]}}