{"id":12945,"date":"2026-04-22T10:20:29","date_gmt":"2026-04-22T08:20:29","guid":{"rendered":"https:\/\/ofertacular.com\/index.php\/producto\/jack-jones-30\/"},"modified":"2026-04-22T10:20:29","modified_gmt":"2026-04-22T08:20:29","slug":"jack-jones-30","status":"publish","type":"product","link":"https:\/\/ofertacular.com\/index.php\/producto\/jack-jones-30\/","title":{"rendered":"Jack Jones"},"content":{"rendered":"<div class=\"oferta-container\">\n<p>\ud83d\udfe5 <b>INCRE\u00cdBLE<\/b> \ud83d\udfe5 #Publicidad #Amazon #16<\/p>\n<p>\ud83d\udd34 <b>Ropa Hombre <\/b><\/p>\n<p>\u2705 <b>AHORA 69.99 \u20ac<\/b> \u2714\ufe0f\ud83d\udfe1<\/p>\n<p>\u274c Antes 159.99 \u20ac<\/p>\n<p>\ud83d\uded2: <a href=\"https:\/\/btz.es\/5r50PMq\" target=\"_blank\" rel=\"nofollow noopener\">https:\/\/btz.es\/5r50PMq<\/a><\/p>\n<p>Descubre la elegancia y comodidad con la exclusiva colecci\u00f3n de ropa de hombre de Jack Jones. Dise\u00f1os modernos y materiales de alta calidad que garantizan estilo y durabilidad en cada prenda. Renueva tu armario con las \u00faltimas tendencias de Jack Jones, ideales para cualquier ocasi\u00f3n, desde lo casual hasta lo formal. Mejora tu imagen con productos que combinan moda y funcionalidad, perfectos para destacar y sentirte seguro. Compra ahora y disfruta de ofertas especiales, asegurando la mejor relaci\u00f3n calidad-precio con Jack Jones.<\/p>\n<\/p><\/div>\n","protected":false},"excerpt":{"rendered":"<p>\ud83d\udfe5 INCRE\u00cdBLE \ud83d\udfe5 #Publicidad #Amazon #16 \ud83d\udd34 Ropa Hombre \u2705 AHORA 69.99 \u20ac \u2714\ufe0f\ud83d\udfe1 \u274c Antes 159.99 \u20ac \ud83d\uded2: https:\/\/btz.es\/5r50PMq Descubre la elegancia y comodidad con la exclusiva colecci\u00f3n de ropa de hombre de Jack Jones. Dise\u00f1os modernos y materiales de alta calidad que garantizan estilo y durabilidad en cada prenda. Renueva tu armario con [&hellip;]<\/p>\n","protected":false},"featured_media":12944,"template":"","meta":{"_gspb_post_css":""},"store":[],"product_brand":[],"product_cat":[16],"product_tag":[],"class_list":{"0":"post-12945","1":"product","2":"type-product","3":"status-publish","4":"has-post-thumbnail","6":"product_cat-sin-categorizar","8":"first","9":"instock","10":"sale","11":"shipping-taxable","12":"product-type-external"},"jetpack_sharing_enabled":true,"_links":{"self":[{"href":"https:\/\/ofertacular.com\/index.php\/wp-json\/wp\/v2\/product\/12945","targetHints":{"allow":["GET"]}}],"collection":[{"href":"https:\/\/ofertacular.com\/index.php\/wp-json\/wp\/v2\/product"}],"about":[{"href":"https:\/\/ofertacular.com\/index.php\/wp-json\/wp\/v2\/types\/product"}],"wp:featuredmedia":[{"embeddable":true,"href":"https:\/\/ofertacular.com\/index.php\/wp-json\/wp\/v2\/media\/12944"}],"wp:attachment":[{"href":"https:\/\/ofertacular.com\/index.php\/wp-json\/wp\/v2\/media?parent=12945"}],"wp:term":[{"taxonomy":"store","embeddable":true,"href":"https:\/\/ofertacular.com\/index.php\/wp-json\/wp\/v2\/store?post=12945"},{"taxonomy":"product_brand","embeddable":true,"href":"https:\/\/ofertacular.com\/index.php\/wp-json\/wp\/v2\/product_brand?post=12945"},{"taxonomy":"product_cat","embeddable":true,"href":"https:\/\/ofertacular.com\/index.php\/wp-json\/wp\/v2\/product_cat?post=12945"},{"taxonomy":"product_tag","embeddable":true,"href":"https:\/\/ofertacular.com\/index.php\/wp-json\/wp\/v2\/product_tag?post=12945"}],"curies":[{"name":"wp","href":"https:\/\/api.w.org\/{rel}","templated":true}]}}