{"id":12967,"date":"2026-04-23T10:48:53","date_gmt":"2026-04-23T08:48:53","guid":{"rendered":"https:\/\/ofertacular.com\/index.php\/producto\/pyle-altavoces-marinos\/"},"modified":"2026-04-23T10:48:53","modified_gmt":"2026-04-23T08:48:53","slug":"pyle-altavoces-marinos","status":"publish","type":"product","link":"https:\/\/ofertacular.com\/index.php\/producto\/pyle-altavoces-marinos\/","title":{"rendered":"Pyle Altavoces Marinos"},"content":{"rendered":"<div class=\"oferta-container\">\n<p>\ud83d\udfe5 <b>\u00a1OFERTA ESPECIAL!<\/b> \ud83d\udfe5 #Publicidad #Amazon #16<\/p>\n<p>\ud83d\udd34 <b>Altavoces marinos <\/b><\/p>\n<p>\u2705 <b>AHORA 28.98 \u20ac<\/b> \u2714\ufe0f\ud83d\udfe1<\/p>\n<p>\u274c Antes 46.90 \u20ac<\/p>\n<p>\ud83d\uded2: <a href=\"https:\/\/btz.es\/5rBy5ZI\" target=\"_blank\" rel=\"nofollow noopener\">https:\/\/btz.es\/5rBy5ZI<\/a><\/p>\n<p>Descubre los Altavoces Marinos de Pyle, dise\u00f1ados especialmente para ofrecer un sonido n\u00edtido y potente en ambientes acu\u00e1ticos. Fabricados con materiales resistentes a la corrosi\u00f3n y al agua, son ideales para embarcaciones y actividades al aire libre. Optimiza tu experiencia sonora con tecnolog\u00eda avanzada y durabilidad m\u00e1xima. \u00a1Mejora tu navegaci\u00f3n y entretenimiento con Pyle, la marca l\u00edder en audio marino!<\/p>\n<\/p><\/div>\n","protected":false},"excerpt":{"rendered":"<p>\ud83d\udfe5 \u00a1OFERTA ESPECIAL! \ud83d\udfe5 #Publicidad #Amazon #16 \ud83d\udd34 Altavoces marinos \u2705 AHORA 28.98 \u20ac \u2714\ufe0f\ud83d\udfe1 \u274c Antes 46.90 \u20ac \ud83d\uded2: https:\/\/btz.es\/5rBy5ZI Descubre los Altavoces Marinos de Pyle, dise\u00f1ados especialmente para ofrecer un sonido n\u00edtido y potente en ambientes acu\u00e1ticos. Fabricados con materiales resistentes a la corrosi\u00f3n y al agua, son ideales para embarcaciones y actividades [&hellip;]<\/p>\n","protected":false},"featured_media":12966,"template":"","meta":{"_gspb_post_css":""},"store":[],"product_brand":[],"product_cat":[16],"product_tag":[],"class_list":{"0":"post-12967","1":"product","2":"type-product","3":"status-publish","4":"has-post-thumbnail","6":"product_cat-sin-categorizar","8":"first","9":"instock","10":"sale","11":"shipping-taxable","12":"product-type-external"},"jetpack_sharing_enabled":true,"_links":{"self":[{"href":"https:\/\/ofertacular.com\/index.php\/wp-json\/wp\/v2\/product\/12967","targetHints":{"allow":["GET"]}}],"collection":[{"href":"https:\/\/ofertacular.com\/index.php\/wp-json\/wp\/v2\/product"}],"about":[{"href":"https:\/\/ofertacular.com\/index.php\/wp-json\/wp\/v2\/types\/product"}],"wp:featuredmedia":[{"embeddable":true,"href":"https:\/\/ofertacular.com\/index.php\/wp-json\/wp\/v2\/media\/12966"}],"wp:attachment":[{"href":"https:\/\/ofertacular.com\/index.php\/wp-json\/wp\/v2\/media?parent=12967"}],"wp:term":[{"taxonomy":"store","embeddable":true,"href":"https:\/\/ofertacular.com\/index.php\/wp-json\/wp\/v2\/store?post=12967"},{"taxonomy":"product_brand","embeddable":true,"href":"https:\/\/ofertacular.com\/index.php\/wp-json\/wp\/v2\/product_brand?post=12967"},{"taxonomy":"product_cat","embeddable":true,"href":"https:\/\/ofertacular.com\/index.php\/wp-json\/wp\/v2\/product_cat?post=12967"},{"taxonomy":"product_tag","embeddable":true,"href":"https:\/\/ofertacular.com\/index.php\/wp-json\/wp\/v2\/product_tag?post=12967"}],"curies":[{"name":"wp","href":"https:\/\/api.w.org\/{rel}","templated":true}]}}