{"id":12985,"date":"2026-04-24T13:32:11","date_gmt":"2026-04-24T11:32:11","guid":{"rendered":"https:\/\/ofertacular.com\/index.php\/producto\/batidora-mano\/"},"modified":"2026-04-24T13:32:11","modified_gmt":"2026-04-24T11:32:11","slug":"batidora-mano","status":"publish","type":"product","link":"https:\/\/ofertacular.com\/index.php\/producto\/batidora-mano\/","title":{"rendered":"Batidora Mano"},"content":{"rendered":"<div class=\"oferta-container\">\n<p>\ud83d\udfe5 <b>EXCLUSIVO<\/b> \ud83d\udfe5 #Publicidad #Amazon #16<\/p>\n<p>\ud83d\udd34 <b>Batidora Mano <\/b><\/p>\n<p>\u2705 <b>AHORA 28.47 \u20ac<\/b> \u2714\ufe0f\ud83d\udfe1<\/p>\n<p>\u274c Antes 68.99 \u20ac<\/p>\n<p>\ud83d\uded2: <a href=\"https:\/\/btz.es\/5rHUjCb\" target=\"_blank\" rel=\"nofollow noopener\">https:\/\/btz.es\/5rHUjCb<\/a><\/p>\n<p>Potente batidora de mano dise\u00f1ada para facilitar tus preparaciones culinarias. Este electrodom\u00e9stico ergon\u00f3mico y vers\u00e1til es perfecto para mezclar, triturar y batir ingredientes con facilidad y rapidez en cualquier cocina. Su dise\u00f1o compacto permite un manejo c\u00f3modo y almacenamiento sencillo. Ideal para quienes buscan eficiencia y calidad en la cocina diaria, esta batidora de mano es el aliado perfecto para tus recetas favoritas.<\/p>\n<\/p><\/div>\n","protected":false},"excerpt":{"rendered":"<p>\ud83d\udfe5 EXCLUSIVO \ud83d\udfe5 #Publicidad #Amazon #16 \ud83d\udd34 Batidora Mano \u2705 AHORA 28.47 \u20ac \u2714\ufe0f\ud83d\udfe1 \u274c Antes 68.99 \u20ac \ud83d\uded2: https:\/\/btz.es\/5rHUjCb Potente batidora de mano dise\u00f1ada para facilitar tus preparaciones culinarias. Este electrodom\u00e9stico ergon\u00f3mico y vers\u00e1til es perfecto para mezclar, triturar y batir ingredientes con facilidad y rapidez en cualquier cocina. Su dise\u00f1o compacto permite un [&hellip;]<\/p>\n","protected":false},"featured_media":12984,"template":"","meta":{"_gspb_post_css":""},"store":[],"product_brand":[],"product_cat":[16],"product_tag":[],"class_list":{"0":"post-12985","1":"product","2":"type-product","3":"status-publish","4":"has-post-thumbnail","6":"product_cat-sin-categorizar","8":"first","9":"instock","10":"sale","11":"shipping-taxable","12":"product-type-external"},"jetpack_sharing_enabled":true,"_links":{"self":[{"href":"https:\/\/ofertacular.com\/index.php\/wp-json\/wp\/v2\/product\/12985","targetHints":{"allow":["GET"]}}],"collection":[{"href":"https:\/\/ofertacular.com\/index.php\/wp-json\/wp\/v2\/product"}],"about":[{"href":"https:\/\/ofertacular.com\/index.php\/wp-json\/wp\/v2\/types\/product"}],"wp:featuredmedia":[{"embeddable":true,"href":"https:\/\/ofertacular.com\/index.php\/wp-json\/wp\/v2\/media\/12984"}],"wp:attachment":[{"href":"https:\/\/ofertacular.com\/index.php\/wp-json\/wp\/v2\/media?parent=12985"}],"wp:term":[{"taxonomy":"store","embeddable":true,"href":"https:\/\/ofertacular.com\/index.php\/wp-json\/wp\/v2\/store?post=12985"},{"taxonomy":"product_brand","embeddable":true,"href":"https:\/\/ofertacular.com\/index.php\/wp-json\/wp\/v2\/product_brand?post=12985"},{"taxonomy":"product_cat","embeddable":true,"href":"https:\/\/ofertacular.com\/index.php\/wp-json\/wp\/v2\/product_cat?post=12985"},{"taxonomy":"product_tag","embeddable":true,"href":"https:\/\/ofertacular.com\/index.php\/wp-json\/wp\/v2\/product_tag?post=12985"}],"curies":[{"name":"wp","href":"https:\/\/api.w.org\/{rel}","templated":true}]}}