{"id":12993,"date":"2026-04-27T07:56:07","date_gmt":"2026-04-27T05:56:07","guid":{"rendered":"https:\/\/ofertacular.com\/index.php\/producto\/apple-watch-7\/"},"modified":"2026-04-27T07:56:07","modified_gmt":"2026-04-27T05:56:07","slug":"apple-watch-7","status":"publish","type":"product","link":"https:\/\/ofertacular.com\/index.php\/producto\/apple-watch-7\/","title":{"rendered":"Apple Watch"},"content":{"rendered":"<div class=\"oferta-container\">\n<p>\ud83d\udfe5 <b>GRAN OFERTA<\/b> \ud83d\udfe5 #Publicidad #Amazon #16<\/p>\n<p>\ud83d\udd34 <b>Smartwatch Apple <\/b><\/p>\n<p>\u2705 <b>AHORA 269.1 \u20ac<\/b> \u2714\ufe0f\ud83d\udfe1<\/p>\n<p>\u274c Antes 299.00 \u20ac<\/p>\n<p>\ud83d\uded2: <a href=\"https:\/\/btz.es\/5rYfhEh\" target=\"_blank\" rel=\"nofollow noopener\">https:\/\/btz.es\/5rYfhEh<\/a><\/p>\n<p>Descubre el Apple Watch, el reloj inteligente dise\u00f1ado para ofrecerte la mejor experiencia tecnol\u00f3gica en tu mu\u00f1eca. Con funcionalidades avanzadas como seguimiento de salud, notificaciones en tiempo real y una integraci\u00f3n perfecta con todos tus dispositivos Apple, este smartwatch es el complemento ideal para un estilo de vida activo y conectado. Mejora tu productividad y cuida tu bienestar con el Apple Watch, combinando innovaci\u00f3n, dise\u00f1o y rendimiento en un solo dispositivo.<\/p>\n<\/p><\/div>\n","protected":false},"excerpt":{"rendered":"<p>\ud83d\udfe5 GRAN OFERTA \ud83d\udfe5 #Publicidad #Amazon #16 \ud83d\udd34 Smartwatch Apple \u2705 AHORA 269.1 \u20ac \u2714\ufe0f\ud83d\udfe1 \u274c Antes 299.00 \u20ac \ud83d\uded2: https:\/\/btz.es\/5rYfhEh Descubre el Apple Watch, el reloj inteligente dise\u00f1ado para ofrecerte la mejor experiencia tecnol\u00f3gica en tu mu\u00f1eca. Con funcionalidades avanzadas como seguimiento de salud, notificaciones en tiempo real y una integraci\u00f3n perfecta con todos [&hellip;]<\/p>\n","protected":false},"featured_media":12992,"template":"","meta":{"_gspb_post_css":""},"store":[],"product_brand":[],"product_cat":[16],"product_tag":[],"class_list":{"0":"post-12993","1":"product","2":"type-product","3":"status-publish","4":"has-post-thumbnail","6":"product_cat-sin-categorizar","8":"first","9":"instock","10":"sale","11":"shipping-taxable","12":"product-type-external"},"jetpack_sharing_enabled":true,"_links":{"self":[{"href":"https:\/\/ofertacular.com\/index.php\/wp-json\/wp\/v2\/product\/12993","targetHints":{"allow":["GET"]}}],"collection":[{"href":"https:\/\/ofertacular.com\/index.php\/wp-json\/wp\/v2\/product"}],"about":[{"href":"https:\/\/ofertacular.com\/index.php\/wp-json\/wp\/v2\/types\/product"}],"wp:featuredmedia":[{"embeddable":true,"href":"https:\/\/ofertacular.com\/index.php\/wp-json\/wp\/v2\/media\/12992"}],"wp:attachment":[{"href":"https:\/\/ofertacular.com\/index.php\/wp-json\/wp\/v2\/media?parent=12993"}],"wp:term":[{"taxonomy":"store","embeddable":true,"href":"https:\/\/ofertacular.com\/index.php\/wp-json\/wp\/v2\/store?post=12993"},{"taxonomy":"product_brand","embeddable":true,"href":"https:\/\/ofertacular.com\/index.php\/wp-json\/wp\/v2\/product_brand?post=12993"},{"taxonomy":"product_cat","embeddable":true,"href":"https:\/\/ofertacular.com\/index.php\/wp-json\/wp\/v2\/product_cat?post=12993"},{"taxonomy":"product_tag","embeddable":true,"href":"https:\/\/ofertacular.com\/index.php\/wp-json\/wp\/v2\/product_tag?post=12993"}],"curies":[{"name":"wp","href":"https:\/\/api.w.org\/{rel}","templated":true}]}}