{"id":13017,"date":"2026-04-28T07:29:42","date_gmt":"2026-04-28T05:29:42","guid":{"rendered":"https:\/\/ofertacular.com\/index.php\/producto\/amazon-basics-tripode\/"},"modified":"2026-04-28T07:29:42","modified_gmt":"2026-04-28T05:29:42","slug":"amazon-basics-tripode","status":"publish","type":"product","link":"https:\/\/ofertacular.com\/index.php\/producto\/amazon-basics-tripode\/","title":{"rendered":"Amazon Basics Tr\u00edpode"},"content":{"rendered":"<div class=\"oferta-container\">\n<p>\ud83d\udfe5 <b>\u00a1NO TE LA PIERDAS!<\/b> \ud83d\udfe5 #Publicidad #Amazon #16<\/p>\n<p>\ud83d\udd34 <b>Tr\u00edpode Amazon <\/b><\/p>\n<p>\u2705 <b>AHORA 9.68 \u20ac<\/b> \u2714\ufe0f\ud83d\udfe1<\/p>\n<p>\u274c Antes 14.52 \u20ac<\/p>\n<p>\ud83d\uded2: <a href=\"https:\/\/btz.es\/5sdOZE4\" target=\"_blank\" rel=\"nofollow noopener\">https:\/\/btz.es\/5sdOZE4<\/a><\/p>\n<p>Optimiza la estabilidad y captura de tus im\u00e1genes con el tr\u00edpode Amazon Basics, dise\u00f1ado para ofrecer soporte resistente y pr\u00e1ctico. Ideal para fot\u00f3grafos y vide\u00f3grafos que buscan calidad y funcionalidad, este tr\u00edpode es ligero, ajustable y compatible con diversas c\u00e1maras. Mejora tus proyectos visuales con un accesorio confiable que garantiza precisi\u00f3n y profesionalismo en cada toma.<\/p>\n<\/p><\/div>\n","protected":false},"excerpt":{"rendered":"<p>\ud83d\udfe5 \u00a1NO TE LA PIERDAS! \ud83d\udfe5 #Publicidad #Amazon #16 \ud83d\udd34 Tr\u00edpode Amazon \u2705 AHORA 9.68 \u20ac \u2714\ufe0f\ud83d\udfe1 \u274c Antes 14.52 \u20ac \ud83d\uded2: https:\/\/btz.es\/5sdOZE4 Optimiza la estabilidad y captura de tus im\u00e1genes con el tr\u00edpode Amazon Basics, dise\u00f1ado para ofrecer soporte resistente y pr\u00e1ctico. Ideal para fot\u00f3grafos y vide\u00f3grafos que buscan calidad y funcionalidad, este tr\u00edpode [&hellip;]<\/p>\n","protected":false},"featured_media":13016,"template":"","meta":{"_gspb_post_css":""},"store":[],"product_brand":[],"product_cat":[16],"product_tag":[],"class_list":{"0":"post-13017","1":"product","2":"type-product","3":"status-publish","4":"has-post-thumbnail","6":"product_cat-sin-categorizar","8":"first","9":"instock","10":"sale","11":"shipping-taxable","12":"product-type-external"},"jetpack_sharing_enabled":true,"_links":{"self":[{"href":"https:\/\/ofertacular.com\/index.php\/wp-json\/wp\/v2\/product\/13017","targetHints":{"allow":["GET"]}}],"collection":[{"href":"https:\/\/ofertacular.com\/index.php\/wp-json\/wp\/v2\/product"}],"about":[{"href":"https:\/\/ofertacular.com\/index.php\/wp-json\/wp\/v2\/types\/product"}],"wp:featuredmedia":[{"embeddable":true,"href":"https:\/\/ofertacular.com\/index.php\/wp-json\/wp\/v2\/media\/13016"}],"wp:attachment":[{"href":"https:\/\/ofertacular.com\/index.php\/wp-json\/wp\/v2\/media?parent=13017"}],"wp:term":[{"taxonomy":"store","embeddable":true,"href":"https:\/\/ofertacular.com\/index.php\/wp-json\/wp\/v2\/store?post=13017"},{"taxonomy":"product_brand","embeddable":true,"href":"https:\/\/ofertacular.com\/index.php\/wp-json\/wp\/v2\/product_brand?post=13017"},{"taxonomy":"product_cat","embeddable":true,"href":"https:\/\/ofertacular.com\/index.php\/wp-json\/wp\/v2\/product_cat?post=13017"},{"taxonomy":"product_tag","embeddable":true,"href":"https:\/\/ofertacular.com\/index.php\/wp-json\/wp\/v2\/product_tag?post=13017"}],"curies":[{"name":"wp","href":"https:\/\/api.w.org\/{rel}","templated":true}]}}