{"id":13027,"date":"2026-04-28T07:45:12","date_gmt":"2026-04-28T05:45:12","guid":{"rendered":"https:\/\/ofertacular.com\/index.php\/producto\/gillette-beard-kit\/"},"modified":"2026-04-28T07:45:12","modified_gmt":"2026-04-28T05:45:12","slug":"gillette-beard-kit","status":"publish","type":"product","link":"https:\/\/ofertacular.com\/index.php\/producto\/gillette-beard-kit\/","title":{"rendered":"Gillette Beard Kit"},"content":{"rendered":"<div class=\"oferta-container\">\n<p>\ud83d\udfe5 <b>DATE PRISA<\/b> \ud83d\udfe5 #Publicidad #Amazon #16<\/p>\n<p>\ud83d\udd34 <b>Kit Barba <\/b><\/p>\n<p>\u2705 <b>AHORA 19.99 \u20ac<\/b> \u2714\ufe0f\ud83d\udfe1<\/p>\n<p>\u274c Antes 37.37 \u20ac<\/p>\n<p>\ud83d\uded2: <a href=\"https:\/\/btz.es\/5sdSTYX\" target=\"_blank\" rel=\"nofollow noopener\">https:\/\/btz.es\/5sdSTYX<\/a><\/p>\n<p>Descubre el Kit Barba Gillette, la soluci\u00f3n definitiva para el cuidado y estilo de tu barba. Este completo set incluye herramientas de alta precisi\u00f3n dise\u00f1adas para un afilado y acabado profesional en casa. Perfecto para mantener una barba impecable, suave y bien definida, este kit garantiza resultados de calidad superior con la confianza y tradici\u00f3n de la marca Gillette. Optimizado para hombres exigentes que buscan el mejor cuidado personal, este producto te ofrece comodidad, estilo y durabilidad en un solo paquete.<\/p>\n<\/p><\/div>\n","protected":false},"excerpt":{"rendered":"<p>\ud83d\udfe5 DATE PRISA \ud83d\udfe5 #Publicidad #Amazon #16 \ud83d\udd34 Kit Barba \u2705 AHORA 19.99 \u20ac \u2714\ufe0f\ud83d\udfe1 \u274c Antes 37.37 \u20ac \ud83d\uded2: https:\/\/btz.es\/5sdSTYX Descubre el Kit Barba Gillette, la soluci\u00f3n definitiva para el cuidado y estilo de tu barba. Este completo set incluye herramientas de alta precisi\u00f3n dise\u00f1adas para un afilado y acabado profesional en casa. Perfecto [&hellip;]<\/p>\n","protected":false},"featured_media":13026,"template":"","meta":{"_gspb_post_css":""},"store":[],"product_brand":[],"product_cat":[16],"product_tag":[],"class_list":{"0":"post-13027","1":"product","2":"type-product","3":"status-publish","4":"has-post-thumbnail","6":"product_cat-sin-categorizar","8":"first","9":"instock","10":"sale","11":"shipping-taxable","12":"product-type-external"},"jetpack_sharing_enabled":true,"_links":{"self":[{"href":"https:\/\/ofertacular.com\/index.php\/wp-json\/wp\/v2\/product\/13027","targetHints":{"allow":["GET"]}}],"collection":[{"href":"https:\/\/ofertacular.com\/index.php\/wp-json\/wp\/v2\/product"}],"about":[{"href":"https:\/\/ofertacular.com\/index.php\/wp-json\/wp\/v2\/types\/product"}],"wp:featuredmedia":[{"embeddable":true,"href":"https:\/\/ofertacular.com\/index.php\/wp-json\/wp\/v2\/media\/13026"}],"wp:attachment":[{"href":"https:\/\/ofertacular.com\/index.php\/wp-json\/wp\/v2\/media?parent=13027"}],"wp:term":[{"taxonomy":"store","embeddable":true,"href":"https:\/\/ofertacular.com\/index.php\/wp-json\/wp\/v2\/store?post=13027"},{"taxonomy":"product_brand","embeddable":true,"href":"https:\/\/ofertacular.com\/index.php\/wp-json\/wp\/v2\/product_brand?post=13027"},{"taxonomy":"product_cat","embeddable":true,"href":"https:\/\/ofertacular.com\/index.php\/wp-json\/wp\/v2\/product_cat?post=13027"},{"taxonomy":"product_tag","embeddable":true,"href":"https:\/\/ofertacular.com\/index.php\/wp-json\/wp\/v2\/product_tag?post=13027"}],"curies":[{"name":"wp","href":"https:\/\/api.w.org\/{rel}","templated":true}]}}