{"id":13033,"date":"2026-04-29T07:05:03","date_gmt":"2026-04-29T05:05:03","guid":{"rendered":"https:\/\/ofertacular.com\/index.php\/producto\/tresemme-champu\/"},"modified":"2026-04-29T07:05:03","modified_gmt":"2026-04-29T05:05:03","slug":"tresemme-champu","status":"publish","type":"product","link":"https:\/\/ofertacular.com\/index.php\/producto\/tresemme-champu\/","title":{"rendered":"TRESemm\u00e9 Champ\u00fa"},"content":{"rendered":"<div class=\"oferta-container\">\n<p>\ud83d\udfe5 <b>UNA GANGA<\/b> \ud83d\udfe5 #Publicidad #Amazon #16<\/p>\n<p>\ud83d\udd34 <b>Champ\u00fa TRESemm\u00e9 <\/b><\/p>\n<p>\u2705 <b>AHORA 1 \u20ac<\/b> \u2714\ufe0f\ud83d\udfe1<\/p>\n<p>\u274c Antes 1.50 \u20ac<\/p>\n<p>\ud83d\uded2: <a href=\"https:\/\/btz.es\/5sj9t0y\" target=\"_blank\" rel=\"nofollow noopener\">https:\/\/btz.es\/5sj9t0y<\/a><\/p>\n<p>Descubre el champ\u00fa TRESemm\u00e9, especialmente formulado para proporcionar una limpieza profunda y un cuidado profesional en casa. Ideal para todo tipo de cabello, este champ\u00fa nutre y fortalece desde la ra\u00edz hasta las puntas, dejando tu melena suave, manejable y con un brillo natural. Conf\u00eda en la calidad de TRESemm\u00e9 para revitalizar tu cabello y mantenerlo saludable d\u00eda tras d\u00eda.<\/p>\n<\/p><\/div>\n","protected":false},"excerpt":{"rendered":"<p>\ud83d\udfe5 UNA GANGA \ud83d\udfe5 #Publicidad #Amazon #16 \ud83d\udd34 Champ\u00fa TRESemm\u00e9 \u2705 AHORA 1 \u20ac \u2714\ufe0f\ud83d\udfe1 \u274c Antes 1.50 \u20ac \ud83d\uded2: https:\/\/btz.es\/5sj9t0y Descubre el champ\u00fa TRESemm\u00e9, especialmente formulado para proporcionar una limpieza profunda y un cuidado profesional en casa. Ideal para todo tipo de cabello, este champ\u00fa nutre y fortalece desde la ra\u00edz hasta las puntas, [&hellip;]<\/p>\n","protected":false},"featured_media":13032,"template":"","meta":{"_gspb_post_css":""},"store":[],"product_brand":[],"product_cat":[16],"product_tag":[],"class_list":{"0":"post-13033","1":"product","2":"type-product","3":"status-publish","4":"has-post-thumbnail","6":"product_cat-sin-categorizar","8":"first","9":"instock","10":"sale","11":"shipping-taxable","12":"product-type-external"},"jetpack_sharing_enabled":true,"_links":{"self":[{"href":"https:\/\/ofertacular.com\/index.php\/wp-json\/wp\/v2\/product\/13033","targetHints":{"allow":["GET"]}}],"collection":[{"href":"https:\/\/ofertacular.com\/index.php\/wp-json\/wp\/v2\/product"}],"about":[{"href":"https:\/\/ofertacular.com\/index.php\/wp-json\/wp\/v2\/types\/product"}],"wp:featuredmedia":[{"embeddable":true,"href":"https:\/\/ofertacular.com\/index.php\/wp-json\/wp\/v2\/media\/13032"}],"wp:attachment":[{"href":"https:\/\/ofertacular.com\/index.php\/wp-json\/wp\/v2\/media?parent=13033"}],"wp:term":[{"taxonomy":"store","embeddable":true,"href":"https:\/\/ofertacular.com\/index.php\/wp-json\/wp\/v2\/store?post=13033"},{"taxonomy":"product_brand","embeddable":true,"href":"https:\/\/ofertacular.com\/index.php\/wp-json\/wp\/v2\/product_brand?post=13033"},{"taxonomy":"product_cat","embeddable":true,"href":"https:\/\/ofertacular.com\/index.php\/wp-json\/wp\/v2\/product_cat?post=13033"},{"taxonomy":"product_tag","embeddable":true,"href":"https:\/\/ofertacular.com\/index.php\/wp-json\/wp\/v2\/product_tag?post=13033"}],"curies":[{"name":"wp","href":"https:\/\/api.w.org\/{rel}","templated":true}]}}