{"id":13035,"date":"2026-04-29T07:06:51","date_gmt":"2026-04-29T05:06:51","guid":{"rendered":"https:\/\/ofertacular.com\/index.php\/producto\/monix-knives-set\/"},"modified":"2026-04-29T07:06:51","modified_gmt":"2026-04-29T05:06:51","slug":"monix-knives-set","status":"publish","type":"product","link":"https:\/\/ofertacular.com\/index.php\/producto\/monix-knives-set\/","title":{"rendered":"Monix Knives Set"},"content":{"rendered":"<div class=\"oferta-container\">\n<p>\ud83d\udfe5 <b>REBAJA<\/b> \ud83d\udfe5 #Publicidad #Amazon #16<\/p>\n<p>\ud83d\udd34 <b>Set Cuchillos <\/b><\/p>\n<p>\u2705 <b>AHORA 8.99 \u20ac<\/b> \u2714\ufe0f\ud83d\udfe1<\/p>\n<p>\u274c Antes 15.00 \u20ac<\/p>\n<p>\ud83d\uded2: <a href=\"https:\/\/btz.es\/5sj9LUv\" target=\"_blank\" rel=\"nofollow noopener\">https:\/\/btz.es\/5sj9LUv<\/a><\/p>\n<p>Descubre el Set de Cuchillos Monix, dise\u00f1ado para brindar precisi\u00f3n y durabilidad en tu cocina. Este conjunto de alta calidad incluye cuchillos vers\u00e1tiles esenciales para cortar, picar y filetear con facilidad. La marca Monix garantiza materiales resistentes y ergonom\u00eda superior para una experiencia culinaria profesional en casa. Mejora tu equipamiento con estos cuchillos ideales para chefs amateurs y expertos, optimizando tu preparaci\u00f3n de alimentos con estilo y eficiencia.<\/p>\n<\/p><\/div>\n","protected":false},"excerpt":{"rendered":"<p>\ud83d\udfe5 REBAJA \ud83d\udfe5 #Publicidad #Amazon #16 \ud83d\udd34 Set Cuchillos \u2705 AHORA 8.99 \u20ac \u2714\ufe0f\ud83d\udfe1 \u274c Antes 15.00 \u20ac \ud83d\uded2: https:\/\/btz.es\/5sj9LUv Descubre el Set de Cuchillos Monix, dise\u00f1ado para brindar precisi\u00f3n y durabilidad en tu cocina. Este conjunto de alta calidad incluye cuchillos vers\u00e1tiles esenciales para cortar, picar y filetear con facilidad. La marca Monix garantiza [&hellip;]<\/p>\n","protected":false},"featured_media":13034,"template":"","meta":{"_gspb_post_css":""},"store":[],"product_brand":[],"product_cat":[16],"product_tag":[],"class_list":{"0":"post-13035","1":"product","2":"type-product","3":"status-publish","4":"has-post-thumbnail","6":"product_cat-sin-categorizar","8":"first","9":"instock","10":"sale","11":"shipping-taxable","12":"product-type-external"},"jetpack_sharing_enabled":true,"_links":{"self":[{"href":"https:\/\/ofertacular.com\/index.php\/wp-json\/wp\/v2\/product\/13035","targetHints":{"allow":["GET"]}}],"collection":[{"href":"https:\/\/ofertacular.com\/index.php\/wp-json\/wp\/v2\/product"}],"about":[{"href":"https:\/\/ofertacular.com\/index.php\/wp-json\/wp\/v2\/types\/product"}],"wp:featuredmedia":[{"embeddable":true,"href":"https:\/\/ofertacular.com\/index.php\/wp-json\/wp\/v2\/media\/13034"}],"wp:attachment":[{"href":"https:\/\/ofertacular.com\/index.php\/wp-json\/wp\/v2\/media?parent=13035"}],"wp:term":[{"taxonomy":"store","embeddable":true,"href":"https:\/\/ofertacular.com\/index.php\/wp-json\/wp\/v2\/store?post=13035"},{"taxonomy":"product_brand","embeddable":true,"href":"https:\/\/ofertacular.com\/index.php\/wp-json\/wp\/v2\/product_brand?post=13035"},{"taxonomy":"product_cat","embeddable":true,"href":"https:\/\/ofertacular.com\/index.php\/wp-json\/wp\/v2\/product_cat?post=13035"},{"taxonomy":"product_tag","embeddable":true,"href":"https:\/\/ofertacular.com\/index.php\/wp-json\/wp\/v2\/product_tag?post=13035"}],"curies":[{"name":"wp","href":"https:\/\/api.w.org\/{rel}","templated":true}]}}