{"id":13039,"date":"2026-04-29T07:40:23","date_gmt":"2026-04-29T05:40:23","guid":{"rendered":"https:\/\/ofertacular.com\/index.php\/producto\/philips-oneblade-5\/"},"modified":"2026-04-29T07:40:23","modified_gmt":"2026-04-29T05:40:23","slug":"philips-oneblade-5","status":"publish","type":"product","link":"https:\/\/ofertacular.com\/index.php\/producto\/philips-oneblade-5\/","title":{"rendered":"Philips OneBlade"},"content":{"rendered":"<div class=\"oferta-container\">\n<p>\ud83d\udfe5 <b>\u00a1GANGAZO!<\/b> \ud83d\udfe5 #Publicidad #Amazon #16<\/p>\n<p>\ud83d\udd34 <b>Recortadora Hombre <\/b><\/p>\n<p>\u2705 <b>AHORA 23.99 \u20ac<\/b> \u2714\ufe0f\ud83d\udfe1<\/p>\n<p>\u274c Antes 29.99 \u20ac<\/p>\n<p>\ud83d\uded2: <a href=\"https:\/\/btz.es\/5sjIl78\" target=\"_blank\" rel=\"nofollow noopener\">https:\/\/btz.es\/5sjIl78<\/a><\/p>\n<p>Philips OneBlade es la herramienta definitiva de cuidado personal masculina que combina la precisi\u00f3n de una afeitadora y la versatilidad de un recortador. Dise\u00f1ada para recortar, perfilar y afeitar cualquier longitud de barba con comodidad y eficacia, garantiza un acabado suave sin irritaci\u00f3n. Su innovadora tecnolog\u00eda de hoja \u00fanica proporciona un rendimiento duradero y cortes r\u00e1pidos, ideal para un estilo impecable diario. Optimizada para ofrecer la mejor experiencia, Philips OneBlade es esencial para hombres que buscan calidad y funcionalidad en su rutina de afeitado.<\/p>\n<\/p><\/div>\n","protected":false},"excerpt":{"rendered":"<p>\ud83d\udfe5 \u00a1GANGAZO! \ud83d\udfe5 #Publicidad #Amazon #16 \ud83d\udd34 Recortadora Hombre \u2705 AHORA 23.99 \u20ac \u2714\ufe0f\ud83d\udfe1 \u274c Antes 29.99 \u20ac \ud83d\uded2: https:\/\/btz.es\/5sjIl78 Philips OneBlade es la herramienta definitiva de cuidado personal masculina que combina la precisi\u00f3n de una afeitadora y la versatilidad de un recortador. Dise\u00f1ada para recortar, perfilar y afeitar cualquier longitud de barba con comodidad [&hellip;]<\/p>\n","protected":false},"featured_media":13038,"template":"","meta":{"_gspb_post_css":""},"store":[],"product_brand":[],"product_cat":[16],"product_tag":[],"class_list":{"0":"post-13039","1":"product","2":"type-product","3":"status-publish","4":"has-post-thumbnail","6":"product_cat-sin-categorizar","8":"first","9":"instock","10":"sale","11":"shipping-taxable","12":"product-type-external"},"jetpack_sharing_enabled":true,"_links":{"self":[{"href":"https:\/\/ofertacular.com\/index.php\/wp-json\/wp\/v2\/product\/13039","targetHints":{"allow":["GET"]}}],"collection":[{"href":"https:\/\/ofertacular.com\/index.php\/wp-json\/wp\/v2\/product"}],"about":[{"href":"https:\/\/ofertacular.com\/index.php\/wp-json\/wp\/v2\/types\/product"}],"wp:featuredmedia":[{"embeddable":true,"href":"https:\/\/ofertacular.com\/index.php\/wp-json\/wp\/v2\/media\/13038"}],"wp:attachment":[{"href":"https:\/\/ofertacular.com\/index.php\/wp-json\/wp\/v2\/media?parent=13039"}],"wp:term":[{"taxonomy":"store","embeddable":true,"href":"https:\/\/ofertacular.com\/index.php\/wp-json\/wp\/v2\/store?post=13039"},{"taxonomy":"product_brand","embeddable":true,"href":"https:\/\/ofertacular.com\/index.php\/wp-json\/wp\/v2\/product_brand?post=13039"},{"taxonomy":"product_cat","embeddable":true,"href":"https:\/\/ofertacular.com\/index.php\/wp-json\/wp\/v2\/product_cat?post=13039"},{"taxonomy":"product_tag","embeddable":true,"href":"https:\/\/ofertacular.com\/index.php\/wp-json\/wp\/v2\/product_tag?post=13039"}],"curies":[{"name":"wp","href":"https:\/\/api.w.org\/{rel}","templated":true}]}}