{"id":13053,"date":"2026-04-29T12:53:01","date_gmt":"2026-04-29T10:53:01","guid":{"rendered":"https:\/\/ofertacular.com\/index.php\/producto\/amazfit-active-2\/"},"modified":"2026-04-29T12:53:01","modified_gmt":"2026-04-29T10:53:01","slug":"amazfit-active-2","status":"publish","type":"product","link":"https:\/\/ofertacular.com\/index.php\/producto\/amazfit-active-2\/","title":{"rendered":"Amazfit Active"},"content":{"rendered":"<div class=\"oferta-container\">\n<p>\ud83d\udfe5 <b>AHORRA AQU\u00cd<\/b> \ud83d\udfe5 #Publicidad #Amazon #16<\/p>\n<p>\ud83d\udd34 <b>Reloj Deportivo <\/b><\/p>\n<p>\u2705 <b>AHORA 95 \u20ac<\/b> \u2714\ufe0f\ud83d\udfe1<\/p>\n<p>\u274c Antes 129.90 \u20ac<\/p>\n<p>\ud83d\uded2: <a href=\"https:\/\/btz.es\/5skYVfq\" target=\"_blank\" rel=\"nofollow noopener\">https:\/\/btz.es\/5skYVfq<\/a><\/p>\n<p>Descubre el Amazfit Active, un reloj deportivo dise\u00f1ado para maximizar tu rendimiento y estilo. Equipado con tecnolog\u00eda avanzada para monitoreo de actividad f\u00edsica, frecuencia card\u00edaca y seguimiento GPS, este reloj es el compa\u00f1ero ideal para atletas y entusiastas del fitness. Su dise\u00f1o elegante y resistente lo hace perfecto para cualquier ocasi\u00f3n, combinando funcionalidad y moda en un solo dispositivo. Aprovecha la precisi\u00f3n y durabilidad del Amazfit Active para alcanzar tus metas deportivas con confianza y comodidad.<\/p>\n<\/p><\/div>\n","protected":false},"excerpt":{"rendered":"<p>\ud83d\udfe5 AHORRA AQU\u00cd \ud83d\udfe5 #Publicidad #Amazon #16 \ud83d\udd34 Reloj Deportivo \u2705 AHORA 95 \u20ac \u2714\ufe0f\ud83d\udfe1 \u274c Antes 129.90 \u20ac \ud83d\uded2: https:\/\/btz.es\/5skYVfq Descubre el Amazfit Active, un reloj deportivo dise\u00f1ado para maximizar tu rendimiento y estilo. Equipado con tecnolog\u00eda avanzada para monitoreo de actividad f\u00edsica, frecuencia card\u00edaca y seguimiento GPS, este reloj es el compa\u00f1ero ideal [&hellip;]<\/p>\n","protected":false},"featured_media":13052,"template":"","meta":{"_gspb_post_css":""},"store":[],"product_brand":[],"product_cat":[16],"product_tag":[],"class_list":{"0":"post-13053","1":"product","2":"type-product","3":"status-publish","4":"has-post-thumbnail","6":"product_cat-sin-categorizar","8":"first","9":"instock","10":"sale","11":"shipping-taxable","12":"product-type-external"},"jetpack_sharing_enabled":true,"_links":{"self":[{"href":"https:\/\/ofertacular.com\/index.php\/wp-json\/wp\/v2\/product\/13053","targetHints":{"allow":["GET"]}}],"collection":[{"href":"https:\/\/ofertacular.com\/index.php\/wp-json\/wp\/v2\/product"}],"about":[{"href":"https:\/\/ofertacular.com\/index.php\/wp-json\/wp\/v2\/types\/product"}],"wp:featuredmedia":[{"embeddable":true,"href":"https:\/\/ofertacular.com\/index.php\/wp-json\/wp\/v2\/media\/13052"}],"wp:attachment":[{"href":"https:\/\/ofertacular.com\/index.php\/wp-json\/wp\/v2\/media?parent=13053"}],"wp:term":[{"taxonomy":"store","embeddable":true,"href":"https:\/\/ofertacular.com\/index.php\/wp-json\/wp\/v2\/store?post=13053"},{"taxonomy":"product_brand","embeddable":true,"href":"https:\/\/ofertacular.com\/index.php\/wp-json\/wp\/v2\/product_brand?post=13053"},{"taxonomy":"product_cat","embeddable":true,"href":"https:\/\/ofertacular.com\/index.php\/wp-json\/wp\/v2\/product_cat?post=13053"},{"taxonomy":"product_tag","embeddable":true,"href":"https:\/\/ofertacular.com\/index.php\/wp-json\/wp\/v2\/product_tag?post=13053"}],"curies":[{"name":"wp","href":"https:\/\/api.w.org\/{rel}","templated":true}]}}