{"id":13057,"date":"2026-04-29T13:49:54","date_gmt":"2026-04-29T11:49:54","guid":{"rendered":"https:\/\/ofertacular.com\/index.php\/producto\/blendura-rotulador\/"},"modified":"2026-04-29T13:49:54","modified_gmt":"2026-04-29T11:49:54","slug":"blendura-rotulador","status":"publish","type":"product","link":"https:\/\/ofertacular.com\/index.php\/producto\/blendura-rotulador\/","title":{"rendered":"Blendura Rotulador"},"content":{"rendered":"<div class=\"oferta-container\">\n<p>\ud83d\udfe5 <b>\u00a1GANGAZO!<\/b> \ud83d\udfe5 #Publicidad #Amazon #16<\/p>\n<p>\ud83d\udd34 <b>Rotulador Blendura <\/b><\/p>\n<p>\u2705 <b>AHORA 5.82 \u20ac<\/b> \u2714\ufe0f\ud83d\udfe1<\/p>\n<p>\u274c Antes 7.59 \u20ac<\/p>\n<p>\ud83d\uded2: <a href=\"https:\/\/btz.es\/5slnoKY\" target=\"_blank\" rel=\"nofollow noopener\">https:\/\/btz.es\/5slnoKY<\/a><\/p>\n<p>Descubre el Rotulador Blendura, la herramienta ideal para artistas y creativos que buscan precisi\u00f3n y calidad en cada trazo. Con una pigmentaci\u00f3n intensa y una punta duradera, este rotulador garantiza resultados profesionales en tus proyectos de dibujo, ilustraci\u00f3n y dise\u00f1o. Su dise\u00f1o ergon\u00f3mico facilita un agarre c\u00f3modo para un uso prolongado, perfecto tanto para principiantes como para expertos. Eleva tu creatividad y aporta un acabado excepcional a tus obras con el Rotulador Blendura.<\/p>\n<\/p><\/div>\n","protected":false},"excerpt":{"rendered":"<p>\ud83d\udfe5 \u00a1GANGAZO! \ud83d\udfe5 #Publicidad #Amazon #16 \ud83d\udd34 Rotulador Blendura \u2705 AHORA 5.82 \u20ac \u2714\ufe0f\ud83d\udfe1 \u274c Antes 7.59 \u20ac \ud83d\uded2: https:\/\/btz.es\/5slnoKY Descubre el Rotulador Blendura, la herramienta ideal para artistas y creativos que buscan precisi\u00f3n y calidad en cada trazo. Con una pigmentaci\u00f3n intensa y una punta duradera, este rotulador garantiza resultados profesionales en tus proyectos [&hellip;]<\/p>\n","protected":false},"featured_media":13056,"template":"","meta":{"_gspb_post_css":""},"store":[],"product_brand":[],"product_cat":[16],"product_tag":[],"class_list":{"0":"post-13057","1":"product","2":"type-product","3":"status-publish","4":"has-post-thumbnail","6":"product_cat-sin-categorizar","8":"first","9":"instock","10":"sale","11":"shipping-taxable","12":"product-type-external"},"jetpack_sharing_enabled":true,"_links":{"self":[{"href":"https:\/\/ofertacular.com\/index.php\/wp-json\/wp\/v2\/product\/13057","targetHints":{"allow":["GET"]}}],"collection":[{"href":"https:\/\/ofertacular.com\/index.php\/wp-json\/wp\/v2\/product"}],"about":[{"href":"https:\/\/ofertacular.com\/index.php\/wp-json\/wp\/v2\/types\/product"}],"wp:featuredmedia":[{"embeddable":true,"href":"https:\/\/ofertacular.com\/index.php\/wp-json\/wp\/v2\/media\/13056"}],"wp:attachment":[{"href":"https:\/\/ofertacular.com\/index.php\/wp-json\/wp\/v2\/media?parent=13057"}],"wp:term":[{"taxonomy":"store","embeddable":true,"href":"https:\/\/ofertacular.com\/index.php\/wp-json\/wp\/v2\/store?post=13057"},{"taxonomy":"product_brand","embeddable":true,"href":"https:\/\/ofertacular.com\/index.php\/wp-json\/wp\/v2\/product_brand?post=13057"},{"taxonomy":"product_cat","embeddable":true,"href":"https:\/\/ofertacular.com\/index.php\/wp-json\/wp\/v2\/product_cat?post=13057"},{"taxonomy":"product_tag","embeddable":true,"href":"https:\/\/ofertacular.com\/index.php\/wp-json\/wp\/v2\/product_tag?post=13057"}],"curies":[{"name":"wp","href":"https:\/\/api.w.org\/{rel}","templated":true}]}}