{"id":13089,"date":"2026-05-01T10:32:49","date_gmt":"2026-05-01T08:32:49","guid":{"rendered":"https:\/\/ofertacular.com\/index.php\/producto\/hondo-ohnaka-figure\/"},"modified":"2026-05-01T10:32:49","modified_gmt":"2026-05-01T08:32:49","slug":"hondo-ohnaka-figure","status":"publish","type":"product","link":"https:\/\/ofertacular.com\/index.php\/producto\/hondo-ohnaka-figure\/","title":{"rendered":"Hondo Ohnaka Figure"},"content":{"rendered":"<div class=\"oferta-container\">\ud83d\udfea <b>FUNKAZO<\/b> \ud83d\udfea #Publicidad #Amazon\ud83d\udfe3 <b> Funko POP! Star Wars Hondo Ohnaka<\/b> \u2705 <b>AHORA 11.2 \u20ac<\/b> \u2714\ufe0f\ud83d\udfe1\u274c Antes 16.00 \u20ac \u20ac \ud83d\uded2: https:\/\/btz.es\/5swgGd4\ud83d\udfe2 Ofertacular.com<\/p>\n<p>Descubre el Funko POP! Star Wars Hondo Ohnaka, una pieza imprescindible para los fans y coleccionistas de la saga. Esta figura captura la esencia del carism\u00e1tico personaje pirata, ofreciendo un detalle excepcional y la calidad inconfundible de Funko. Perfecto para exhibir y regalar, este Funko POP! es un art\u00edculo oficial que destaca en cualquier colecci\u00f3n de Star Wars y garantiza la satisfacci\u00f3n tanto de ni\u00f1os como adultos entusiastas del universo gal\u00e1ctico.<\/p>\n<\/div>\n","protected":false},"excerpt":{"rendered":"<p>\ud83d\udfea FUNKAZO \ud83d\udfea #Publicidad #Amazon\ud83d\udfe3 Funko POP! Star Wars Hondo Ohnaka \u2705 AHORA 11.2 \u20ac \u2714\ufe0f\ud83d\udfe1\u274c Antes 16.00 \u20ac \u20ac \ud83d\uded2: https:\/\/btz.es\/5swgGd4\ud83d\udfe2 Ofertacular.com Descubre el Funko POP! Star Wars Hondo Ohnaka, una pieza imprescindible para los fans y coleccionistas de la saga. Esta figura captura la esencia del carism\u00e1tico personaje pirata, ofreciendo un detalle excepcional [&hellip;]<\/p>\n","protected":false},"featured_media":13088,"template":"","meta":{"_gspb_post_css":""},"store":[],"product_brand":[],"product_cat":[16],"product_tag":[],"class_list":{"0":"post-13089","1":"product","2":"type-product","3":"status-publish","4":"has-post-thumbnail","6":"product_cat-sin-categorizar","8":"first","9":"instock","10":"sale","11":"shipping-taxable","12":"product-type-external"},"jetpack_sharing_enabled":true,"_links":{"self":[{"href":"https:\/\/ofertacular.com\/index.php\/wp-json\/wp\/v2\/product\/13089","targetHints":{"allow":["GET"]}}],"collection":[{"href":"https:\/\/ofertacular.com\/index.php\/wp-json\/wp\/v2\/product"}],"about":[{"href":"https:\/\/ofertacular.com\/index.php\/wp-json\/wp\/v2\/types\/product"}],"wp:featuredmedia":[{"embeddable":true,"href":"https:\/\/ofertacular.com\/index.php\/wp-json\/wp\/v2\/media\/13088"}],"wp:attachment":[{"href":"https:\/\/ofertacular.com\/index.php\/wp-json\/wp\/v2\/media?parent=13089"}],"wp:term":[{"taxonomy":"store","embeddable":true,"href":"https:\/\/ofertacular.com\/index.php\/wp-json\/wp\/v2\/store?post=13089"},{"taxonomy":"product_brand","embeddable":true,"href":"https:\/\/ofertacular.com\/index.php\/wp-json\/wp\/v2\/product_brand?post=13089"},{"taxonomy":"product_cat","embeddable":true,"href":"https:\/\/ofertacular.com\/index.php\/wp-json\/wp\/v2\/product_cat?post=13089"},{"taxonomy":"product_tag","embeddable":true,"href":"https:\/\/ofertacular.com\/index.php\/wp-json\/wp\/v2\/product_tag?post=13089"}],"curies":[{"name":"wp","href":"https:\/\/api.w.org\/{rel}","templated":true}]}}