{"id":13107,"date":"2026-05-04T10:08:28","date_gmt":"2026-05-04T08:08:28","guid":{"rendered":"https:\/\/ofertacular.com\/index.php\/producto\/cecotec-mixer-2\/"},"modified":"2026-05-04T10:08:28","modified_gmt":"2026-05-04T08:08:28","slug":"cecotec-mixer-2","status":"publish","type":"product","link":"https:\/\/ofertacular.com\/index.php\/producto\/cecotec-mixer-2\/","title":{"rendered":"Cecotec Mixer"},"content":{"rendered":"<div class=\"oferta-container\">\n<p>\ud83d\udfe5 <b>GRAN OFERTA<\/b> \ud83d\udfe5 #Publicidad #Amazon #16<\/p>\n<p>\ud83d\udd34 <b>Mixer Cecotec <\/b><\/p>\n<p>\u2705 <b>AHORA 65.38 \u20ac<\/b> \u2714\ufe0f\ud83d\udfe1<\/p>\n<p>\u274c Antes 69.90 \u20ac<\/p>\n<p>\ud83d\uded2: <a href=\"https:\/\/btz.es\/5sD8hFW\" target=\"_blank\" rel=\"nofollow noopener\">https:\/\/btz.es\/5sD8hFW<\/a><\/p>\n<p>Descubre el Mixer Cecotec, el aliado perfecto para preparar deliciosas mezclas y batidos de manera r\u00e1pida y sencilla. Este potente electrodom\u00e9stico destaca por su dise\u00f1o innovador y funcionalidad superior, ideal para cualquier cocina moderna. Con Cecotec, disfruta de resultados profesionales en cada uso gracias a su tecnolog\u00eda avanzada y materiales de alta calidad.<\/p>\n<\/p><\/div>\n","protected":false},"excerpt":{"rendered":"<p>\ud83d\udfe5 GRAN OFERTA \ud83d\udfe5 #Publicidad #Amazon #16 \ud83d\udd34 Mixer Cecotec \u2705 AHORA 65.38 \u20ac \u2714\ufe0f\ud83d\udfe1 \u274c Antes 69.90 \u20ac \ud83d\uded2: https:\/\/btz.es\/5sD8hFW Descubre el Mixer Cecotec, el aliado perfecto para preparar deliciosas mezclas y batidos de manera r\u00e1pida y sencilla. Este potente electrodom\u00e9stico destaca por su dise\u00f1o innovador y funcionalidad superior, ideal para cualquier cocina moderna. [&hellip;]<\/p>\n","protected":false},"featured_media":13106,"template":"","meta":{"_gspb_post_css":""},"store":[],"product_brand":[],"product_cat":[16],"product_tag":[],"class_list":{"0":"post-13107","1":"product","2":"type-product","3":"status-publish","4":"has-post-thumbnail","6":"product_cat-sin-categorizar","8":"first","9":"instock","10":"sale","11":"shipping-taxable","12":"product-type-external"},"jetpack_sharing_enabled":true,"_links":{"self":[{"href":"https:\/\/ofertacular.com\/index.php\/wp-json\/wp\/v2\/product\/13107","targetHints":{"allow":["GET"]}}],"collection":[{"href":"https:\/\/ofertacular.com\/index.php\/wp-json\/wp\/v2\/product"}],"about":[{"href":"https:\/\/ofertacular.com\/index.php\/wp-json\/wp\/v2\/types\/product"}],"wp:featuredmedia":[{"embeddable":true,"href":"https:\/\/ofertacular.com\/index.php\/wp-json\/wp\/v2\/media\/13106"}],"wp:attachment":[{"href":"https:\/\/ofertacular.com\/index.php\/wp-json\/wp\/v2\/media?parent=13107"}],"wp:term":[{"taxonomy":"store","embeddable":true,"href":"https:\/\/ofertacular.com\/index.php\/wp-json\/wp\/v2\/store?post=13107"},{"taxonomy":"product_brand","embeddable":true,"href":"https:\/\/ofertacular.com\/index.php\/wp-json\/wp\/v2\/product_brand?post=13107"},{"taxonomy":"product_cat","embeddable":true,"href":"https:\/\/ofertacular.com\/index.php\/wp-json\/wp\/v2\/product_cat?post=13107"},{"taxonomy":"product_tag","embeddable":true,"href":"https:\/\/ofertacular.com\/index.php\/wp-json\/wp\/v2\/product_tag?post=13107"}],"curies":[{"name":"wp","href":"https:\/\/api.w.org\/{rel}","templated":true}]}}