{"id":13109,"date":"2026-05-04T10:14:19","date_gmt":"2026-05-04T08:14:19","guid":{"rendered":"https:\/\/ofertacular.com\/index.php\/producto\/ultenic-u20\/"},"modified":"2026-05-04T10:14:19","modified_gmt":"2026-05-04T08:14:19","slug":"ultenic-u20","status":"publish","type":"product","link":"https:\/\/ofertacular.com\/index.php\/producto\/ultenic-u20\/","title":{"rendered":"Ultenic U20"},"content":{"rendered":"<div class=\"oferta-container\">\n<p>\ud83d\udfe5 <b>DESCUENTO<\/b> \ud83d\udfe5 #Publicidad #Amazon #16<\/p>\n<p>\ud83d\udd34 <b>Robot Aspirador <\/b><\/p>\n<p>\u2705 <b>AHORA 139.99 \u20ac<\/b> \u2714\ufe0f\ud83d\udfe1<\/p>\n<p>\u274c Antes 189.99 \u20ac<\/p>\n<p>\ud83d\uded2: <a href=\"https:\/\/btz.es\/5sD9AW2\" target=\"_blank\" rel=\"nofollow noopener\">https:\/\/btz.es\/5sD9AW2<\/a><\/p>\n<p>Descubre el Ultenic U20, un avanzado robot aspirador que combina tecnolog\u00eda de vanguardia y dise\u00f1o eficiente para mantener tu hogar impecable con m\u00ednimo esfuerzo. Su potente sistema de limpieza y navegaci\u00f3n inteligente garantizan resultados superiores en todo tipo de superficies, optimizando tanto la limpieza diaria como la eliminaci\u00f3n de polvo y pelos de mascotas. Perfecto para quienes buscan comodidad y eficacia en la limpieza autom\u00e1tica, el Ultenic U20 es la elecci\u00f3n ideal para transformar tu rutina de limpieza y disfrutar de un hogar siempre reluciente.<\/p>\n<\/p><\/div>\n","protected":false},"excerpt":{"rendered":"<p>\ud83d\udfe5 DESCUENTO \ud83d\udfe5 #Publicidad #Amazon #16 \ud83d\udd34 Robot Aspirador \u2705 AHORA 139.99 \u20ac \u2714\ufe0f\ud83d\udfe1 \u274c Antes 189.99 \u20ac \ud83d\uded2: https:\/\/btz.es\/5sD9AW2 Descubre el Ultenic U20, un avanzado robot aspirador que combina tecnolog\u00eda de vanguardia y dise\u00f1o eficiente para mantener tu hogar impecable con m\u00ednimo esfuerzo. Su potente sistema de limpieza y navegaci\u00f3n inteligente garantizan resultados superiores [&hellip;]<\/p>\n","protected":false},"featured_media":13108,"template":"","meta":{"_gspb_post_css":""},"store":[],"product_brand":[],"product_cat":[16],"product_tag":[],"class_list":{"0":"post-13109","1":"product","2":"type-product","3":"status-publish","4":"has-post-thumbnail","6":"product_cat-sin-categorizar","8":"first","9":"instock","10":"sale","11":"shipping-taxable","12":"product-type-external"},"jetpack_sharing_enabled":true,"_links":{"self":[{"href":"https:\/\/ofertacular.com\/index.php\/wp-json\/wp\/v2\/product\/13109","targetHints":{"allow":["GET"]}}],"collection":[{"href":"https:\/\/ofertacular.com\/index.php\/wp-json\/wp\/v2\/product"}],"about":[{"href":"https:\/\/ofertacular.com\/index.php\/wp-json\/wp\/v2\/types\/product"}],"wp:featuredmedia":[{"embeddable":true,"href":"https:\/\/ofertacular.com\/index.php\/wp-json\/wp\/v2\/media\/13108"}],"wp:attachment":[{"href":"https:\/\/ofertacular.com\/index.php\/wp-json\/wp\/v2\/media?parent=13109"}],"wp:term":[{"taxonomy":"store","embeddable":true,"href":"https:\/\/ofertacular.com\/index.php\/wp-json\/wp\/v2\/store?post=13109"},{"taxonomy":"product_brand","embeddable":true,"href":"https:\/\/ofertacular.com\/index.php\/wp-json\/wp\/v2\/product_brand?post=13109"},{"taxonomy":"product_cat","embeddable":true,"href":"https:\/\/ofertacular.com\/index.php\/wp-json\/wp\/v2\/product_cat?post=13109"},{"taxonomy":"product_tag","embeddable":true,"href":"https:\/\/ofertacular.com\/index.php\/wp-json\/wp\/v2\/product_tag?post=13109"}],"curies":[{"name":"wp","href":"https:\/\/api.w.org\/{rel}","templated":true}]}}