{"id":13111,"date":"2026-05-04T10:15:14","date_gmt":"2026-05-04T08:15:14","guid":{"rendered":"https:\/\/ofertacular.com\/index.php\/producto\/kaiju-hibino\/"},"modified":"2026-05-04T10:15:14","modified_gmt":"2026-05-04T08:15:14","slug":"kaiju-hibino","status":"publish","type":"product","link":"https:\/\/ofertacular.com\/index.php\/producto\/kaiju-hibino\/","title":{"rendered":"Kaiju Hibino"},"content":{"rendered":"<div class=\"oferta-container\">\ud83d\udfea <b>\u00a1FUNKO!<\/b> \ud83d\udfea #Publicidad #Amazon\ud83d\udfe3 <b> Funko POP! Kaiju Hibino<\/b> \u2705 <b>AHORA 12.99 \u20ac<\/b> \u2714\ufe0f\ud83d\udfe1\u274c Antes 16.00 \u20ac \u20ac \ud83d\uded2: https:\/\/btz.es\/5sD9Pm7\ud83d\udfe2 Ofertacular.com<\/p>\n<p>Descubre el espectacular Funko POP! Kaiju Hibino, una pieza imprescindible para coleccionistas y amantes de las figuras \u00fanicas. Esta edici\u00f3n limitada captura la esencia del ic\u00f3nico personaje Hibino con un detallado dise\u00f1o en vinilo que asegura una alta calidad y durabilidad. Perfecto para exhibici\u00f3n en tu colecci\u00f3n de Kaiju o para regalar a fans del g\u00e9nero. Aprovecha la oportunidad de adquirir esta figura exclusiva y dale un toque especial a tu espacio con Funko POP! Hibino.<\/p>\n<\/div>\n","protected":false},"excerpt":{"rendered":"<p>\ud83d\udfea \u00a1FUNKO! \ud83d\udfea #Publicidad #Amazon\ud83d\udfe3 Funko POP! Kaiju Hibino \u2705 AHORA 12.99 \u20ac \u2714\ufe0f\ud83d\udfe1\u274c Antes 16.00 \u20ac \u20ac \ud83d\uded2: https:\/\/btz.es\/5sD9Pm7\ud83d\udfe2 Ofertacular.com Descubre el espectacular Funko POP! Kaiju Hibino, una pieza imprescindible para coleccionistas y amantes de las figuras \u00fanicas. Esta edici\u00f3n limitada captura la esencia del ic\u00f3nico personaje Hibino con un detallado dise\u00f1o en vinilo [&hellip;]<\/p>\n","protected":false},"featured_media":13110,"template":"","meta":{"_gspb_post_css":""},"store":[],"product_brand":[],"product_cat":[16],"product_tag":[],"class_list":{"0":"post-13111","1":"product","2":"type-product","3":"status-publish","4":"has-post-thumbnail","6":"product_cat-sin-categorizar","8":"first","9":"instock","10":"sale","11":"shipping-taxable","12":"product-type-external"},"jetpack_sharing_enabled":true,"_links":{"self":[{"href":"https:\/\/ofertacular.com\/index.php\/wp-json\/wp\/v2\/product\/13111","targetHints":{"allow":["GET"]}}],"collection":[{"href":"https:\/\/ofertacular.com\/index.php\/wp-json\/wp\/v2\/product"}],"about":[{"href":"https:\/\/ofertacular.com\/index.php\/wp-json\/wp\/v2\/types\/product"}],"wp:featuredmedia":[{"embeddable":true,"href":"https:\/\/ofertacular.com\/index.php\/wp-json\/wp\/v2\/media\/13110"}],"wp:attachment":[{"href":"https:\/\/ofertacular.com\/index.php\/wp-json\/wp\/v2\/media?parent=13111"}],"wp:term":[{"taxonomy":"store","embeddable":true,"href":"https:\/\/ofertacular.com\/index.php\/wp-json\/wp\/v2\/store?post=13111"},{"taxonomy":"product_brand","embeddable":true,"href":"https:\/\/ofertacular.com\/index.php\/wp-json\/wp\/v2\/product_brand?post=13111"},{"taxonomy":"product_cat","embeddable":true,"href":"https:\/\/ofertacular.com\/index.php\/wp-json\/wp\/v2\/product_cat?post=13111"},{"taxonomy":"product_tag","embeddable":true,"href":"https:\/\/ofertacular.com\/index.php\/wp-json\/wp\/v2\/product_tag?post=13111"}],"curies":[{"name":"wp","href":"https:\/\/api.w.org\/{rel}","templated":true}]}}