{"id":13132,"date":"2026-05-05T07:19:39","date_gmt":"2026-05-05T05:19:39","guid":{"rendered":"https:\/\/ofertacular.com\/index.php\/producto\/gillette-fusion-2\/"},"modified":"2026-05-05T07:19:39","modified_gmt":"2026-05-05T05:19:39","slug":"gillette-fusion-2","status":"publish","type":"product","link":"https:\/\/ofertacular.com\/index.php\/producto\/gillette-fusion-2\/","title":{"rendered":"Gillette Fusion"},"content":{"rendered":"<div class=\"oferta-container\">\n<p>\ud83d\udfe5 <b>\u00a1APROVECHA!<\/b> \ud83d\udfe5 #Publicidad #Amazon #16<\/p>\n<p>\ud83d\udd34 <b>Rasuradora Hombre <\/b><\/p>\n<p>\u2705 <b>AHORA 29.99 \u20ac<\/b> \u2714\ufe0f\ud83d\udfe1<\/p>\n<p>\u274c Antes 39.99 \u20ac<\/p>\n<p>\ud83d\uded2: <a href=\"https:\/\/btz.es\/5sIIjkn\" target=\"_blank\" rel=\"nofollow noopener\">https:\/\/btz.es\/5sIIjkn<\/a><\/p>\n<p>Descubre la precisi\u00f3n y tecnolog\u00eda avanzada de Gillette Fusion, la rasuradora dise\u00f1ada para ofrecer un afeitado apurado, c\u00f3modo y sin irritaciones. Perfecta para el cuidado masculino, garantiza un rendimiento duradero y una piel suave, haciendo de tu rutina diaria una experiencia eficiente y agradable.<\/p>\n<\/p><\/div>\n","protected":false},"excerpt":{"rendered":"<p>\ud83d\udfe5 \u00a1APROVECHA! \ud83d\udfe5 #Publicidad #Amazon #16 \ud83d\udd34 Rasuradora Hombre \u2705 AHORA 29.99 \u20ac \u2714\ufe0f\ud83d\udfe1 \u274c Antes 39.99 \u20ac \ud83d\uded2: https:\/\/btz.es\/5sIIjkn Descubre la precisi\u00f3n y tecnolog\u00eda avanzada de Gillette Fusion, la rasuradora dise\u00f1ada para ofrecer un afeitado apurado, c\u00f3modo y sin irritaciones. Perfecta para el cuidado masculino, garantiza un rendimiento duradero y una piel suave, haciendo [&hellip;]<\/p>\n","protected":false},"featured_media":13131,"template":"","meta":{"_gspb_post_css":""},"store":[],"product_brand":[],"product_cat":[16],"product_tag":[],"class_list":{"0":"post-13132","1":"product","2":"type-product","3":"status-publish","4":"has-post-thumbnail","6":"product_cat-sin-categorizar","8":"first","9":"instock","10":"sale","11":"shipping-taxable","12":"product-type-external"},"jetpack_sharing_enabled":true,"_links":{"self":[{"href":"https:\/\/ofertacular.com\/index.php\/wp-json\/wp\/v2\/product\/13132","targetHints":{"allow":["GET"]}}],"collection":[{"href":"https:\/\/ofertacular.com\/index.php\/wp-json\/wp\/v2\/product"}],"about":[{"href":"https:\/\/ofertacular.com\/index.php\/wp-json\/wp\/v2\/types\/product"}],"wp:featuredmedia":[{"embeddable":true,"href":"https:\/\/ofertacular.com\/index.php\/wp-json\/wp\/v2\/media\/13131"}],"wp:attachment":[{"href":"https:\/\/ofertacular.com\/index.php\/wp-json\/wp\/v2\/media?parent=13132"}],"wp:term":[{"taxonomy":"store","embeddable":true,"href":"https:\/\/ofertacular.com\/index.php\/wp-json\/wp\/v2\/store?post=13132"},{"taxonomy":"product_brand","embeddable":true,"href":"https:\/\/ofertacular.com\/index.php\/wp-json\/wp\/v2\/product_brand?post=13132"},{"taxonomy":"product_cat","embeddable":true,"href":"https:\/\/ofertacular.com\/index.php\/wp-json\/wp\/v2\/product_cat?post=13132"},{"taxonomy":"product_tag","embeddable":true,"href":"https:\/\/ofertacular.com\/index.php\/wp-json\/wp\/v2\/product_tag?post=13132"}],"curies":[{"name":"wp","href":"https:\/\/api.w.org\/{rel}","templated":true}]}}