{"id":13134,"date":"2026-05-05T07:21:39","date_gmt":"2026-05-05T05:21:39","guid":{"rendered":"https:\/\/ofertacular.com\/index.php\/producto\/jem-holograms\/"},"modified":"2026-05-05T07:21:39","modified_gmt":"2026-05-05T05:21:39","slug":"jem-holograms","status":"publish","type":"product","link":"https:\/\/ofertacular.com\/index.php\/producto\/jem-holograms\/","title":{"rendered":"Jem Holograms"},"content":{"rendered":"<div class=\"oferta-container\">\ud83d\udfea <b>FUNKO PRECIO<\/b> \ud83d\udfea #Publicidad #Amazon\ud83d\udfe3 <b> Funko POP! Jem Holograms Jem Holograms<\/b> \u2705 <b>AHORA 14.28 \u20ac<\/b> \u2714\ufe0f\ud83d\udfe1\u274c Antes 16.00 \u20ac \u20ac \ud83d\uded2: https:\/\/btz.es\/5sIIE6N\ud83d\udfe2 Ofertacular.com<\/p>\n<p>Descubre la figura Funko POP! Jem Holograms, una pieza imprescindible para los coleccionistas y fan\u00e1ticos de la ic\u00f3nica serie animada. Esta figura captura a la perfecci\u00f3n el estilo y la esencia de Jem y los Holograms, ofreciendo un dise\u00f1o detallado y vibrante ideal para exhibir. Perfecta para regalar o para ampliar tu colecci\u00f3n de figuras \u00fanicas. Consigue ahora este exclusivo Funko POP! Jem Holograms y destaca en tu colecci\u00f3n con una pieza que evoca nostalgia y estilo.<\/p>\n<\/div>\n","protected":false},"excerpt":{"rendered":"<p>\ud83d\udfea FUNKO PRECIO \ud83d\udfea #Publicidad #Amazon\ud83d\udfe3 Funko POP! Jem Holograms Jem Holograms \u2705 AHORA 14.28 \u20ac \u2714\ufe0f\ud83d\udfe1\u274c Antes 16.00 \u20ac \u20ac \ud83d\uded2: https:\/\/btz.es\/5sIIE6N\ud83d\udfe2 Ofertacular.com Descubre la figura Funko POP! Jem Holograms, una pieza imprescindible para los coleccionistas y fan\u00e1ticos de la ic\u00f3nica serie animada. Esta figura captura a la perfecci\u00f3n el estilo y la esencia [&hellip;]<\/p>\n","protected":false},"featured_media":13133,"template":"","meta":{"_gspb_post_css":""},"store":[],"product_brand":[],"product_cat":[16],"product_tag":[],"class_list":{"0":"post-13134","1":"product","2":"type-product","3":"status-publish","4":"has-post-thumbnail","6":"product_cat-sin-categorizar","8":"first","9":"instock","10":"sale","11":"shipping-taxable","12":"product-type-external"},"jetpack_sharing_enabled":true,"_links":{"self":[{"href":"https:\/\/ofertacular.com\/index.php\/wp-json\/wp\/v2\/product\/13134","targetHints":{"allow":["GET"]}}],"collection":[{"href":"https:\/\/ofertacular.com\/index.php\/wp-json\/wp\/v2\/product"}],"about":[{"href":"https:\/\/ofertacular.com\/index.php\/wp-json\/wp\/v2\/types\/product"}],"wp:featuredmedia":[{"embeddable":true,"href":"https:\/\/ofertacular.com\/index.php\/wp-json\/wp\/v2\/media\/13133"}],"wp:attachment":[{"href":"https:\/\/ofertacular.com\/index.php\/wp-json\/wp\/v2\/media?parent=13134"}],"wp:term":[{"taxonomy":"store","embeddable":true,"href":"https:\/\/ofertacular.com\/index.php\/wp-json\/wp\/v2\/store?post=13134"},{"taxonomy":"product_brand","embeddable":true,"href":"https:\/\/ofertacular.com\/index.php\/wp-json\/wp\/v2\/product_brand?post=13134"},{"taxonomy":"product_cat","embeddable":true,"href":"https:\/\/ofertacular.com\/index.php\/wp-json\/wp\/v2\/product_cat?post=13134"},{"taxonomy":"product_tag","embeddable":true,"href":"https:\/\/ofertacular.com\/index.php\/wp-json\/wp\/v2\/product_tag?post=13134"}],"curies":[{"name":"wp","href":"https:\/\/api.w.org\/{rel}","templated":true}]}}