{"id":13138,"date":"2026-05-05T07:55:26","date_gmt":"2026-05-05T05:55:26","guid":{"rendered":"https:\/\/ofertacular.com\/index.php\/producto\/vans-filmore-4\/"},"modified":"2026-05-05T07:55:26","modified_gmt":"2026-05-05T05:55:26","slug":"vans-filmore-4","status":"publish","type":"product","link":"https:\/\/ofertacular.com\/index.php\/producto\/vans-filmore-4\/","title":{"rendered":"Vans Filmore"},"content":{"rendered":"<div class=\"oferta-container\">\n<p>\ud83d\udfe5 <b>DATE PRISA<\/b> \ud83d\udfe5 #Publicidad #Amazon #16<\/p>\n<p>\ud83d\udd34 <b>Zapatillas Vans <\/b><\/p>\n<p>\u2705 <b>AHORA 44.99 \u20ac<\/b> \u2714\ufe0f\ud83d\udfe1<\/p>\n<p>\u274c Antes 65.00 \u20ac<\/p>\n<p>\ud83d\uded2: <a href=\"https:\/\/btz.es\/5sIRjE7\" target=\"_blank\" rel=\"nofollow noopener\">https:\/\/btz.es\/5sIRjE7<\/a><\/p>\n<p>Descubre las zapatillas Vans Filmore, la fusi\u00f3n perfecta entre estilo urbano y comodidad excepcional. Ideales para quienes buscan destacar con un calzado que combina tendencia y durabilidad. Perfectas para el d\u00eda a d\u00eda y actividades casuales, estas zapatillas ofrecen un dise\u00f1o ic\u00f3nico de Vans que garantiza una presencia \u00fanica y moderna. Mejora tu look con Vans Filmore, el calzado imprescindible para los amantes de la moda y la calidad.<\/p>\n<\/p><\/div>\n","protected":false},"excerpt":{"rendered":"<p>\ud83d\udfe5 DATE PRISA \ud83d\udfe5 #Publicidad #Amazon #16 \ud83d\udd34 Zapatillas Vans \u2705 AHORA 44.99 \u20ac \u2714\ufe0f\ud83d\udfe1 \u274c Antes 65.00 \u20ac \ud83d\uded2: https:\/\/btz.es\/5sIRjE7 Descubre las zapatillas Vans Filmore, la fusi\u00f3n perfecta entre estilo urbano y comodidad excepcional. Ideales para quienes buscan destacar con un calzado que combina tendencia y durabilidad. Perfectas para el d\u00eda a d\u00eda y [&hellip;]<\/p>\n","protected":false},"featured_media":13137,"template":"","meta":{"_gspb_post_css":""},"store":[],"product_brand":[],"product_cat":[16],"product_tag":[],"class_list":{"0":"post-13138","1":"product","2":"type-product","3":"status-publish","4":"has-post-thumbnail","6":"product_cat-sin-categorizar","8":"first","9":"instock","10":"sale","11":"shipping-taxable","12":"product-type-external"},"jetpack_sharing_enabled":true,"_links":{"self":[{"href":"https:\/\/ofertacular.com\/index.php\/wp-json\/wp\/v2\/product\/13138","targetHints":{"allow":["GET"]}}],"collection":[{"href":"https:\/\/ofertacular.com\/index.php\/wp-json\/wp\/v2\/product"}],"about":[{"href":"https:\/\/ofertacular.com\/index.php\/wp-json\/wp\/v2\/types\/product"}],"wp:featuredmedia":[{"embeddable":true,"href":"https:\/\/ofertacular.com\/index.php\/wp-json\/wp\/v2\/media\/13137"}],"wp:attachment":[{"href":"https:\/\/ofertacular.com\/index.php\/wp-json\/wp\/v2\/media?parent=13138"}],"wp:term":[{"taxonomy":"store","embeddable":true,"href":"https:\/\/ofertacular.com\/index.php\/wp-json\/wp\/v2\/store?post=13138"},{"taxonomy":"product_brand","embeddable":true,"href":"https:\/\/ofertacular.com\/index.php\/wp-json\/wp\/v2\/product_brand?post=13138"},{"taxonomy":"product_cat","embeddable":true,"href":"https:\/\/ofertacular.com\/index.php\/wp-json\/wp\/v2\/product_cat?post=13138"},{"taxonomy":"product_tag","embeddable":true,"href":"https:\/\/ofertacular.com\/index.php\/wp-json\/wp\/v2\/product_tag?post=13138"}],"curies":[{"name":"wp","href":"https:\/\/api.w.org\/{rel}","templated":true}]}}