{"id":13140,"date":"2026-05-05T07:56:27","date_gmt":"2026-05-05T05:56:27","guid":{"rendered":"https:\/\/ofertacular.com\/index.php\/producto\/cecotec-patinete-2\/"},"modified":"2026-05-05T07:56:27","modified_gmt":"2026-05-05T05:56:27","slug":"cecotec-patinete-2","status":"publish","type":"product","link":"https:\/\/ofertacular.com\/index.php\/producto\/cecotec-patinete-2\/","title":{"rendered":"Cecotec Patinete"},"content":{"rendered":"<div class=\"oferta-container\">\n<p>\ud83d\udfe5 <b>\u00a1OFERT\u00d3N!<\/b> \ud83d\udfe5 #Publicidad #Amazon #16<\/p>\n<p>\ud83d\udd34 <b>Patinete el\u00e9ctrico <\/b><\/p>\n<p>\u2705 <b>AHORA 109 \u20ac<\/b> \u2714\ufe0f\ud83d\udfe1<\/p>\n<p>\u274c Antes 179.00 \u20ac<\/p>\n<p>\ud83d\uded2: <a href=\"https:\/\/btz.es\/5sIRzBE\" target=\"_blank\" rel=\"nofollow noopener\">https:\/\/btz.es\/5sIRzBE<\/a><\/p>\n<p>Descubre el poder y la versatilidad del patinete el\u00e9ctrico Cecotec, dise\u00f1ado para ofrecerte desplazamientos urbanos r\u00e1pidos, c\u00f3modos y ecol\u00f3gicos. Con tecnolog\u00eda avanzada y un dise\u00f1o moderno, este patinete es ideal para quienes buscan movilidad eficiente y sostenible en la ciudad. Su robustez y autonom\u00eda te aseguran un rendimiento superior en cualquier trayecto. Perfecto para quienes quieren combinar practicidad con estilo.<\/p>\n<\/p><\/div>\n","protected":false},"excerpt":{"rendered":"<p>\ud83d\udfe5 \u00a1OFERT\u00d3N! \ud83d\udfe5 #Publicidad #Amazon #16 \ud83d\udd34 Patinete el\u00e9ctrico \u2705 AHORA 109 \u20ac \u2714\ufe0f\ud83d\udfe1 \u274c Antes 179.00 \u20ac \ud83d\uded2: https:\/\/btz.es\/5sIRzBE Descubre el poder y la versatilidad del patinete el\u00e9ctrico Cecotec, dise\u00f1ado para ofrecerte desplazamientos urbanos r\u00e1pidos, c\u00f3modos y ecol\u00f3gicos. Con tecnolog\u00eda avanzada y un dise\u00f1o moderno, este patinete es ideal para quienes buscan movilidad eficiente [&hellip;]<\/p>\n","protected":false},"featured_media":13139,"template":"","meta":{"_gspb_post_css":""},"store":[],"product_brand":[],"product_cat":[16],"product_tag":[],"class_list":{"0":"post-13140","1":"product","2":"type-product","3":"status-publish","4":"has-post-thumbnail","6":"product_cat-sin-categorizar","8":"first","9":"instock","10":"sale","11":"shipping-taxable","12":"product-type-external"},"jetpack_sharing_enabled":true,"_links":{"self":[{"href":"https:\/\/ofertacular.com\/index.php\/wp-json\/wp\/v2\/product\/13140","targetHints":{"allow":["GET"]}}],"collection":[{"href":"https:\/\/ofertacular.com\/index.php\/wp-json\/wp\/v2\/product"}],"about":[{"href":"https:\/\/ofertacular.com\/index.php\/wp-json\/wp\/v2\/types\/product"}],"wp:featuredmedia":[{"embeddable":true,"href":"https:\/\/ofertacular.com\/index.php\/wp-json\/wp\/v2\/media\/13139"}],"wp:attachment":[{"href":"https:\/\/ofertacular.com\/index.php\/wp-json\/wp\/v2\/media?parent=13140"}],"wp:term":[{"taxonomy":"store","embeddable":true,"href":"https:\/\/ofertacular.com\/index.php\/wp-json\/wp\/v2\/store?post=13140"},{"taxonomy":"product_brand","embeddable":true,"href":"https:\/\/ofertacular.com\/index.php\/wp-json\/wp\/v2\/product_brand?post=13140"},{"taxonomy":"product_cat","embeddable":true,"href":"https:\/\/ofertacular.com\/index.php\/wp-json\/wp\/v2\/product_cat?post=13140"},{"taxonomy":"product_tag","embeddable":true,"href":"https:\/\/ofertacular.com\/index.php\/wp-json\/wp\/v2\/product_tag?post=13140"}],"curies":[{"name":"wp","href":"https:\/\/api.w.org\/{rel}","templated":true}]}}