{"id":13162,"date":"2026-05-06T08:04:08","date_gmt":"2026-05-06T06:04:08","guid":{"rendered":"https:\/\/ofertacular.com\/index.php\/producto\/intex-piscina-3\/"},"modified":"2026-05-06T08:04:08","modified_gmt":"2026-05-06T06:04:08","slug":"intex-piscina-3","status":"publish","type":"product","link":"https:\/\/ofertacular.com\/index.php\/producto\/intex-piscina-3\/","title":{"rendered":"Intex Piscina"},"content":{"rendered":"<div class=\"oferta-container\">\n<p>\ud83d\udfe5 <b>UNA GANGA<\/b> \ud83d\udfe5 #Publicidad #Amazon #16<\/p>\n<p>\ud83d\udd34 <b>Piscina Intex <\/b><\/p>\n<p>\u2705 <b>AHORA 255.49 \u20ac<\/b> \u2714\ufe0f\ud83d\udfe1<\/p>\n<p>\u274c Antes 319.00 \u20ac<\/p>\n<p>\ud83d\uded2: <a href=\"https:\/\/btz.es\/5sOJSfM\" target=\"_blank\" rel=\"nofollow noopener\">https:\/\/btz.es\/5sOJSfM<\/a><\/p>\n<p>Disfruta del verano con la Piscina Intex, dise\u00f1ada para ofrecer diversi\u00f3n y comodidad en tu hogar. Fabricada con materiales de alta calidad, esta piscina resistente es f\u00e1cil de instalar y mantener. Ideal para momentos en familia y reuniones con amigos, garantiza horas de entretenimiento refrescante. Mejora tu espacio exterior y aprovecha al m\u00e1ximo el calor con la confiabilidad y durabilidad que solo Intex puede ofrecer.<\/p>\n<\/p><\/div>\n","protected":false},"excerpt":{"rendered":"<p>\ud83d\udfe5 UNA GANGA \ud83d\udfe5 #Publicidad #Amazon #16 \ud83d\udd34 Piscina Intex \u2705 AHORA 255.49 \u20ac \u2714\ufe0f\ud83d\udfe1 \u274c Antes 319.00 \u20ac \ud83d\uded2: https:\/\/btz.es\/5sOJSfM Disfruta del verano con la Piscina Intex, dise\u00f1ada para ofrecer diversi\u00f3n y comodidad en tu hogar. Fabricada con materiales de alta calidad, esta piscina resistente es f\u00e1cil de instalar y mantener. Ideal para momentos [&hellip;]<\/p>\n","protected":false},"featured_media":13161,"template":"","meta":{"_gspb_post_css":""},"store":[],"product_brand":[],"product_cat":[16],"product_tag":[],"class_list":{"0":"post-13162","1":"product","2":"type-product","3":"status-publish","4":"has-post-thumbnail","6":"product_cat-sin-categorizar","8":"first","9":"instock","10":"sale","11":"shipping-taxable","12":"product-type-external"},"jetpack_sharing_enabled":true,"_links":{"self":[{"href":"https:\/\/ofertacular.com\/index.php\/wp-json\/wp\/v2\/product\/13162","targetHints":{"allow":["GET"]}}],"collection":[{"href":"https:\/\/ofertacular.com\/index.php\/wp-json\/wp\/v2\/product"}],"about":[{"href":"https:\/\/ofertacular.com\/index.php\/wp-json\/wp\/v2\/types\/product"}],"wp:featuredmedia":[{"embeddable":true,"href":"https:\/\/ofertacular.com\/index.php\/wp-json\/wp\/v2\/media\/13161"}],"wp:attachment":[{"href":"https:\/\/ofertacular.com\/index.php\/wp-json\/wp\/v2\/media?parent=13162"}],"wp:term":[{"taxonomy":"store","embeddable":true,"href":"https:\/\/ofertacular.com\/index.php\/wp-json\/wp\/v2\/store?post=13162"},{"taxonomy":"product_brand","embeddable":true,"href":"https:\/\/ofertacular.com\/index.php\/wp-json\/wp\/v2\/product_brand?post=13162"},{"taxonomy":"product_cat","embeddable":true,"href":"https:\/\/ofertacular.com\/index.php\/wp-json\/wp\/v2\/product_cat?post=13162"},{"taxonomy":"product_tag","embeddable":true,"href":"https:\/\/ofertacular.com\/index.php\/wp-json\/wp\/v2\/product_tag?post=13162"}],"curies":[{"name":"wp","href":"https:\/\/api.w.org\/{rel}","templated":true}]}}