{"id":13184,"date":"2026-05-06T12:23:58","date_gmt":"2026-05-06T10:23:58","guid":{"rendered":"https:\/\/ofertacular.com\/index.php\/producto\/dkny-perfume-2\/"},"modified":"2026-05-06T12:23:58","modified_gmt":"2026-05-06T10:23:58","slug":"dkny-perfume-2","status":"publish","type":"product","link":"https:\/\/ofertacular.com\/index.php\/producto\/dkny-perfume-2\/","title":{"rendered":"DKNY Perfume"},"content":{"rendered":"<div class=\"oferta-container\">\n<p>\ud83d\udfe5 <b>ES UN CHOLL\u00d3N<\/b> \ud83d\udfe5 #Publicidad #Amazon #16<\/p>\n<p>\ud83d\udd34 <b>Perfume DKNY <\/b><\/p>\n<p>\u2705 <b>AHORA 17.1 \u20ac<\/b> \u2714\ufe0f\ud83d\udfe1<\/p>\n<p>\u274c Antes 59.90 \u20ac<\/p>\n<p>\ud83d\uded2: <a href=\"https:\/\/btz.es\/5sPNrKo\" target=\"_blank\" rel=\"nofollow noopener\">https:\/\/btz.es\/5sPNrKo<\/a><\/p>\n<p>Descubre el exclusivo perfume DKNY, una fragancia emblem\u00e1tica que combina elegancia y frescura para resaltar tu personalidad \u00fanica. Este perfume es una elecci\u00f3n perfecta para quienes buscan un aroma distintivo y sofisticado, ideal para cualquier ocasi\u00f3n. Con su f\u00f3rmula de alta calidad, DKNY Perfume garantiza una larga duraci\u00f3n y una experiencia olfativa inolvidable.<\/p>\n<\/p><\/div>\n","protected":false},"excerpt":{"rendered":"<p>\ud83d\udfe5 ES UN CHOLL\u00d3N \ud83d\udfe5 #Publicidad #Amazon #16 \ud83d\udd34 Perfume DKNY \u2705 AHORA 17.1 \u20ac \u2714\ufe0f\ud83d\udfe1 \u274c Antes 59.90 \u20ac \ud83d\uded2: https:\/\/btz.es\/5sPNrKo Descubre el exclusivo perfume DKNY, una fragancia emblem\u00e1tica que combina elegancia y frescura para resaltar tu personalidad \u00fanica. Este perfume es una elecci\u00f3n perfecta para quienes buscan un aroma distintivo y sofisticado, ideal [&hellip;]<\/p>\n","protected":false},"featured_media":13183,"template":"","meta":{"_gspb_post_css":""},"store":[],"product_brand":[],"product_cat":[16],"product_tag":[],"class_list":{"0":"post-13184","1":"product","2":"type-product","3":"status-publish","4":"has-post-thumbnail","6":"product_cat-sin-categorizar","8":"first","9":"instock","10":"sale","11":"shipping-taxable","12":"product-type-external"},"jetpack_sharing_enabled":true,"_links":{"self":[{"href":"https:\/\/ofertacular.com\/index.php\/wp-json\/wp\/v2\/product\/13184","targetHints":{"allow":["GET"]}}],"collection":[{"href":"https:\/\/ofertacular.com\/index.php\/wp-json\/wp\/v2\/product"}],"about":[{"href":"https:\/\/ofertacular.com\/index.php\/wp-json\/wp\/v2\/types\/product"}],"wp:featuredmedia":[{"embeddable":true,"href":"https:\/\/ofertacular.com\/index.php\/wp-json\/wp\/v2\/media\/13183"}],"wp:attachment":[{"href":"https:\/\/ofertacular.com\/index.php\/wp-json\/wp\/v2\/media?parent=13184"}],"wp:term":[{"taxonomy":"store","embeddable":true,"href":"https:\/\/ofertacular.com\/index.php\/wp-json\/wp\/v2\/store?post=13184"},{"taxonomy":"product_brand","embeddable":true,"href":"https:\/\/ofertacular.com\/index.php\/wp-json\/wp\/v2\/product_brand?post=13184"},{"taxonomy":"product_cat","embeddable":true,"href":"https:\/\/ofertacular.com\/index.php\/wp-json\/wp\/v2\/product_cat?post=13184"},{"taxonomy":"product_tag","embeddable":true,"href":"https:\/\/ofertacular.com\/index.php\/wp-json\/wp\/v2\/product_tag?post=13184"}],"curies":[{"name":"wp","href":"https:\/\/api.w.org\/{rel}","templated":true}]}}