{"id":13202,"date":"2026-05-07T07:36:39","date_gmt":"2026-05-07T05:36:39","guid":{"rendered":"https:\/\/ofertacular.com\/index.php\/producto\/ryobi-martillo\/"},"modified":"2026-05-07T07:36:39","modified_gmt":"2026-05-07T05:36:39","slug":"ryobi-martillo","status":"publish","type":"product","link":"https:\/\/ofertacular.com\/index.php\/producto\/ryobi-martillo\/","title":{"rendered":"RYOBI Martillo"},"content":{"rendered":"<div class=\"oferta-container\">\n<p>\ud83d\udfe5 <b>\u00a1APROVECHA!<\/b> \ud83d\udfe5 #Publicidad #Amazon #16<\/p>\n<p>\ud83d\udd34 <b>Martillo Ryobi <\/b><\/p>\n<p>\u2705 <b>AHORA 95.99 \u20ac<\/b> \u2714\ufe0f\ud83d\udfe1<\/p>\n<p>\u274c Antes 154.99 \u20ac<\/p>\n<p>\ud83d\uded2: <a href=\"https:\/\/btz.es\/5sU33LY\" target=\"_blank\" rel=\"nofollow noopener\">https:\/\/btz.es\/5sU33LY<\/a><\/p>\n<p>Descubre la potencia y durabilidad del Martillo Ryobi, una herramienta esencial para profesionales y aficionados al bricolaje. Dise\u00f1ado para ofrecer m\u00e1ximo rendimiento y precisi\u00f3n en cada golpe, este martillo combina ergonom\u00eda y resistencia, garantizando comodidad y eficiencia en tus proyectos. Ideal para uso prolongado, su dise\u00f1o innovador y materiales de alta calidad aseguran una larga vida \u00fatil. Optimizado para quienes buscan calidad y fiabilidad en herramientas el\u00e9ctricas, el Martillo Ryobi es tu mejor aliado para trabajos de construcci\u00f3n y reparaci\u00f3n.<\/p>\n<\/p><\/div>\n","protected":false},"excerpt":{"rendered":"<p>\ud83d\udfe5 \u00a1APROVECHA! \ud83d\udfe5 #Publicidad #Amazon #16 \ud83d\udd34 Martillo Ryobi \u2705 AHORA 95.99 \u20ac \u2714\ufe0f\ud83d\udfe1 \u274c Antes 154.99 \u20ac \ud83d\uded2: https:\/\/btz.es\/5sU33LY Descubre la potencia y durabilidad del Martillo Ryobi, una herramienta esencial para profesionales y aficionados al bricolaje. Dise\u00f1ado para ofrecer m\u00e1ximo rendimiento y precisi\u00f3n en cada golpe, este martillo combina ergonom\u00eda y resistencia, garantizando comodidad [&hellip;]<\/p>\n","protected":false},"featured_media":13201,"template":"","meta":{"_gspb_post_css":""},"store":[],"product_brand":[],"product_cat":[16],"product_tag":[],"class_list":{"0":"post-13202","1":"product","2":"type-product","3":"status-publish","4":"has-post-thumbnail","6":"product_cat-sin-categorizar","8":"first","9":"instock","10":"sale","11":"shipping-taxable","12":"product-type-external"},"jetpack_sharing_enabled":true,"_links":{"self":[{"href":"https:\/\/ofertacular.com\/index.php\/wp-json\/wp\/v2\/product\/13202","targetHints":{"allow":["GET"]}}],"collection":[{"href":"https:\/\/ofertacular.com\/index.php\/wp-json\/wp\/v2\/product"}],"about":[{"href":"https:\/\/ofertacular.com\/index.php\/wp-json\/wp\/v2\/types\/product"}],"wp:featuredmedia":[{"embeddable":true,"href":"https:\/\/ofertacular.com\/index.php\/wp-json\/wp\/v2\/media\/13201"}],"wp:attachment":[{"href":"https:\/\/ofertacular.com\/index.php\/wp-json\/wp\/v2\/media?parent=13202"}],"wp:term":[{"taxonomy":"store","embeddable":true,"href":"https:\/\/ofertacular.com\/index.php\/wp-json\/wp\/v2\/store?post=13202"},{"taxonomy":"product_brand","embeddable":true,"href":"https:\/\/ofertacular.com\/index.php\/wp-json\/wp\/v2\/product_brand?post=13202"},{"taxonomy":"product_cat","embeddable":true,"href":"https:\/\/ofertacular.com\/index.php\/wp-json\/wp\/v2\/product_cat?post=13202"},{"taxonomy":"product_tag","embeddable":true,"href":"https:\/\/ofertacular.com\/index.php\/wp-json\/wp\/v2\/product_tag?post=13202"}],"curies":[{"name":"wp","href":"https:\/\/api.w.org\/{rel}","templated":true}]}}