{"id":13204,"date":"2026-05-07T07:40:50","date_gmt":"2026-05-07T05:40:50","guid":{"rendered":"https:\/\/ofertacular.com\/index.php\/producto\/contenedores-hermeticos-2\/"},"modified":"2026-05-07T07:40:50","modified_gmt":"2026-05-07T05:40:50","slug":"contenedores-hermeticos-2","status":"publish","type":"product","link":"https:\/\/ofertacular.com\/index.php\/producto\/contenedores-hermeticos-2\/","title":{"rendered":"Contenedores herm\u00e9ticos"},"content":{"rendered":"<div class=\"oferta-container\">\n<p>\ud83d\udfe5 <b>\u00a1GANGAZO!<\/b> \ud83d\udfe5 #Publicidad #Amazon #16<\/p>\n<p>\ud83d\udd34 <b>Contenedores herm\u00e9ticos <\/b><\/p>\n<p>\u2705 <b>AHORA 8.5 \u20ac<\/b> \u2714\ufe0f\ud83d\udfe1<\/p>\n<p>\u274c Antes 13.93 \u20ac<\/p>\n<p>\ud83d\uded2: <a href=\"https:\/\/btz.es\/5sU47nz\" target=\"_blank\" rel=\"nofollow noopener\">https:\/\/btz.es\/5sU47nz<\/a><\/p>\n<p>Descubre nuestros contenedores herm\u00e9ticos dise\u00f1ados para conservar la frescura y calidad de tus alimentos por m\u00e1s tiempo. Fabricados con materiales duraderos y seguros, son ideales para almacenamiento en cocina, oficina o viaje. Maximiza la comodidad y practicidad en tu d\u00eda a d\u00eda con recipientes que preservan el sabor y evitan derrames. Perfectos para todo tipo de alimentos, estos contenedores optimizan el espacio y facilitan la organizaci\u00f3n de tus productos, garantizando m\u00e1xima higiene y durabilidad.<\/p>\n<\/p><\/div>\n","protected":false},"excerpt":{"rendered":"<p>\ud83d\udfe5 \u00a1GANGAZO! \ud83d\udfe5 #Publicidad #Amazon #16 \ud83d\udd34 Contenedores herm\u00e9ticos \u2705 AHORA 8.5 \u20ac \u2714\ufe0f\ud83d\udfe1 \u274c Antes 13.93 \u20ac \ud83d\uded2: https:\/\/btz.es\/5sU47nz Descubre nuestros contenedores herm\u00e9ticos dise\u00f1ados para conservar la frescura y calidad de tus alimentos por m\u00e1s tiempo. Fabricados con materiales duraderos y seguros, son ideales para almacenamiento en cocina, oficina o viaje. Maximiza la comodidad [&hellip;]<\/p>\n","protected":false},"featured_media":13203,"template":"","meta":{"_gspb_post_css":""},"store":[],"product_brand":[],"product_cat":[16],"product_tag":[],"class_list":{"0":"post-13204","1":"product","2":"type-product","3":"status-publish","4":"has-post-thumbnail","6":"product_cat-sin-categorizar","8":"first","9":"instock","10":"sale","11":"shipping-taxable","12":"product-type-external"},"jetpack_sharing_enabled":true,"_links":{"self":[{"href":"https:\/\/ofertacular.com\/index.php\/wp-json\/wp\/v2\/product\/13204","targetHints":{"allow":["GET"]}}],"collection":[{"href":"https:\/\/ofertacular.com\/index.php\/wp-json\/wp\/v2\/product"}],"about":[{"href":"https:\/\/ofertacular.com\/index.php\/wp-json\/wp\/v2\/types\/product"}],"wp:featuredmedia":[{"embeddable":true,"href":"https:\/\/ofertacular.com\/index.php\/wp-json\/wp\/v2\/media\/13203"}],"wp:attachment":[{"href":"https:\/\/ofertacular.com\/index.php\/wp-json\/wp\/v2\/media?parent=13204"}],"wp:term":[{"taxonomy":"store","embeddable":true,"href":"https:\/\/ofertacular.com\/index.php\/wp-json\/wp\/v2\/store?post=13204"},{"taxonomy":"product_brand","embeddable":true,"href":"https:\/\/ofertacular.com\/index.php\/wp-json\/wp\/v2\/product_brand?post=13204"},{"taxonomy":"product_cat","embeddable":true,"href":"https:\/\/ofertacular.com\/index.php\/wp-json\/wp\/v2\/product_cat?post=13204"},{"taxonomy":"product_tag","embeddable":true,"href":"https:\/\/ofertacular.com\/index.php\/wp-json\/wp\/v2\/product_tag?post=13204"}],"curies":[{"name":"wp","href":"https:\/\/api.w.org\/{rel}","templated":true}]}}