{"id":13218,"date":"2026-05-07T11:36:20","date_gmt":"2026-05-07T09:36:20","guid":{"rendered":"https:\/\/ofertacular.com\/index.php\/producto\/joma-polo-5\/"},"modified":"2026-05-07T11:36:20","modified_gmt":"2026-05-07T09:36:20","slug":"joma-polo-5","status":"publish","type":"product","link":"https:\/\/ofertacular.com\/index.php\/producto\/joma-polo-5\/","title":{"rendered":"Joma Polo"},"content":{"rendered":"<div class=\"oferta-container\">\n<p>\ud83d\udfe5 <b>REBAJA<\/b> \ud83d\udfe5 #Publicidad #Amazon #16<\/p>\n<p>\ud83d\udd34 <b>Polo Joma <\/b><\/p>\n<p>\u2705 <b>AHORA 11.49 \u20ac<\/b> \u2714\ufe0f\ud83d\udfe1<\/p>\n<p>\u274c Antes 21.99 \u20ac<\/p>\n<p>\ud83d\uded2: <a href=\"https:\/\/btz.es\/5sV1OTR\" target=\"_blank\" rel=\"nofollow noopener\">https:\/\/btz.es\/5sV1OTR<\/a><\/p>\n<p>Descubre la elegancia y comodidad del Polo Joma, una prenda vers\u00e1til ideal para cualquier ocasi\u00f3n. Fabricado con materiales de alta calidad, este polo garantiza durabilidad y un ajuste perfecto. Su dise\u00f1o moderno y aut\u00e9ntico de la reconocida marca Joma aporta estilo y sofisticaci\u00f3n a tu vestuario. Perfecto para uso diario o actividades deportivas, el Polo Joma combina funcionalidad y moda para satisfacer tus necesidades. Consigue ahora este imprescindible esencial y eleva tu look con confianza.<\/p>\n<\/p><\/div>\n","protected":false},"excerpt":{"rendered":"<p>\ud83d\udfe5 REBAJA \ud83d\udfe5 #Publicidad #Amazon #16 \ud83d\udd34 Polo Joma \u2705 AHORA 11.49 \u20ac \u2714\ufe0f\ud83d\udfe1 \u274c Antes 21.99 \u20ac \ud83d\uded2: https:\/\/btz.es\/5sV1OTR Descubre la elegancia y comodidad del Polo Joma, una prenda vers\u00e1til ideal para cualquier ocasi\u00f3n. Fabricado con materiales de alta calidad, este polo garantiza durabilidad y un ajuste perfecto. Su dise\u00f1o moderno y aut\u00e9ntico de [&hellip;]<\/p>\n","protected":false},"featured_media":13217,"template":"","meta":{"_gspb_post_css":""},"store":[],"product_brand":[],"product_cat":[16],"product_tag":[],"class_list":{"0":"post-13218","1":"product","2":"type-product","3":"status-publish","4":"has-post-thumbnail","6":"product_cat-sin-categorizar","8":"first","9":"instock","10":"sale","11":"shipping-taxable","12":"product-type-external"},"jetpack_sharing_enabled":true,"_links":{"self":[{"href":"https:\/\/ofertacular.com\/index.php\/wp-json\/wp\/v2\/product\/13218","targetHints":{"allow":["GET"]}}],"collection":[{"href":"https:\/\/ofertacular.com\/index.php\/wp-json\/wp\/v2\/product"}],"about":[{"href":"https:\/\/ofertacular.com\/index.php\/wp-json\/wp\/v2\/types\/product"}],"wp:featuredmedia":[{"embeddable":true,"href":"https:\/\/ofertacular.com\/index.php\/wp-json\/wp\/v2\/media\/13217"}],"wp:attachment":[{"href":"https:\/\/ofertacular.com\/index.php\/wp-json\/wp\/v2\/media?parent=13218"}],"wp:term":[{"taxonomy":"store","embeddable":true,"href":"https:\/\/ofertacular.com\/index.php\/wp-json\/wp\/v2\/store?post=13218"},{"taxonomy":"product_brand","embeddable":true,"href":"https:\/\/ofertacular.com\/index.php\/wp-json\/wp\/v2\/product_brand?post=13218"},{"taxonomy":"product_cat","embeddable":true,"href":"https:\/\/ofertacular.com\/index.php\/wp-json\/wp\/v2\/product_cat?post=13218"},{"taxonomy":"product_tag","embeddable":true,"href":"https:\/\/ofertacular.com\/index.php\/wp-json\/wp\/v2\/product_tag?post=13218"}],"curies":[{"name":"wp","href":"https:\/\/api.w.org\/{rel}","templated":true}]}}