{"id":13222,"date":"2026-05-07T11:44:15","date_gmt":"2026-05-07T09:44:15","guid":{"rendered":"https:\/\/ofertacular.com\/index.php\/producto\/calvin-klein-3\/"},"modified":"2026-05-07T11:44:15","modified_gmt":"2026-05-07T09:44:15","slug":"calvin-klein-3","status":"publish","type":"product","link":"https:\/\/ofertacular.com\/index.php\/producto\/calvin-klein-3\/","title":{"rendered":"Calvin Klein"},"content":{"rendered":"<div class=\"oferta-container\">\n<p>\ud83d\udfe5 <b>\u00a1DESCUENTO \u00daNICO!<\/b> \ud83d\udfe5 #Publicidad #Amazon #16<\/p>\n<p>\ud83d\udd34 <b>Perfume Calvin <\/b><\/p>\n<p>\u2705 <b>AHORA 23.95 \u20ac<\/b> \u2714\ufe0f\ud83d\udfe1<\/p>\n<p>\u274c Antes 62.00 \u20ac<\/p>\n<p>\ud83d\uded2: <a href=\"https:\/\/btz.es\/5sV3Owp\" target=\"_blank\" rel=\"nofollow noopener\">https:\/\/btz.es\/5sV3Owp<\/a><\/p>\n<p>Descubre la elegancia y sofisticaci\u00f3n del perfume Calvin Klein, una fragancia exclusiva que combina notas frescas y modernas para un aroma irresistiblemente atractivo. Perfecto para quienes buscan un estilo \u00fanico y aut\u00e9ntico, este perfume destaca por su calidad superior y longevidad, siendo ideal para cualquier ocasi\u00f3n. Optimizado para destacar en SEO, este perfume Calvin Klein es la elecci\u00f3n perfecta para resaltar tu presencia con un toque de distinci\u00f3n y clase.<\/p>\n<\/p><\/div>\n","protected":false},"excerpt":{"rendered":"<p>\ud83d\udfe5 \u00a1DESCUENTO \u00daNICO! \ud83d\udfe5 #Publicidad #Amazon #16 \ud83d\udd34 Perfume Calvin \u2705 AHORA 23.95 \u20ac \u2714\ufe0f\ud83d\udfe1 \u274c Antes 62.00 \u20ac \ud83d\uded2: https:\/\/btz.es\/5sV3Owp Descubre la elegancia y sofisticaci\u00f3n del perfume Calvin Klein, una fragancia exclusiva que combina notas frescas y modernas para un aroma irresistiblemente atractivo. Perfecto para quienes buscan un estilo \u00fanico y aut\u00e9ntico, este perfume [&hellip;]<\/p>\n","protected":false},"featured_media":13221,"template":"","meta":{"_gspb_post_css":""},"store":[],"product_brand":[],"product_cat":[16],"product_tag":[],"class_list":{"0":"post-13222","1":"product","2":"type-product","3":"status-publish","4":"has-post-thumbnail","6":"product_cat-sin-categorizar","8":"first","9":"instock","10":"sale","11":"shipping-taxable","12":"product-type-external"},"jetpack_sharing_enabled":true,"_links":{"self":[{"href":"https:\/\/ofertacular.com\/index.php\/wp-json\/wp\/v2\/product\/13222","targetHints":{"allow":["GET"]}}],"collection":[{"href":"https:\/\/ofertacular.com\/index.php\/wp-json\/wp\/v2\/product"}],"about":[{"href":"https:\/\/ofertacular.com\/index.php\/wp-json\/wp\/v2\/types\/product"}],"wp:featuredmedia":[{"embeddable":true,"href":"https:\/\/ofertacular.com\/index.php\/wp-json\/wp\/v2\/media\/13221"}],"wp:attachment":[{"href":"https:\/\/ofertacular.com\/index.php\/wp-json\/wp\/v2\/media?parent=13222"}],"wp:term":[{"taxonomy":"store","embeddable":true,"href":"https:\/\/ofertacular.com\/index.php\/wp-json\/wp\/v2\/store?post=13222"},{"taxonomy":"product_brand","embeddable":true,"href":"https:\/\/ofertacular.com\/index.php\/wp-json\/wp\/v2\/product_brand?post=13222"},{"taxonomy":"product_cat","embeddable":true,"href":"https:\/\/ofertacular.com\/index.php\/wp-json\/wp\/v2\/product_cat?post=13222"},{"taxonomy":"product_tag","embeddable":true,"href":"https:\/\/ofertacular.com\/index.php\/wp-json\/wp\/v2\/product_tag?post=13222"}],"curies":[{"name":"wp","href":"https:\/\/api.w.org\/{rel}","templated":true}]}}