{"id":13250,"date":"2026-05-08T08:02:00","date_gmt":"2026-05-08T06:02:00","guid":{"rendered":"https:\/\/ofertacular.com\/index.php\/producto\/espoma-hidrolimpiadora\/"},"modified":"2026-05-08T08:02:00","modified_gmt":"2026-05-08T06:02:00","slug":"espoma-hidrolimpiadora","status":"publish","type":"product","link":"https:\/\/ofertacular.com\/index.php\/producto\/espoma-hidrolimpiadora\/","title":{"rendered":"Espoma Hidrolimpiadora"},"content":{"rendered":"<div class=\"oferta-container\">\n<p>\ud83d\udfe5 <b>INCRE\u00cdBLE<\/b> \ud83d\udfe5 #Publicidad #Amazon #16<\/p>\n<p>\ud83d\udd34 <b>Hidrolimpiadora Espoma <\/b><\/p>\n<p>\u2705 <b>AHORA 79.99 \u20ac<\/b> \u2714\ufe0f\ud83d\udfe1<\/p>\n<p>\u274c Antes 799.00 \u20ac<\/p>\n<p>\ud83d\uded2: <a href=\"https:\/\/btz.es\/5ta0yeZ\" target=\"_blank\" rel=\"nofollow noopener\">https:\/\/btz.es\/5ta0yeZ<\/a><\/p>\n<p>Descubre la potencia y eficiencia de la Hidrolimpiadora Espoma, dise\u00f1ada para ofrecer una limpieza profunda y r\u00e1pida en superficies exteriores e interiores. Equipado con tecnolog\u00eda avanzada, este equipo profesional garantiza resultados impecables en jardines, veh\u00edculos, terrazas y m\u00e1s. Su dise\u00f1o ergon\u00f3mico y f\u00e1cil manejo lo convierten en la herramienta ideal para usuarios que buscan calidad y durabilidad. Optimizado para un rendimiento superior, la Hidrolimpiadora Espoma es tu aliada perfecta para mantener tus espacios siempre impecables.<\/p>\n<\/p><\/div>\n","protected":false},"excerpt":{"rendered":"<p>\ud83d\udfe5 INCRE\u00cdBLE \ud83d\udfe5 #Publicidad #Amazon #16 \ud83d\udd34 Hidrolimpiadora Espoma \u2705 AHORA 79.99 \u20ac \u2714\ufe0f\ud83d\udfe1 \u274c Antes 799.00 \u20ac \ud83d\uded2: https:\/\/btz.es\/5ta0yeZ Descubre la potencia y eficiencia de la Hidrolimpiadora Espoma, dise\u00f1ada para ofrecer una limpieza profunda y r\u00e1pida en superficies exteriores e interiores. Equipado con tecnolog\u00eda avanzada, este equipo profesional garantiza resultados impecables en jardines, veh\u00edculos, [&hellip;]<\/p>\n","protected":false},"featured_media":13249,"template":"","meta":{"_gspb_post_css":""},"store":[],"product_brand":[],"product_cat":[16],"product_tag":[],"class_list":{"0":"post-13250","1":"product","2":"type-product","3":"status-publish","4":"has-post-thumbnail","6":"product_cat-sin-categorizar","8":"first","9":"instock","10":"sale","11":"shipping-taxable","12":"product-type-external"},"jetpack_sharing_enabled":true,"_links":{"self":[{"href":"https:\/\/ofertacular.com\/index.php\/wp-json\/wp\/v2\/product\/13250","targetHints":{"allow":["GET"]}}],"collection":[{"href":"https:\/\/ofertacular.com\/index.php\/wp-json\/wp\/v2\/product"}],"about":[{"href":"https:\/\/ofertacular.com\/index.php\/wp-json\/wp\/v2\/types\/product"}],"wp:featuredmedia":[{"embeddable":true,"href":"https:\/\/ofertacular.com\/index.php\/wp-json\/wp\/v2\/media\/13249"}],"wp:attachment":[{"href":"https:\/\/ofertacular.com\/index.php\/wp-json\/wp\/v2\/media?parent=13250"}],"wp:term":[{"taxonomy":"store","embeddable":true,"href":"https:\/\/ofertacular.com\/index.php\/wp-json\/wp\/v2\/store?post=13250"},{"taxonomy":"product_brand","embeddable":true,"href":"https:\/\/ofertacular.com\/index.php\/wp-json\/wp\/v2\/product_brand?post=13250"},{"taxonomy":"product_cat","embeddable":true,"href":"https:\/\/ofertacular.com\/index.php\/wp-json\/wp\/v2\/product_cat?post=13250"},{"taxonomy":"product_tag","embeddable":true,"href":"https:\/\/ofertacular.com\/index.php\/wp-json\/wp\/v2\/product_tag?post=13250"}],"curies":[{"name":"wp","href":"https:\/\/api.w.org\/{rel}","templated":true}]}}