{"id":13252,"date":"2026-05-08T08:40:28","date_gmt":"2026-05-08T06:40:28","guid":{"rendered":"https:\/\/ofertacular.com\/index.php\/producto\/pago-celeste\/"},"modified":"2026-05-08T08:40:28","modified_gmt":"2026-05-08T06:40:28","slug":"pago-celeste","status":"publish","type":"product","link":"https:\/\/ofertacular.com\/index.php\/producto\/pago-celeste\/","title":{"rendered":"Pago Celeste"},"content":{"rendered":"<div class=\"oferta-container\">\n<p>\ud83d\udfe5 <b>REBAJA<\/b> \ud83d\udfe5 #Publicidad #Amazon #16<\/p>\n<p>\ud83d\udd34 <b>Pago Celeste <\/b><\/p>\n<p>\u2705 <b>AHORA 39.54 \u20ac<\/b> \u2714\ufe0f\ud83d\udfe1<\/p>\n<p>\u274c Antes 59.10 \u20ac<\/p>\n<p>\ud83d\uded2: <a href=\"https:\/\/btz.es\/5taAdOZ\" target=\"_blank\" rel=\"nofollow noopener\">https:\/\/btz.es\/5taAdOZ<\/a><\/p>\n<p>Pago Celeste es un m\u00e9todo de pago m\u00f3vil l\u00edder en Argentina, que permite realizar transferencias y pagos de manera r\u00e1pida, segura y sin necesidad de efectivo. Ideal para usuarios que buscan comodidad y eficiencia en sus transacciones financieras cotidianas, Pago Celeste se integra con diversas plataformas y comercios, facilitando la gesti\u00f3n del dinero digital. Aprovecha sus beneficios y experimenta una forma sencilla y confiable de manejar tus pagos al instante.<\/p>\n<\/p><\/div>\n","protected":false},"excerpt":{"rendered":"<p>\ud83d\udfe5 REBAJA \ud83d\udfe5 #Publicidad #Amazon #16 \ud83d\udd34 Pago Celeste \u2705 AHORA 39.54 \u20ac \u2714\ufe0f\ud83d\udfe1 \u274c Antes 59.10 \u20ac \ud83d\uded2: https:\/\/btz.es\/5taAdOZ Pago Celeste es un m\u00e9todo de pago m\u00f3vil l\u00edder en Argentina, que permite realizar transferencias y pagos de manera r\u00e1pida, segura y sin necesidad de efectivo. Ideal para usuarios que buscan comodidad y eficiencia en [&hellip;]<\/p>\n","protected":false},"featured_media":13251,"template":"","meta":{"_gspb_post_css":""},"store":[],"product_brand":[],"product_cat":[16],"product_tag":[],"class_list":{"0":"post-13252","1":"product","2":"type-product","3":"status-publish","4":"has-post-thumbnail","6":"product_cat-sin-categorizar","8":"first","9":"instock","10":"sale","11":"shipping-taxable","12":"product-type-external"},"jetpack_sharing_enabled":true,"_links":{"self":[{"href":"https:\/\/ofertacular.com\/index.php\/wp-json\/wp\/v2\/product\/13252","targetHints":{"allow":["GET"]}}],"collection":[{"href":"https:\/\/ofertacular.com\/index.php\/wp-json\/wp\/v2\/product"}],"about":[{"href":"https:\/\/ofertacular.com\/index.php\/wp-json\/wp\/v2\/types\/product"}],"wp:featuredmedia":[{"embeddable":true,"href":"https:\/\/ofertacular.com\/index.php\/wp-json\/wp\/v2\/media\/13251"}],"wp:attachment":[{"href":"https:\/\/ofertacular.com\/index.php\/wp-json\/wp\/v2\/media?parent=13252"}],"wp:term":[{"taxonomy":"store","embeddable":true,"href":"https:\/\/ofertacular.com\/index.php\/wp-json\/wp\/v2\/store?post=13252"},{"taxonomy":"product_brand","embeddable":true,"href":"https:\/\/ofertacular.com\/index.php\/wp-json\/wp\/v2\/product_brand?post=13252"},{"taxonomy":"product_cat","embeddable":true,"href":"https:\/\/ofertacular.com\/index.php\/wp-json\/wp\/v2\/product_cat?post=13252"},{"taxonomy":"product_tag","embeddable":true,"href":"https:\/\/ofertacular.com\/index.php\/wp-json\/wp\/v2\/product_tag?post=13252"}],"curies":[{"name":"wp","href":"https:\/\/api.w.org\/{rel}","templated":true}]}}