{"id":13262,"date":"2026-05-08T11:19:11","date_gmt":"2026-05-08T09:19:11","guid":{"rendered":"https:\/\/ofertacular.com\/index.php\/producto\/asics-sneaker-3\/"},"modified":"2026-05-08T11:19:11","modified_gmt":"2026-05-08T09:19:11","slug":"asics-sneaker-3","status":"publish","type":"product","link":"https:\/\/ofertacular.com\/index.php\/producto\/asics-sneaker-3\/","title":{"rendered":"Asics Sneaker"},"content":{"rendered":"<div class=\"oferta-container\">\n<p>\ud83d\udfe5 <b>DATE PRISA<\/b> \ud83d\udfe5 #Publicidad #Amazon #16<\/p>\n<p>\ud83d\udd34 <b>Sneakers Asics <\/b><\/p>\n<p>\u2705 <b>AHORA 45.5 \u20ac<\/b> \u2714\ufe0f\ud83d\udfe1<\/p>\n<p>\u274c Antes 65.00 \u20ac<\/p>\n<p>\ud83d\uded2: <a href=\"https:\/\/btz.es\/5tbobIo\" target=\"_blank\" rel=\"nofollow noopener\">https:\/\/btz.es\/5tbobIo<\/a><\/p>\n<p>Descubre las Sneakers Asics, dise\u00f1adas para ofrecer m\u00e1xima comodidad y rendimiento. Perfectas para running y uso diario, estas zapatillas combinan tecnolog\u00eda avanzada y estilo moderno. Encuentra tu par ideal y mejora tu experiencia deportiva con Asics, una marca reconocida mundialmente por su calidad y durabilidad.<\/p>\n<\/p><\/div>\n","protected":false},"excerpt":{"rendered":"<p>\ud83d\udfe5 DATE PRISA \ud83d\udfe5 #Publicidad #Amazon #16 \ud83d\udd34 Sneakers Asics \u2705 AHORA 45.5 \u20ac \u2714\ufe0f\ud83d\udfe1 \u274c Antes 65.00 \u20ac \ud83d\uded2: https:\/\/btz.es\/5tbobIo Descubre las Sneakers Asics, dise\u00f1adas para ofrecer m\u00e1xima comodidad y rendimiento. Perfectas para running y uso diario, estas zapatillas combinan tecnolog\u00eda avanzada y estilo moderno. Encuentra tu par ideal y mejora tu experiencia deportiva [&hellip;]<\/p>\n","protected":false},"featured_media":13261,"template":"","meta":{"_gspb_post_css":""},"store":[],"product_brand":[],"product_cat":[16],"product_tag":[],"class_list":{"0":"post-13262","1":"product","2":"type-product","3":"status-publish","4":"has-post-thumbnail","6":"product_cat-sin-categorizar","8":"first","9":"instock","10":"sale","11":"shipping-taxable","12":"product-type-external"},"jetpack_sharing_enabled":true,"_links":{"self":[{"href":"https:\/\/ofertacular.com\/index.php\/wp-json\/wp\/v2\/product\/13262","targetHints":{"allow":["GET"]}}],"collection":[{"href":"https:\/\/ofertacular.com\/index.php\/wp-json\/wp\/v2\/product"}],"about":[{"href":"https:\/\/ofertacular.com\/index.php\/wp-json\/wp\/v2\/types\/product"}],"wp:featuredmedia":[{"embeddable":true,"href":"https:\/\/ofertacular.com\/index.php\/wp-json\/wp\/v2\/media\/13261"}],"wp:attachment":[{"href":"https:\/\/ofertacular.com\/index.php\/wp-json\/wp\/v2\/media?parent=13262"}],"wp:term":[{"taxonomy":"store","embeddable":true,"href":"https:\/\/ofertacular.com\/index.php\/wp-json\/wp\/v2\/store?post=13262"},{"taxonomy":"product_brand","embeddable":true,"href":"https:\/\/ofertacular.com\/index.php\/wp-json\/wp\/v2\/product_brand?post=13262"},{"taxonomy":"product_cat","embeddable":true,"href":"https:\/\/ofertacular.com\/index.php\/wp-json\/wp\/v2\/product_cat?post=13262"},{"taxonomy":"product_tag","embeddable":true,"href":"https:\/\/ofertacular.com\/index.php\/wp-json\/wp\/v2\/product_tag?post=13262"}],"curies":[{"name":"wp","href":"https:\/\/api.w.org\/{rel}","templated":true}]}}