{"id":13276,"date":"2026-05-09T07:27:42","date_gmt":"2026-05-09T05:27:42","guid":{"rendered":"https:\/\/ofertacular.com\/index.php\/producto\/silla-ergonomica-3\/"},"modified":"2026-05-09T07:27:42","modified_gmt":"2026-05-09T05:27:42","slug":"silla-ergonomica-3","status":"publish","type":"product","link":"https:\/\/ofertacular.com\/index.php\/producto\/silla-ergonomica-3\/","title":{"rendered":"Silla Ergon\u00f3mica"},"content":{"rendered":"<div class=\"oferta-container\">\n<p>\ud83d\udfe5 <b>DESCUENTO<\/b> \ud83d\udfe5 #Publicidad #Amazon #16<\/p>\n<p>\ud83d\udd34 <b>Silla Ergon\u00f3mica <\/b><\/p>\n<p>\u2705 <b>AHORA 63.99 \u20ac<\/b> \u2714\ufe0f\ud83d\udfe1<\/p>\n<p>\u274c Antes 79.99 \u20ac<\/p>\n<p>\ud83d\uded2: <a href=\"https:\/\/btz.es\/5tgirdh\" target=\"_blank\" rel=\"nofollow noopener\">https:\/\/btz.es\/5tgirdh<\/a><\/p>\n<p>Descubre la comodidad excepcional con nuestra Silla Ergon\u00f3mica, dise\u00f1ada para brindar soporte \u00f3ptimo y mejorar tu postura durante largas horas de trabajo o estudio. Fabricada con materiales de alta calidad y un dise\u00f1o moderno, esta silla es perfecta para oficinas y espacios de trabajo en casa. Optimiza tu bienestar y productividad con una silla que combina funcionalidad y estilo, ajustable a tus necesidades. \u00a1Eleva tu experiencia de sentado con una silla ergon\u00f3mica que cuida de tu salud y estilo de vida!<\/p>\n<\/p><\/div>\n","protected":false},"excerpt":{"rendered":"<p>\ud83d\udfe5 DESCUENTO \ud83d\udfe5 #Publicidad #Amazon #16 \ud83d\udd34 Silla Ergon\u00f3mica \u2705 AHORA 63.99 \u20ac \u2714\ufe0f\ud83d\udfe1 \u274c Antes 79.99 \u20ac \ud83d\uded2: https:\/\/btz.es\/5tgirdh Descubre la comodidad excepcional con nuestra Silla Ergon\u00f3mica, dise\u00f1ada para brindar soporte \u00f3ptimo y mejorar tu postura durante largas horas de trabajo o estudio. Fabricada con materiales de alta calidad y un dise\u00f1o moderno, esta [&hellip;]<\/p>\n","protected":false},"featured_media":13275,"template":"","meta":{"_gspb_post_css":""},"store":[],"product_brand":[],"product_cat":[16],"product_tag":[],"class_list":{"0":"post-13276","1":"product","2":"type-product","3":"status-publish","4":"has-post-thumbnail","6":"product_cat-sin-categorizar","8":"first","9":"instock","10":"sale","11":"shipping-taxable","12":"product-type-external"},"jetpack_sharing_enabled":true,"_links":{"self":[{"href":"https:\/\/ofertacular.com\/index.php\/wp-json\/wp\/v2\/product\/13276","targetHints":{"allow":["GET"]}}],"collection":[{"href":"https:\/\/ofertacular.com\/index.php\/wp-json\/wp\/v2\/product"}],"about":[{"href":"https:\/\/ofertacular.com\/index.php\/wp-json\/wp\/v2\/types\/product"}],"wp:featuredmedia":[{"embeddable":true,"href":"https:\/\/ofertacular.com\/index.php\/wp-json\/wp\/v2\/media\/13275"}],"wp:attachment":[{"href":"https:\/\/ofertacular.com\/index.php\/wp-json\/wp\/v2\/media?parent=13276"}],"wp:term":[{"taxonomy":"store","embeddable":true,"href":"https:\/\/ofertacular.com\/index.php\/wp-json\/wp\/v2\/store?post=13276"},{"taxonomy":"product_brand","embeddable":true,"href":"https:\/\/ofertacular.com\/index.php\/wp-json\/wp\/v2\/product_brand?post=13276"},{"taxonomy":"product_cat","embeddable":true,"href":"https:\/\/ofertacular.com\/index.php\/wp-json\/wp\/v2\/product_cat?post=13276"},{"taxonomy":"product_tag","embeddable":true,"href":"https:\/\/ofertacular.com\/index.php\/wp-json\/wp\/v2\/product_tag?post=13276"}],"curies":[{"name":"wp","href":"https:\/\/api.w.org\/{rel}","templated":true}]}}