{"id":13278,"date":"2026-05-09T07:35:26","date_gmt":"2026-05-09T05:35:26","guid":{"rendered":"https:\/\/ofertacular.com\/index.php\/producto\/pistola-masaje-5\/"},"modified":"2026-05-09T07:35:26","modified_gmt":"2026-05-09T05:35:26","slug":"pistola-masaje-5","status":"publish","type":"product","link":"https:\/\/ofertacular.com\/index.php\/producto\/pistola-masaje-5\/","title":{"rendered":"Pistola Masaje"},"content":{"rendered":"<div class=\"oferta-container\">\n<p>\ud83d\udfe5 <b>\u00a1NO TE LA PIERDAS!<\/b> \ud83d\udfe5 #Publicidad #Amazon #16<\/p>\n<p>\ud83d\udd34 <b>Pistola Masaje <\/b><\/p>\n<p>\u2705 <b>AHORA 36.83 \u20ac<\/b> \u2714\ufe0f\ud83d\udfe1<\/p>\n<p>\u274c Antes 59.99 \u20ac<\/p>\n<p>\ud83d\uded2: <a href=\"https:\/\/btz.es\/5tgknSo\" target=\"_blank\" rel=\"nofollow noopener\">https:\/\/btz.es\/5tgknSo<\/a><\/p>\n<p>Descubre el poder de la pistola de masaje para aliviar tensiones musculares y mejorar tu recuperaci\u00f3n. Esta herramienta de terapia profunda est\u00e1 dise\u00f1ada para liberar el estr\u00e9s acumulado, aumentar la circulaci\u00f3n sangu\u00ednea y acelerar la reparaci\u00f3n muscular. Ideal para deportistas, profesionales y cualquier persona que busque bienestar f\u00edsico, nuestra pistola de masaje ofrece m\u00faltiples niveles de intensidad y cabezales intercambiables para una experiencia personalizada. Mejora tu rendimiento y bienestar con tecnolog\u00eda avanzada y dise\u00f1o ergon\u00f3mico.<\/p>\n<\/p><\/div>\n","protected":false},"excerpt":{"rendered":"<p>\ud83d\udfe5 \u00a1NO TE LA PIERDAS! \ud83d\udfe5 #Publicidad #Amazon #16 \ud83d\udd34 Pistola Masaje \u2705 AHORA 36.83 \u20ac \u2714\ufe0f\ud83d\udfe1 \u274c Antes 59.99 \u20ac \ud83d\uded2: https:\/\/btz.es\/5tgknSo Descubre el poder de la pistola de masaje para aliviar tensiones musculares y mejorar tu recuperaci\u00f3n. Esta herramienta de terapia profunda est\u00e1 dise\u00f1ada para liberar el estr\u00e9s acumulado, aumentar la circulaci\u00f3n sangu\u00ednea [&hellip;]<\/p>\n","protected":false},"featured_media":13277,"template":"","meta":{"_gspb_post_css":""},"store":[],"product_brand":[],"product_cat":[16],"product_tag":[],"class_list":{"0":"post-13278","1":"product","2":"type-product","3":"status-publish","4":"has-post-thumbnail","6":"product_cat-sin-categorizar","8":"first","9":"instock","10":"sale","11":"shipping-taxable","12":"product-type-external"},"jetpack_sharing_enabled":true,"_links":{"self":[{"href":"https:\/\/ofertacular.com\/index.php\/wp-json\/wp\/v2\/product\/13278","targetHints":{"allow":["GET"]}}],"collection":[{"href":"https:\/\/ofertacular.com\/index.php\/wp-json\/wp\/v2\/product"}],"about":[{"href":"https:\/\/ofertacular.com\/index.php\/wp-json\/wp\/v2\/types\/product"}],"wp:featuredmedia":[{"embeddable":true,"href":"https:\/\/ofertacular.com\/index.php\/wp-json\/wp\/v2\/media\/13277"}],"wp:attachment":[{"href":"https:\/\/ofertacular.com\/index.php\/wp-json\/wp\/v2\/media?parent=13278"}],"wp:term":[{"taxonomy":"store","embeddable":true,"href":"https:\/\/ofertacular.com\/index.php\/wp-json\/wp\/v2\/store?post=13278"},{"taxonomy":"product_brand","embeddable":true,"href":"https:\/\/ofertacular.com\/index.php\/wp-json\/wp\/v2\/product_brand?post=13278"},{"taxonomy":"product_cat","embeddable":true,"href":"https:\/\/ofertacular.com\/index.php\/wp-json\/wp\/v2\/product_cat?post=13278"},{"taxonomy":"product_tag","embeddable":true,"href":"https:\/\/ofertacular.com\/index.php\/wp-json\/wp\/v2\/product_tag?post=13278"}],"curies":[{"name":"wp","href":"https:\/\/api.w.org\/{rel}","templated":true}]}}