{"id":13310,"date":"2026-05-11T08:42:03","date_gmt":"2026-05-11T06:42:03","guid":{"rendered":"https:\/\/ofertacular.com\/index.php\/producto\/bastion-funko\/"},"modified":"2026-05-11T08:42:03","modified_gmt":"2026-05-11T06:42:03","slug":"bastion-funko","status":"publish","type":"product","link":"https:\/\/ofertacular.com\/index.php\/producto\/bastion-funko\/","title":{"rendered":"Bastion Funko"},"content":{"rendered":"<div class=\"oferta-container\">\ud83d\udfea <b>FUNKO PRECIO<\/b> \ud83d\udfea #Publicidad #Amazon\ud83d\udfe3 <b> Funko Overwatch Bastion Bot<\/b> \u2705 <b>AHORA 12.19 \u20ac<\/b> \u2714\ufe0f\ud83d\udfe1\u274c Antes 16.00 \u20ac \u20ac \ud83d\uded2: https:\/\/btz.es\/5tsicWD\ud83d\udfe2 Ofertacular.com<\/p>\n<p>Descubre el Funko Overwatch Bastion Bot, una pieza imprescindible para los fans de la popular franquicia de videojuegos. Este coleccionable destaca por su detallado dise\u00f1o que representa fielmente al ic\u00f3nico robot Bastion, convirti\u00e9ndolo en una adici\u00f3n perfecta para cualquier colecci\u00f3n de Funko POP! Ideal para coleccionistas y amantes de Overwatch, este Funko POP! se presenta como un regalo \u00fanico y exclusivo. Adem\u00e1s de su atractivo visual, este figure est\u00e1 fabricado con materiales de alta calidad, garantizando durabilidad y acabado premium. Si buscas expandir tu colecci\u00f3n con un art\u00edculo oficial de Overwatch, el Funko Overwatch Bastion Bot es la elecci\u00f3n perfecta que combina entretenimiento y valor de colecci\u00f3n.<\/p>\n<\/div>\n","protected":false},"excerpt":{"rendered":"<p>\ud83d\udfea FUNKO PRECIO \ud83d\udfea #Publicidad #Amazon\ud83d\udfe3 Funko Overwatch Bastion Bot \u2705 AHORA 12.19 \u20ac \u2714\ufe0f\ud83d\udfe1\u274c Antes 16.00 \u20ac \u20ac \ud83d\uded2: https:\/\/btz.es\/5tsicWD\ud83d\udfe2 Ofertacular.com Descubre el Funko Overwatch Bastion Bot, una pieza imprescindible para los fans de la popular franquicia de videojuegos. Este coleccionable destaca por su detallado dise\u00f1o que representa fielmente al ic\u00f3nico robot Bastion, convirti\u00e9ndolo [&hellip;]<\/p>\n","protected":false},"featured_media":13309,"template":"","meta":{"_gspb_post_css":""},"store":[],"product_brand":[],"product_cat":[16],"product_tag":[],"class_list":{"0":"post-13310","1":"product","2":"type-product","3":"status-publish","4":"has-post-thumbnail","6":"product_cat-sin-categorizar","8":"first","9":"instock","10":"sale","11":"shipping-taxable","12":"product-type-external"},"jetpack_sharing_enabled":true,"_links":{"self":[{"href":"https:\/\/ofertacular.com\/index.php\/wp-json\/wp\/v2\/product\/13310","targetHints":{"allow":["GET"]}}],"collection":[{"href":"https:\/\/ofertacular.com\/index.php\/wp-json\/wp\/v2\/product"}],"about":[{"href":"https:\/\/ofertacular.com\/index.php\/wp-json\/wp\/v2\/types\/product"}],"wp:featuredmedia":[{"embeddable":true,"href":"https:\/\/ofertacular.com\/index.php\/wp-json\/wp\/v2\/media\/13309"}],"wp:attachment":[{"href":"https:\/\/ofertacular.com\/index.php\/wp-json\/wp\/v2\/media?parent=13310"}],"wp:term":[{"taxonomy":"store","embeddable":true,"href":"https:\/\/ofertacular.com\/index.php\/wp-json\/wp\/v2\/store?post=13310"},{"taxonomy":"product_brand","embeddable":true,"href":"https:\/\/ofertacular.com\/index.php\/wp-json\/wp\/v2\/product_brand?post=13310"},{"taxonomy":"product_cat","embeddable":true,"href":"https:\/\/ofertacular.com\/index.php\/wp-json\/wp\/v2\/product_cat?post=13310"},{"taxonomy":"product_tag","embeddable":true,"href":"https:\/\/ofertacular.com\/index.php\/wp-json\/wp\/v2\/product_tag?post=13310"}],"curies":[{"name":"wp","href":"https:\/\/api.w.org\/{rel}","templated":true}]}}