{"id":13312,"date":"2026-05-11T10:25:23","date_gmt":"2026-05-11T08:25:23","guid":{"rendered":"https:\/\/ofertacular.com\/index.php\/producto\/lonsdale-t-shirt\/"},"modified":"2026-05-11T10:25:23","modified_gmt":"2026-05-11T08:25:23","slug":"lonsdale-t-shirt","status":"publish","type":"product","link":"https:\/\/ofertacular.com\/index.php\/producto\/lonsdale-t-shirt\/","title":{"rendered":"Lonsdale T-Shirt"},"content":{"rendered":"<div class=\"oferta-container\">\n<p>\ud83d\udfe5 <b>AHORRA AQU\u00cd<\/b> \ud83d\udfe5 #Publicidad #Amazon #16<\/p>\n<p>\ud83d\udd34 <b>Camiseta Lonsdale <\/b><\/p>\n<p>\u2705 <b>AHORA 15.79 \u20ac<\/b> \u2714\ufe0f\ud83d\udfe1<\/p>\n<p>\u274c Antes 19.90 \u20ac<\/p>\n<p>\ud83d\uded2: <a href=\"https:\/\/btz.es\/5ts8dAj\" target=\"_blank\" rel=\"nofollow noopener\">https:\/\/btz.es\/5ts8dAj<\/a><\/p>\n<p>Descubre la aut\u00e9ntica calidad y comodidad de la camiseta Lonsdale, dise\u00f1ada para ofrecer un estilo urbano y moderno. Ideal para cualquier ocasi\u00f3n, esta prenda confeccionada con materiales de alta durabilidad garantiza un ajuste perfecto y una sensaci\u00f3n fresca durante todo el d\u00eda. Perfecta para combinar con tus looks casuales y destacar con una marca reconocida mundialmente en ropa deportiva.<\/p>\n<\/p><\/div>\n","protected":false},"excerpt":{"rendered":"<p>\ud83d\udfe5 AHORRA AQU\u00cd \ud83d\udfe5 #Publicidad #Amazon #16 \ud83d\udd34 Camiseta Lonsdale \u2705 AHORA 15.79 \u20ac \u2714\ufe0f\ud83d\udfe1 \u274c Antes 19.90 \u20ac \ud83d\uded2: https:\/\/btz.es\/5ts8dAj Descubre la aut\u00e9ntica calidad y comodidad de la camiseta Lonsdale, dise\u00f1ada para ofrecer un estilo urbano y moderno. Ideal para cualquier ocasi\u00f3n, esta prenda confeccionada con materiales de alta durabilidad garantiza un ajuste perfecto [&hellip;]<\/p>\n","protected":false},"featured_media":13311,"template":"","meta":{"_gspb_post_css":""},"store":[],"product_brand":[],"product_cat":[16],"product_tag":[],"class_list":{"0":"post-13312","1":"product","2":"type-product","3":"status-publish","4":"has-post-thumbnail","6":"product_cat-sin-categorizar","8":"first","9":"instock","10":"sale","11":"shipping-taxable","12":"product-type-external"},"jetpack_sharing_enabled":true,"_links":{"self":[{"href":"https:\/\/ofertacular.com\/index.php\/wp-json\/wp\/v2\/product\/13312","targetHints":{"allow":["GET"]}}],"collection":[{"href":"https:\/\/ofertacular.com\/index.php\/wp-json\/wp\/v2\/product"}],"about":[{"href":"https:\/\/ofertacular.com\/index.php\/wp-json\/wp\/v2\/types\/product"}],"wp:featuredmedia":[{"embeddable":true,"href":"https:\/\/ofertacular.com\/index.php\/wp-json\/wp\/v2\/media\/13311"}],"wp:attachment":[{"href":"https:\/\/ofertacular.com\/index.php\/wp-json\/wp\/v2\/media?parent=13312"}],"wp:term":[{"taxonomy":"store","embeddable":true,"href":"https:\/\/ofertacular.com\/index.php\/wp-json\/wp\/v2\/store?post=13312"},{"taxonomy":"product_brand","embeddable":true,"href":"https:\/\/ofertacular.com\/index.php\/wp-json\/wp\/v2\/product_brand?post=13312"},{"taxonomy":"product_cat","embeddable":true,"href":"https:\/\/ofertacular.com\/index.php\/wp-json\/wp\/v2\/product_cat?post=13312"},{"taxonomy":"product_tag","embeddable":true,"href":"https:\/\/ofertacular.com\/index.php\/wp-json\/wp\/v2\/product_tag?post=13312"}],"curies":[{"name":"wp","href":"https:\/\/api.w.org\/{rel}","templated":true}]}}