{"id":13334,"date":"2026-05-12T08:00:45","date_gmt":"2026-05-12T06:00:45","guid":{"rendered":"https:\/\/ofertacular.com\/index.php\/producto\/revitalift-crema\/"},"modified":"2026-05-12T08:00:45","modified_gmt":"2026-05-12T06:00:45","slug":"revitalift-crema","status":"publish","type":"product","link":"https:\/\/ofertacular.com\/index.php\/producto\/revitalift-crema\/","title":{"rendered":"Revitalift Crema"},"content":{"rendered":"<div class=\"oferta-container\">\n<p>\ud83d\udfe5 <b>\u00a1APROVECHA!<\/b> \ud83d\udfe5 #Publicidad #Amazon #16<\/p>\n<p>\ud83d\udd34 <b>Crema Facial <\/b><\/p>\n<p>\u2705 <b>AHORA 9.31 \u20ac<\/b> \u2714\ufe0f\ud83d\udfe1<\/p>\n<p>\u274c Antes 22.90 \u20ac<\/p>\n<p>\ud83d\uded2: <a href=\"https:\/\/btz.es\/5txOkBG\" target=\"_blank\" rel=\"nofollow noopener\">https:\/\/btz.es\/5txOkBG<\/a><\/p>\n<p>Revitalift Crema es la soluci\u00f3n definitiva para el cuidado anti-edad de tu piel. Formulada por L&#8217;Or\u00e9al, esta crema hidrata profundamente, reduce visiblemente las arrugas y mejora la elasticidad, aportando un aspecto juvenil y radiante. Ideal para todo tipo de piel, su f\u00f3rmula avanzada combate los signos del envejecimiento, dejando la piel suave, firme y revitalizada. Conf\u00eda en Revitalift Crema para mantener tu piel fresca y luminosa cada d\u00eda.<\/p>\n<\/p><\/div>\n","protected":false},"excerpt":{"rendered":"<p>\ud83d\udfe5 \u00a1APROVECHA! \ud83d\udfe5 #Publicidad #Amazon #16 \ud83d\udd34 Crema Facial \u2705 AHORA 9.31 \u20ac \u2714\ufe0f\ud83d\udfe1 \u274c Antes 22.90 \u20ac \ud83d\uded2: https:\/\/btz.es\/5txOkBG Revitalift Crema es la soluci\u00f3n definitiva para el cuidado anti-edad de tu piel. Formulada por L&#8217;Or\u00e9al, esta crema hidrata profundamente, reduce visiblemente las arrugas y mejora la elasticidad, aportando un aspecto juvenil y radiante. Ideal [&hellip;]<\/p>\n","protected":false},"featured_media":13333,"template":"","meta":{"_gspb_post_css":""},"store":[],"product_brand":[],"product_cat":[16],"product_tag":[],"class_list":{"0":"post-13334","1":"product","2":"type-product","3":"status-publish","4":"has-post-thumbnail","6":"product_cat-sin-categorizar","8":"first","9":"instock","10":"sale","11":"shipping-taxable","12":"product-type-external"},"jetpack_sharing_enabled":true,"_links":{"self":[{"href":"https:\/\/ofertacular.com\/index.php\/wp-json\/wp\/v2\/product\/13334","targetHints":{"allow":["GET"]}}],"collection":[{"href":"https:\/\/ofertacular.com\/index.php\/wp-json\/wp\/v2\/product"}],"about":[{"href":"https:\/\/ofertacular.com\/index.php\/wp-json\/wp\/v2\/types\/product"}],"wp:featuredmedia":[{"embeddable":true,"href":"https:\/\/ofertacular.com\/index.php\/wp-json\/wp\/v2\/media\/13333"}],"wp:attachment":[{"href":"https:\/\/ofertacular.com\/index.php\/wp-json\/wp\/v2\/media?parent=13334"}],"wp:term":[{"taxonomy":"store","embeddable":true,"href":"https:\/\/ofertacular.com\/index.php\/wp-json\/wp\/v2\/store?post=13334"},{"taxonomy":"product_brand","embeddable":true,"href":"https:\/\/ofertacular.com\/index.php\/wp-json\/wp\/v2\/product_brand?post=13334"},{"taxonomy":"product_cat","embeddable":true,"href":"https:\/\/ofertacular.com\/index.php\/wp-json\/wp\/v2\/product_cat?post=13334"},{"taxonomy":"product_tag","embeddable":true,"href":"https:\/\/ofertacular.com\/index.php\/wp-json\/wp\/v2\/product_tag?post=13334"}],"curies":[{"name":"wp","href":"https:\/\/api.w.org\/{rel}","templated":true}]}}