{"id":13336,"date":"2026-05-12T08:13:33","date_gmt":"2026-05-12T06:13:33","guid":{"rendered":"https:\/\/ofertacular.com\/index.php\/producto\/jack-jones-polo-2\/"},"modified":"2026-05-12T08:13:33","modified_gmt":"2026-05-12T06:13:33","slug":"jack-jones-polo-2","status":"publish","type":"product","link":"https:\/\/ofertacular.com\/index.php\/producto\/jack-jones-polo-2\/","title":{"rendered":"JACK &amp; JONES Polo"},"content":{"rendered":"<div class=\"oferta-container\">\n<p>\ud83d\udfe5 <b>DESCUENTO<\/b> \ud83d\udfe5 #Publicidad #Amazon #16<\/p>\n<p>\ud83d\udd34 <b>Polo Hombre <\/b><\/p>\n<p>\u2705 <b>AHORA 19.59 \u20ac<\/b> \u2714\ufe0f\ud83d\udfe1<\/p>\n<p>\u274c Antes 22.59 \u20ac<\/p>\n<p>\ud83d\uded2: <a href=\"https:\/\/btz.es\/5txRyI8\" target=\"_blank\" rel=\"nofollow noopener\">https:\/\/btz.es\/5txRyI8<\/a><\/p>\n<p>Descubre el Polo Hombre de la marca l\u00edder JACK &amp; JONES, dise\u00f1ado para ofrecer comodidad y estilo en cualquier ocasi\u00f3n. Este polo combina calidad y moda, perfecto para un look casual y sofisticado. Confeccionado con materiales premium, garantiza durabilidad y un ajuste excepcional. Aprovecha este imprescindible en tu guardarropa que resalta tu personalidad y elegancia.<\/p>\n<\/p><\/div>\n","protected":false},"excerpt":{"rendered":"<p>\ud83d\udfe5 DESCUENTO \ud83d\udfe5 #Publicidad #Amazon #16 \ud83d\udd34 Polo Hombre \u2705 AHORA 19.59 \u20ac \u2714\ufe0f\ud83d\udfe1 \u274c Antes 22.59 \u20ac \ud83d\uded2: https:\/\/btz.es\/5txRyI8 Descubre el Polo Hombre de la marca l\u00edder JACK &amp; JONES, dise\u00f1ado para ofrecer comodidad y estilo en cualquier ocasi\u00f3n. Este polo combina calidad y moda, perfecto para un look casual y sofisticado. Confeccionado con [&hellip;]<\/p>\n","protected":false},"featured_media":13335,"template":"","meta":{"_gspb_post_css":""},"store":[],"product_brand":[],"product_cat":[16],"product_tag":[],"class_list":{"0":"post-13336","1":"product","2":"type-product","3":"status-publish","4":"has-post-thumbnail","6":"product_cat-sin-categorizar","8":"first","9":"instock","10":"sale","11":"shipping-taxable","12":"product-type-external"},"jetpack_sharing_enabled":true,"_links":{"self":[{"href":"https:\/\/ofertacular.com\/index.php\/wp-json\/wp\/v2\/product\/13336","targetHints":{"allow":["GET"]}}],"collection":[{"href":"https:\/\/ofertacular.com\/index.php\/wp-json\/wp\/v2\/product"}],"about":[{"href":"https:\/\/ofertacular.com\/index.php\/wp-json\/wp\/v2\/types\/product"}],"wp:featuredmedia":[{"embeddable":true,"href":"https:\/\/ofertacular.com\/index.php\/wp-json\/wp\/v2\/media\/13335"}],"wp:attachment":[{"href":"https:\/\/ofertacular.com\/index.php\/wp-json\/wp\/v2\/media?parent=13336"}],"wp:term":[{"taxonomy":"store","embeddable":true,"href":"https:\/\/ofertacular.com\/index.php\/wp-json\/wp\/v2\/store?post=13336"},{"taxonomy":"product_brand","embeddable":true,"href":"https:\/\/ofertacular.com\/index.php\/wp-json\/wp\/v2\/product_brand?post=13336"},{"taxonomy":"product_cat","embeddable":true,"href":"https:\/\/ofertacular.com\/index.php\/wp-json\/wp\/v2\/product_cat?post=13336"},{"taxonomy":"product_tag","embeddable":true,"href":"https:\/\/ofertacular.com\/index.php\/wp-json\/wp\/v2\/product_tag?post=13336"}],"curies":[{"name":"wp","href":"https:\/\/api.w.org\/{rel}","templated":true}]}}